{"id":5262,"date":"2024-09-11T02:21:36","date_gmt":"2024-09-11T02:21:36","guid":{"rendered":"https:\/\/magicgamesbolivia.com\/?post_type=product&#038;p=5262"},"modified":"2026-03-16T19:49:11","modified_gmt":"2026-03-16T19:49:11","slug":"dice-hospital","status":"publish","type":"product","link":"https:\/\/magicgamesbolivia.com\/index.php\/product\/dice-hospital\/","title":{"rendered":"Dice Hospital"},"content":{"rendered":"<p><b>Dice Hospital\u00a0<\/b>es un<strong>\u00a0juego de dados<\/strong>\u00a0de\u00a0<strong>colocaci\u00f3n de trabajadores<\/strong>, en donde los jugadores deber\u00e1n\u00a0<strong>tratar todos los pacientes<\/strong>\u00a0que puedan para\u00a0<strong>apaciguar a las autoridades locales<\/strong>.<\/p>\n<p>&nbsp;<\/p>\n<p>Tendr\u00e1s que\u00a0<strong>distribuir al personal del hospital<\/strong>\u00a0para tratar a los pacientes en tu tablero individual. Sin embargo, tambi\u00e9n deber\u00e1s\u00a0<strong>llamar a los especialistas<\/strong>\u00a0para poder reaccionar a algunas situaciones que surgen y que te permitir\u00e1n\u00a0<strong>ganar puntos extra<\/strong>\u00a0con las autoridades.<\/p>\n<p>Este juego ha sido dise\u00f1ado para ser\u00a0<strong>accesible a todos los tipos de jugadores<\/strong>, ya que la\u00a0<strong>simplicidad<\/strong>\u00a0de las elecciones permite a los jugadores casuales jugar de manera sencilla, pero la\u00a0<strong>capacidad de estrategia y planificaci\u00f3n<\/strong>\u00a0de los jugadores m\u00e1s expertos les har\u00e1 explorar todas las posibilidades de victoria y competir con sus oponentes para lograr vencerles.<\/p>\n<p>Dice Hospital<strong><em>\u00a0<\/em>incluye losetas hexagonales isom\u00e9tricas<\/strong>\u00a0para las mejoras de habitaci\u00f3n, y\u00a0usa mec\u00e1nicas de colocaci\u00f3n de trabajadores para el personal,\u00a0<strong>dados para los pacientes<\/strong>\u00a0(donde puntuaciones bajas indican mala salud) y\u00a0<strong>tableros individuales de jugador<\/strong>, con acciones para tratar a tus pacientes. \u00a1El jugador con\u00a0<strong>m\u00e1s reputaci\u00f3n ganar\u00e1<\/strong>\u00a0la partida!<\/p>\n","protected":false},"excerpt":{"rendered":"<p><b>Dice Hospital\u00a0<\/b>es un<strong>\u00a0juego de dados<\/strong>\u00a0de\u00a0<strong>colocaci\u00f3n de trabajadores<\/strong>, en donde los jugadores deber\u00e1n\u00a0<strong>tratar todos los pacientes<\/strong>\u00a0que puedan para\u00a0<strong>apaciguar a las autoridades locales<\/strong>.<\/p>\n<div class=\"box_features\">\n<div class=\"iconfeature\"><img decoding=\"async\" class=\"\" title=\"N\u00famero de jugadores: De 1 a 4 jugadores\" src=\"https:\/\/juegosdelamesaredonda.com\/img\/caracteristicas\/9.svg\" alt=\"N\u00famero de jugadores: De 1 a 4 jugadores\" \/> <span class=\"name\">N\u00famero de jugadores:<\/span><span class=\"value\">De 1 a 4 jugadores<\/span><\/div>\n<\/div>\n<div class=\"box_features\">\n<div class=\"iconfeature\"><img decoding=\"async\" class=\"\" title=\"Duraci\u00f3n aproximada del juego: 75 minutos\" src=\"https:\/\/juegosdelamesaredonda.com\/img\/caracteristicas\/7.svg\" alt=\"Duraci\u00f3n aproximada del juego: 75 minutos\" \/> <span class=\"name\">Duraci\u00f3n aproximada:<\/span><span class=\"value\">75 minutos<\/span><\/div>\n<\/div>\n<div class=\"box_features\">\n<div class=\"iconfeature\"><img decoding=\"async\" class=\"\" title=\"Edad m\u00ednima recomendada: 10 a\u00f1os\" src=\"https:\/\/juegosdelamesaredonda.com\/img\/caracteristicas\/10.svg\" alt=\"Edad m\u00ednima recomendada: 10 a\u00f1os\" \/> <span class=\"name\">Edad m\u00ednima:<\/span><span class=\"value\">10 a\u00f1os<\/span><\/div>\n<\/div>\n<div class=\"box_features\">\n<div class=\"iconfeature\"><img decoding=\"async\" class=\"\" title=\"Tipo: Juego de Dados\" src=\"https:\/\/juegosdelamesaredonda.com\/img\/caracteristicas\/11.svg\" alt=\"Tipo: Juego de Dados\" \/> <span class=\"name\">Tipo:<\/span><span class=\"value\">Juego de Dados<\/span><\/div>\n<\/div>\n<div class=\"box_features\">\n<div class=\"iconfeature\"><img decoding=\"async\" class=\"\" title=\"G\u00e9nero: Estrategia\" src=\"https:\/\/juegosdelamesaredonda.com\/img\/caracteristicas\/12.svg\" alt=\"G\u00e9nero: Estrategia\" \/> <span class=\"name\">G\u00e9nero:<\/span><span class=\"value\">Estrategia<\/span><\/div>\n<\/div>\n<div class=\"box_features\">\n<div class=\"iconfeature\"><img decoding=\"async\" class=\"\" title=\"Idioma: Espa\u00f1ol\" src=\"https:\/\/juegosdelamesaredonda.com\/img\/caracteristicas\/14.svg\" alt=\"Idioma: Espa\u00f1ol\" \/> <span class=\"name\">Idioma:<\/span><span class=\"value\">Espa\u00f1ol<\/span><\/div>\n<\/div>\n<div class=\"box_features\">\n<div class=\"iconfeature\"><img decoding=\"async\" class=\"\" title=\"Marca: Maldito Games\" src=\"https:\/\/juegosdelamesaredonda.com\/img\/caracteristicas\/13.svg\" alt=\"Marca: Maldito Games\" \/> <span class=\"name\">Marca:<\/span><span class=\"value\">Maldito Games<\/span><\/div>\n<\/div>\n","protected":false},"featured_media":5263,"comment_status":"open","ping_status":"closed","template":"","meta":{"_themeisle_gutenberg_block_has_review":false},"product_brand":[],"product_cat":[29,93],"product_tag":[878,155,197],"class_list":{"0":"post-5262","1":"product","2":"type-product","3":"status-publish","4":"has-post-thumbnail","6":"product_cat-juegos-de-mesa","7":"product_cat-maldito-games","8":"product_tag-dicehospital","9":"product_tag-juegosdemesa","10":"product_tag-malditogames","12":"first","13":"instock","14":"shipping-taxable","15":"purchasable","16":"product-type-simple"},"_links":{"self":[{"href":"https:\/\/magicgamesbolivia.com\/index.php\/wp-json\/wp\/v2\/product\/5262","targetHints":{"allow":["GET"]}}],"collection":[{"href":"https:\/\/magicgamesbolivia.com\/index.php\/wp-json\/wp\/v2\/product"}],"about":[{"href":"https:\/\/magicgamesbolivia.com\/index.php\/wp-json\/wp\/v2\/types\/product"}],"replies":[{"embeddable":true,"href":"https:\/\/magicgamesbolivia.com\/index.php\/wp-json\/wp\/v2\/comments?post=5262"}],"version-history":[{"count":1,"href":"https:\/\/magicgamesbolivia.com\/index.php\/wp-json\/wp\/v2\/product\/5262\/revisions"}],"predecessor-version":[{"id":5264,"href":"https:\/\/magicgamesbolivia.com\/index.php\/wp-json\/wp\/v2\/product\/5262\/revisions\/5264"}],"wp:featuredmedia":[{"embeddable":true,"href":"https:\/\/magicgamesbolivia.com\/index.php\/wp-json\/wp\/v2\/media\/5263"}],"wp:attachment":[{"href":"https:\/\/magicgamesbolivia.com\/index.php\/wp-json\/wp\/v2\/media?parent=5262"}],"wp:term":[{"taxonomy":"product_brand","embeddable":true,"href":"https:\/\/magicgamesbolivia.com\/index.php\/wp-json\/wp\/v2\/product_brand?post=5262"},{"taxonomy":"product_cat","embeddable":true,"href":"https:\/\/magicgamesbolivia.com\/index.php\/wp-json\/wp\/v2\/product_cat?post=5262"},{"taxonomy":"product_tag","embeddable":true,"href":"https:\/\/magicgamesbolivia.com\/index.php\/wp-json\/wp\/v2\/product_tag?post=5262"}],"curies":[{"name":"wp","href":"https:\/\/api.w.org\/{rel}","templated":true}]}}