{"id":5237,"date":"2024-07-03T23:14:45","date_gmt":"2024-07-03T23:14:45","guid":{"rendered":"https:\/\/magicgamesbolivia.com\/?post_type=product&#038;p=5237"},"modified":"2026-03-27T01:29:45","modified_gmt":"2026-03-27T01:29:45","slug":"telestrations-espanol","status":"publish","type":"product","link":"https:\/\/magicgamesbolivia.com\/index.php\/product\/telestrations-espanol\/","title":{"rendered":"Telestrations (Espa\u00f1ol)"},"content":{"rendered":"<p>\u00a1El juego para fiestas de dibujar, pasar y adivinar donde reir\u00e1s a carcajadas! Dibuja lo que ves y luego adivina lo que viste. Todos los jugadores simult\u00e1neamente dibujan, pasan, adivinan y r\u00eden para revelar resultados hilarantes e impredecibles. Contenido: &#8211; M\u00e1s de 1700 palabras &#8211; 8 rotuladores &#8211; 8 borradores &#8211; 8 cuadernos de dibujo reutilizables &#8211; Reloj de arena de 60 segundos &#8211; Reglamento &#8211; 1 dado<\/p>\n","protected":false},"excerpt":{"rendered":"<div class=\"col d-flex center px-4 py-2\">Espa\u00f1ol<\/div>\n<div class=\"col d-flex center px-4 py-2\"><i class=\"mr-3 fa fa-hourglass-half\"><\/i>30 Minutos<\/div>\n<div class=\"col d-flex center px-4 py-2\"><i class=\"mr-3 fa fa-users\"><\/i>De 4 a 8<\/div>\n","protected":false},"featured_media":5241,"comment_status":"open","ping_status":"closed","template":"","meta":{"_themeisle_gutenberg_block_has_review":false},"product_brand":[],"product_cat":[123,29],"product_tag":[155,434,873],"class_list":{"0":"post-5237","1":"product","2":"type-product","3":"status-publish","4":"has-post-thumbnail","6":"product_cat-otros-juegos","7":"product_cat-juegos-de-mesa","8":"product_tag-juegosdemesa","9":"product_tag-party","10":"product_tag-telestrations","12":"first","13":"instock","14":"shipping-taxable","15":"purchasable","16":"product-type-simple"},"_links":{"self":[{"href":"https:\/\/magicgamesbolivia.com\/index.php\/wp-json\/wp\/v2\/product\/5237","targetHints":{"allow":["GET"]}}],"collection":[{"href":"https:\/\/magicgamesbolivia.com\/index.php\/wp-json\/wp\/v2\/product"}],"about":[{"href":"https:\/\/magicgamesbolivia.com\/index.php\/wp-json\/wp\/v2\/types\/product"}],"replies":[{"embeddable":true,"href":"https:\/\/magicgamesbolivia.com\/index.php\/wp-json\/wp\/v2\/comments?post=5237"}],"version-history":[{"count":1,"href":"https:\/\/magicgamesbolivia.com\/index.php\/wp-json\/wp\/v2\/product\/5237\/revisions"}],"predecessor-version":[{"id":5242,"href":"https:\/\/magicgamesbolivia.com\/index.php\/wp-json\/wp\/v2\/product\/5237\/revisions\/5242"}],"wp:featuredmedia":[{"embeddable":true,"href":"https:\/\/magicgamesbolivia.com\/index.php\/wp-json\/wp\/v2\/media\/5241"}],"wp:attachment":[{"href":"https:\/\/magicgamesbolivia.com\/index.php\/wp-json\/wp\/v2\/media?parent=5237"}],"wp:term":[{"taxonomy":"product_brand","embeddable":true,"href":"https:\/\/magicgamesbolivia.com\/index.php\/wp-json\/wp\/v2\/product_brand?post=5237"},{"taxonomy":"product_cat","embeddable":true,"href":"https:\/\/magicgamesbolivia.com\/index.php\/wp-json\/wp\/v2\/product_cat?post=5237"},{"taxonomy":"product_tag","embeddable":true,"href":"https:\/\/magicgamesbolivia.com\/index.php\/wp-json\/wp\/v2\/product_tag?post=5237"}],"curies":[{"name":"wp","href":"https:\/\/api.w.org\/{rel}","templated":true}]}}