{"id":5228,"date":"2024-06-13T22:08:30","date_gmt":"2024-06-13T22:08:30","guid":{"rendered":"https:\/\/magicgamesbolivia.com\/?post_type=product&#038;p=5228"},"modified":"2025-06-06T19:28:52","modified_gmt":"2025-06-06T19:28:52","slug":"king-of-monster-island","status":"publish","type":"product","link":"https:\/\/magicgamesbolivia.com\/index.php\/product\/king-of-monster-island\/","title":{"rendered":"King of Monster Island"},"content":{"rendered":"<p><strong>King of Monster Island<\/strong>\u00a0es un\u00a0<strong>juego de mesa cooperativo<\/strong>\u00a0creado por\u00a0<strong>Richard Garfield<\/strong>\u00a0(autor de\u00a0<strong>Magic: The Gathering, Mindbug<\/strong>\u00a0o\u00a0<strong>El Ansia<\/strong>) en el que los jugadores tomar\u00e1n las riendas de\u00a0<strong>monstruos<\/strong>\u00a0<strong>gigantes<\/strong>\u00a0que deben trabajar juntos para\u00a0<strong>derrotar<\/strong>\u00a0a un\u00a0<strong>jefe<\/strong>\u00a0<strong>tit\u00e1nico<\/strong>\u00a0antes de que\u00a0<strong>destruya<\/strong>\u00a0la\u00a0<strong>Tierra<\/strong>. Una nueva versi\u00f3n cooperativa para toda la familia que har\u00e1 las delicias de los\u00a0<strong>fans<\/strong>\u00a0del\u00a0<strong>King of Monster<\/strong>.<\/p>\n<p>\u00a1<strong>Monster<\/strong>\u00a0<strong>Island<\/strong>\u00a0est\u00e1 que arde! El\u00a0<strong>volc\u00e1n<\/strong>\u00a0ha entrado en una violenta\u00a0<strong>erupci\u00f3n<\/strong>\u00a0y\u00a0<strong>monstruos<\/strong>\u00a0de todo el mundo se est\u00e1n\u00a0<strong>reuniendo<\/strong>\u00a0en la\u00a0<strong>isla<\/strong>, \u00bfqu\u00e9 est\u00e1 pasando? \u00a1Ya ni siquiera pelean entre ellos! Parece que una amenaza mayor est\u00e1 al acecho\u2026 Algo lo suficientemente\u00a0<strong>grande<\/strong>\u00a0como para\u00a0<strong>amenazar<\/strong>\u00a0a todos los\u00a0<strong>monstruos<\/strong>\u00a0y hacerlos luchar juntos contra el mismo enemigo.<\/p>\n<p><strong>King of Monster Island<\/strong>\u00a0es un juego\u00a0<strong>totalmente<\/strong>\u00a0<strong>independiente<\/strong>. Lanza los\u00a0<strong>dados<\/strong>, elige sabiamente y evitar quedar eliminado. Todo ello mientras el\u00a0<strong>Jefe<\/strong>\u00a0y sus\u00a0<strong>s\u00fabditos<\/strong>\u00a0se\u00a0<strong>defienden<\/strong>\u00a0y tratan de construir las\u00a0<strong>columnas<\/strong>\u00a0de un\u00a0<strong>portal<\/strong>\u00a0<strong>dimensional<\/strong>.<\/p>\n<p>El juego incluye\u00a0<strong>3 Jefes diferentes<\/strong>, cada uno con\u00a0<strong>dos<\/strong>\u00a0<strong>niveles<\/strong>\u00a0de dificultad. \u00a1<strong>Adapta<\/strong>\u00a0cada\u00a0<strong>partida<\/strong>\u00a0a tu\u00a0<strong>grupo<\/strong>\u00a0de juego! Una vez decidido el\u00a0<strong>Jefe<\/strong>\u00a0contra el que luchar\u00e9is,\u00a0<strong>elegid<\/strong>\u00a0vuestros propios\u00a0<strong>monstruos<\/strong>\u00a0y preparaos para la batalla. En cada turno, los jugadores\u00a0<strong>tirar\u00e1n<\/strong>\u00a0<strong>6<\/strong>\u00a0<strong>dados<\/strong>\u00a0<strong>verdes<\/strong>\u00a0un m\u00e1ximo de 3 veces. Con los resultados obtenidos, podr\u00e1n moverse, atacar, curarse a ellos mismos, ganar energ\u00eda, conseguir cartas, moverse por la isla, activar el apoyo de los humanos o ganar fama.<\/p>\n<p>\u00a1Pero cuidado! Tras cada\u00a0<strong>turno<\/strong>\u00a0de jugador, se\u00a0<strong>activar\u00e1<\/strong>\u00a0el\u00a0<strong>Jefe<\/strong>. En esta fase, los jugadores deber\u00e1n\u00a0<strong>lanzar<\/strong>\u00a0los\u00a0<strong>dados<\/strong>\u00a0<strong>rojos<\/strong>\u00a0por el volc\u00e1n y descubrir los\u00a0<strong>efectos<\/strong>\u00a0que provoca. Usando los resultados de los dados lanzados al volc\u00e1n, el Jefe se mover\u00e1, activar\u00e1 a sus secuaces y atacar\u00e1 a los monstruos cercanos. Su objetivo: permitir que sus\u00a0<strong>s\u00fabditos<\/strong>\u00a0<strong>instalen<\/strong>\u00a0los\u00a0<strong>tres<\/strong>\u00a0<strong>pilares<\/strong>\u00a0necesarios para\u00a0<strong>activar<\/strong>\u00a0el\u00a0<strong>portal<\/strong>. Los jugadores perder\u00e1n si se completan los pilares, pero tambi\u00e9n si alguno de ellos es debilitado o si aparecen todos los secuaces del Jefe.<\/p>\n<p>Los\u00a0<strong>fans<\/strong>\u00a0de la saga y los\u00a0<strong>amantes<\/strong>\u00a0de los juegos\u00a0<strong>cooperativos<\/strong>\u00a0no pod\u00e9is dejar escapar este t\u00edtulo. Con\u00a0<strong>distintos<\/strong>\u00a0<strong>niveles<\/strong>\u00a0de dificultad disponibles, podr\u00e9is adaptar la intensidad del reto. \u00a1<strong>Liberad<\/strong>\u00a0vuestro\u00a0<strong>lado<\/strong>\u00a0m\u00e1s\u00a0<strong>salvaje<\/strong>\u00a0y evitad la\u00a0<strong>destrucci\u00f3n<\/strong>\u00a0de la\u00a0<strong>Tierra<\/strong>!<\/p>\n","protected":false},"excerpt":{"rendered":"<p><strong>King of Monster Island<\/strong>\u00a0es un\u00a0<strong>juego de mesa cooperativo<\/strong>\u00a0creado por\u00a0<strong>Richard Garfield<\/strong>\u00a0(autor de\u00a0<strong>Magic: The Gathering, Mindbug<\/strong>\u00a0o\u00a0<strong>El Ansia<\/strong>) en el que los jugadores tomar\u00e1n las riendas de\u00a0<strong>monstruos<\/strong>\u00a0<strong>gigantes<\/strong>\u00a0que deben trabajar juntos para\u00a0<strong>derrotar<\/strong>\u00a0a un\u00a0<strong>jefe<\/strong>\u00a0<strong>tit\u00e1nico<\/strong>\u00a0antes de que\u00a0<strong>destruya<\/strong>\u00a0la\u00a0<strong>Tierra<\/strong>. Una nueva versi\u00f3n cooperativa para toda la familia que har\u00e1 las delicias de los\u00a0<strong>fans<\/strong>\u00a0del\u00a0<strong>King of Monster<\/strong>.<\/p>\n<div class=\"box_features\">\n<div class=\"iconfeature\"><img decoding=\"async\" class=\"\" title=\"N\u00famero de jugadores: De 1 a 5 jugadores\" src=\"https:\/\/juegosdelamesaredonda.com\/img\/caracteristicas\/9.svg\" alt=\"N\u00famero de jugadores: De 1 a 5 jugadores\" \/> <span class=\"name\">N\u00famero de jugadores:<\/span><span class=\"value\">De 1 a 5 jugadores<\/span><\/div>\n<\/div>\n<div class=\"box_features\">\n<div class=\"iconfeature\"><img decoding=\"async\" class=\"\" title=\"Duraci\u00f3n aproximada del juego: 50 minutos\" src=\"https:\/\/juegosdelamesaredonda.com\/img\/caracteristicas\/7.svg\" alt=\"Duraci\u00f3n aproximada del juego: 50 minutos\" \/> <span class=\"name\">Duraci\u00f3n aproximada:<\/span><span class=\"value\">50 minutos<\/span><\/div>\n<\/div>\n<div class=\"box_features\">\n<div class=\"iconfeature\"><img decoding=\"async\" class=\"\" title=\"Edad m\u00ednima recomendada: 10 a\u00f1os\" src=\"https:\/\/juegosdelamesaredonda.com\/img\/caracteristicas\/10.svg\" alt=\"Edad m\u00ednima recomendada: 10 a\u00f1os\" \/> <span class=\"name\">Edad m\u00ednima:<\/span><span class=\"value\">10 a\u00f1os<\/span><\/div>\n<\/div>\n<div class=\"box_features\">\n<div class=\"iconfeature\"><img decoding=\"async\" class=\"\" title=\"Tipo: Juego de tablero\" src=\"https:\/\/juegosdelamesaredonda.com\/img\/caracteristicas\/11.svg\" alt=\"Tipo: Juego de tablero\" \/> <span class=\"name\">Tipo:<\/span><span class=\"value\">Juego de tablero<\/span><\/div>\n<\/div>\n<div class=\"box_features\">\n<div class=\"iconfeature\"><img decoding=\"async\" class=\"\" title=\"G\u00e9nero: Familiar\" src=\"https:\/\/juegosdelamesaredonda.com\/img\/caracteristicas\/12.svg\" alt=\"G\u00e9nero: Familiar\" \/> <span class=\"name\">G\u00e9nero:<\/span><span class=\"value\">Familiar<\/span><\/div>\n<\/div>\n<div class=\"box_features\">\n<div class=\"iconfeature\"><img decoding=\"async\" class=\"\" title=\"Idioma: Espa\u00f1ol\" src=\"https:\/\/juegosdelamesaredonda.com\/img\/caracteristicas\/14.svg\" alt=\"Idioma: Espa\u00f1ol\" \/> <span class=\"name\">Idioma:<\/span><span class=\"value\">Espa\u00f1ol<\/span><\/div>\n<\/div>\n<div class=\"box_features\">\n<div class=\"iconfeature\"><img decoding=\"async\" class=\"\" title=\"Marca: Devir\" src=\"https:\/\/juegosdelamesaredonda.com\/img\/caracteristicas\/13.svg\" alt=\"Marca: Devir\" \/> <span class=\"name\">Marca:<\/span><span class=\"value\">Devir<\/span><\/div>\n<\/div>\n","protected":false},"featured_media":5229,"comment_status":"open","ping_status":"closed","template":"","meta":{"_themeisle_gutenberg_block_has_review":false},"product_brand":[],"product_cat":[29,30],"product_tag":[31,872,598],"class_list":{"0":"post-5228","1":"product","2":"type-product","3":"status-publish","4":"has-post-thumbnail","6":"product_cat-juegos-de-mesa","7":"product_cat-devir","8":"product_tag-devir","9":"product_tag-kingofmonsterisland","10":"product_tag-kingoftokyo","12":"first","13":"outofstock","14":"shipping-taxable","15":"purchasable","16":"product-type-simple"},"_links":{"self":[{"href":"https:\/\/magicgamesbolivia.com\/index.php\/wp-json\/wp\/v2\/product\/5228","targetHints":{"allow":["GET"]}}],"collection":[{"href":"https:\/\/magicgamesbolivia.com\/index.php\/wp-json\/wp\/v2\/product"}],"about":[{"href":"https:\/\/magicgamesbolivia.com\/index.php\/wp-json\/wp\/v2\/types\/product"}],"replies":[{"embeddable":true,"href":"https:\/\/magicgamesbolivia.com\/index.php\/wp-json\/wp\/v2\/comments?post=5228"}],"version-history":[{"count":1,"href":"https:\/\/magicgamesbolivia.com\/index.php\/wp-json\/wp\/v2\/product\/5228\/revisions"}],"predecessor-version":[{"id":5231,"href":"https:\/\/magicgamesbolivia.com\/index.php\/wp-json\/wp\/v2\/product\/5228\/revisions\/5231"}],"wp:featuredmedia":[{"embeddable":true,"href":"https:\/\/magicgamesbolivia.com\/index.php\/wp-json\/wp\/v2\/media\/5229"}],"wp:attachment":[{"href":"https:\/\/magicgamesbolivia.com\/index.php\/wp-json\/wp\/v2\/media?parent=5228"}],"wp:term":[{"taxonomy":"product_brand","embeddable":true,"href":"https:\/\/magicgamesbolivia.com\/index.php\/wp-json\/wp\/v2\/product_brand?post=5228"},{"taxonomy":"product_cat","embeddable":true,"href":"https:\/\/magicgamesbolivia.com\/index.php\/wp-json\/wp\/v2\/product_cat?post=5228"},{"taxonomy":"product_tag","embeddable":true,"href":"https:\/\/magicgamesbolivia.com\/index.php\/wp-json\/wp\/v2\/product_tag?post=5228"}],"curies":[{"name":"wp","href":"https:\/\/api.w.org\/{rel}","templated":true}]}}