{"id":5212,"date":"2024-05-31T21:34:47","date_gmt":"2024-05-31T21:34:47","guid":{"rendered":"https:\/\/magicgamesbolivia.com\/?post_type=product&#038;p=5212"},"modified":"2025-01-10T22:52:33","modified_gmt":"2025-01-10T22:52:33","slug":"carcassonne-colinas-y-ovejas","status":"publish","type":"product","link":"https:\/\/magicgamesbolivia.com\/index.php\/product\/carcassonne-colinas-y-ovejas\/","title":{"rendered":"Carcassonne Colinas Y Ovejas"},"content":{"rendered":"<p>En los prados junto a<strong>\u00a0Carcasona,<\/strong>\u00a0los\u00a0<strong>pastores<\/strong>\u00a0van reuniendo sus ovejas pacientemente hasta juntar todo el reba\u00f1o. Pero deber\u00e1n andarse con ojo, no sea que aparezca un\u00a0<strong>lobo<\/strong>\u00a0antes de haber conducido a los animales hasta el corral.<\/p>\n<p>Adem\u00e1s, desde las\u00a0<strong>colinas<\/strong>\u00a0podr\u00e1s decantar unos cuantos puntos a tu favor. Y por si fuera poco, los\u00a0<strong>monjes<\/strong>\u00a0estar\u00e1n encantados de tener alg\u00fan que otro vi\u00f1edo cerca de su monasterio.<\/p>\n<p><strong>Carcassonne Colinas y Ovejas<\/strong>\u00a0es la octava expansi\u00f3n para\u00a0<a href=\"http:\/\/juegosdelamesaredonda.com\/70-carcassonne.html\" target=\"_blank\" rel=\"noreferrer noopener\"><strong>Carcassonne<\/strong><\/a>\u00a0que incorpora piezas de\u00a0<strong>pastores<\/strong>\u00a0como nuevo tipo de personaje y piezas de\u00a0<strong>colinas y ovejas,<\/strong>\u00a0cuyos reba\u00f1os dar\u00e1n puntos extra a los jugadores, eso s\u00ed, siempre y cuando tengan cuidado con los\u00a0<strong>lobos<\/strong>\u00a0que merodean por los alrededores.\u00a0<strong>\u00a1Tendr\u00e1s que planificar e intentar preveer cuando aparecer\u00e1 el lobo para no quedarte sin tu reba\u00f1o!<\/strong><\/p>\n<p><strong>Carcassonne Colinas y Ovejas<\/strong>\u00a0es una expansi\u00f3n. Requiere el juego b\u00e1sico\u00a0<a href=\"http:\/\/juegosdelamesaredonda.com\/70-carcassonne.html\" target=\"_blank\" rel=\"noreferrer noopener\"><strong>Carcassonne<\/strong><\/a>\u00a0para poder jugar.<\/p>\n","protected":false},"excerpt":{"rendered":"<p><strong>Carcassonne Colinas y Ovejas<\/strong>\u00a0es la octava expansi\u00f3n para\u00a0<a href=\"http:\/\/juegosdelamesaredonda.com\/70-carcassonne.html\" target=\"_blank\" rel=\"noreferrer noopener\"><strong>Carcassonne<\/strong><\/a>\u00a0que incorpora piezas de\u00a0<strong>pastores<\/strong>\u00a0como nuevo tipo de personaje y piezas de\u00a0<strong>colinas y ovejas,<\/strong>\u00a0cuyos reba\u00f1os dar\u00e1n puntos extra a los jugadores, eso s\u00ed, siempre y cuando tengan cuidado con los\u00a0<strong>lobos<\/strong>\u00a0que merodean por los alrededores.<\/p>\n<div class=\"box_features\">\n<div class=\"iconfeature\"><img decoding=\"async\" class=\"\" title=\"N\u00famero de jugadores: De 2 a 6 jugadores\" src=\"https:\/\/juegosdelamesaredonda.com\/img\/caracteristicas\/9.svg\" alt=\"N\u00famero de jugadores: De 2 a 6 jugadores\" \/> <span class=\"name\">N\u00famero de jugadores:<\/span><span class=\"value\">De 2 a 6 jugadores<\/span><\/div>\n<\/div>\n<div class=\"box_features\">\n<div class=\"iconfeature\"><img decoding=\"async\" class=\"\" title=\"Duraci\u00f3n aproximada del juego: 45 minutos\" src=\"https:\/\/juegosdelamesaredonda.com\/img\/caracteristicas\/7.svg\" alt=\"Duraci\u00f3n aproximada del juego: 45 minutos\" \/> <span class=\"name\">Duraci\u00f3n aproximada:<\/span><span class=\"value\">45 minutos<\/span><\/div>\n<\/div>\n<div class=\"box_features\">\n<div class=\"iconfeature\"><img decoding=\"async\" class=\"\" title=\"Edad m\u00ednima recomendada: 10 a\u00f1os\" src=\"https:\/\/juegosdelamesaredonda.com\/img\/caracteristicas\/10.svg\" alt=\"Edad m\u00ednima recomendada: 10 a\u00f1os\" \/> <span class=\"name\">Edad m\u00ednima:<\/span><span class=\"value\">10 a\u00f1os<\/span><\/div>\n<\/div>\n<div class=\"box_features\">\n<div class=\"iconfeature\"><img decoding=\"async\" class=\"\" title=\"Tipo: Expansiones de Juegos\" src=\"https:\/\/juegosdelamesaredonda.com\/img\/caracteristicas\/11.svg\" alt=\"Tipo: Expansiones de Juegos\" \/> <span class=\"name\">Tipo:<\/span><span class=\"value\">Expansiones de Juegos<\/span><\/div>\n<\/div>\n<div class=\"box_features\">\n<div class=\"iconfeature\"><img decoding=\"async\" class=\"\" title=\"G\u00e9nero: Familiar\" src=\"https:\/\/juegosdelamesaredonda.com\/img\/caracteristicas\/12.svg\" alt=\"G\u00e9nero: Familiar\" \/> <span class=\"name\">G\u00e9nero:<\/span><span class=\"value\">Familiar<\/span><\/div>\n<\/div>\n<div class=\"box_features\">\n<div class=\"iconfeature\"><img decoding=\"async\" class=\"\" title=\"Idioma: Espa\u00f1ol\" src=\"https:\/\/juegosdelamesaredonda.com\/img\/caracteristicas\/14.svg\" alt=\"Idioma: Espa\u00f1ol\" \/> <span class=\"name\">Idioma:<\/span><span class=\"value\">Espa\u00f1ol<\/span><\/div>\n<\/div>\n<div class=\"box_features\">\n<div class=\"iconfeature\"><img decoding=\"async\" class=\"\" title=\"Marca: Devir\" src=\"https:\/\/juegosdelamesaredonda.com\/img\/caracteristicas\/13.svg\" alt=\"Marca: Devir\" \/> <span class=\"name\">Marca:<\/span><span class=\"value\">Devir<\/span><\/div>\n<\/div>\n","protected":false},"featured_media":5213,"comment_status":"open","ping_status":"closed","template":"","meta":{"_themeisle_gutenberg_block_has_review":false},"product_brand":[],"product_cat":[29,30],"product_tag":[60,31,288,155],"class_list":{"0":"post-5212","1":"product","2":"type-product","3":"status-publish","4":"has-post-thumbnail","6":"product_cat-juegos-de-mesa","7":"product_cat-devir","8":"product_tag-carcassonne","9":"product_tag-devir","10":"product_tag-expansion","11":"product_tag-juegosdemesa","13":"first","14":"outofstock","15":"shipping-taxable","16":"purchasable","17":"product-type-simple"},"_links":{"self":[{"href":"https:\/\/magicgamesbolivia.com\/index.php\/wp-json\/wp\/v2\/product\/5212","targetHints":{"allow":["GET"]}}],"collection":[{"href":"https:\/\/magicgamesbolivia.com\/index.php\/wp-json\/wp\/v2\/product"}],"about":[{"href":"https:\/\/magicgamesbolivia.com\/index.php\/wp-json\/wp\/v2\/types\/product"}],"replies":[{"embeddable":true,"href":"https:\/\/magicgamesbolivia.com\/index.php\/wp-json\/wp\/v2\/comments?post=5212"}],"version-history":[{"count":1,"href":"https:\/\/magicgamesbolivia.com\/index.php\/wp-json\/wp\/v2\/product\/5212\/revisions"}],"predecessor-version":[{"id":5215,"href":"https:\/\/magicgamesbolivia.com\/index.php\/wp-json\/wp\/v2\/product\/5212\/revisions\/5215"}],"wp:featuredmedia":[{"embeddable":true,"href":"https:\/\/magicgamesbolivia.com\/index.php\/wp-json\/wp\/v2\/media\/5213"}],"wp:attachment":[{"href":"https:\/\/magicgamesbolivia.com\/index.php\/wp-json\/wp\/v2\/media?parent=5212"}],"wp:term":[{"taxonomy":"product_brand","embeddable":true,"href":"https:\/\/magicgamesbolivia.com\/index.php\/wp-json\/wp\/v2\/product_brand?post=5212"},{"taxonomy":"product_cat","embeddable":true,"href":"https:\/\/magicgamesbolivia.com\/index.php\/wp-json\/wp\/v2\/product_cat?post=5212"},{"taxonomy":"product_tag","embeddable":true,"href":"https:\/\/magicgamesbolivia.com\/index.php\/wp-json\/wp\/v2\/product_tag?post=5212"}],"curies":[{"name":"wp","href":"https:\/\/api.w.org\/{rel}","templated":true}]}}