{"id":5147,"date":"2024-05-07T21:36:59","date_gmt":"2024-05-07T21:36:59","guid":{"rendered":"https:\/\/magicgamesbolivia.com\/?post_type=product&#038;p=5147"},"modified":"2025-05-02T01:37:03","modified_gmt":"2025-05-02T01:37:03","slug":"halli-galli","status":"publish","type":"product","link":"https:\/\/magicgamesbolivia.com\/index.php\/product\/halli-galli\/","title":{"rendered":"HALLI GALLI"},"content":{"rendered":"<p><strong>Halli Galli<\/strong>\u00a0nos trae una macedonia de frutas con pl\u00e1tanos, fresas, limones y ciruelas.\u00a0<strong>\u00a1Da la campanada!<\/strong>\u00a0As\u00ed de f\u00e1cil se juega a\u00a0<strong>Halli Galli:<\/strong>\u00a0un timbre en mitad de la mesa, un mont\u00f3n de cartas para cada jugador y en cuanto salgan exactamente cinco frutas del mismo tipo,\u00a0<strong>\u00a1cuidado! \u00a1es hora de ir a por el timbre! \u00a1y el m\u00e1s r\u00e1pido ser\u00e1 el vencedor de Halli Galli!<\/strong><\/p>\n<p>&nbsp;<\/p>\n<p>En\u00a0<strong>Halli Galli<\/strong>\u00a0repartimos todas las cartas entre los jugadores y estas se van sacando por turnos a un mont\u00f3n delante de cada uno de los jugadores, sin mirarlas previamente y adem\u00e1s, las cartas se sacar\u00e1n hacia afuera. Cuando sobre la mesa haya\u00a0<strong>5 frutas,<\/strong>\u00a0bien porque haya salido una carta con 5 frutas, o porque haya 2 cartas una con 1 fruta y otra con 4, por ejemplo;\u00a0\u00a0<strong>se hace sonar el timbre.<\/strong>\u00a0El primer jugador que lo haga se lleva todas las cartas que hay sobre la mesa. Y se empieza de nuevo poniendo cartas en la mesa.<\/p>\n<p><strong>\u00a1Ups! \u00a1Que no hay 5 frutas!<\/strong>\u00a0No pasa nada, solo tienes que darle una carta a cada jugador como penalizaci\u00f3n.<\/p>\n<p>En el momento que un jugador se quede sin cartas, se acaba el juego para \u00e9l. Pero su mont\u00f3n permanece en mesa hasta que alguien se lo lleve.<\/p>\n<p><strong>\u00a1Divi\u00e9rtete con Halli Galli, un trepidante juego para grandes y peque\u00f1os!<\/strong><\/p>\n","protected":false},"excerpt":{"rendered":"<div id=\"product-description-short-1159\" class=\"description-short\">\n<p><strong>Halli Galli<\/strong>\u00a0nos trae una macedonia de frutas con pl\u00e1tanos, fresas, limones y ciruelas.\u00a0<strong>\u00a1Da la campanada!<\/strong>\u00a0As\u00ed de f\u00e1cil se juega a\u00a0<strong>Halli Galli:<\/strong>\u00a0un timbre en mitad de la mesa, un mont\u00f3n de cartas para cada jugador y en cuanto salgan exactamente cinco frutas del mismo tipo,\u00a0<strong>\u00a1cuidado! \u00a1es hora de ir a por el timbre! \u00a1y el m\u00e1s r\u00e1pido ser\u00e1 el vencedor de Halli Galli!<\/strong><\/p>\n<\/div>\n<div class=\"product-actions\">\n<form id=\"add-to-cart-or-refresh\" action=\"https:\/\/juegosdelamesaredonda.com\/carro-de-la-compra\" method=\"post\">\n<div class=\"product-variants js-product-variants\">\n<div class=\"box_features\">\n<div class=\"iconfeature\"><img decoding=\"async\" class=\"\" title=\"N\u00famero de jugadores: De 2 a 6 jugadores\" src=\"https:\/\/juegosdelamesaredonda.com\/img\/caracteristicas\/9.svg\" alt=\"N\u00famero de jugadores: De 2 a 6 jugadores\" \/> <span class=\"name\">N\u00famero de jugadores:<\/span><span class=\"value\">De 2 a 6 jugadores<\/span><\/div>\n<\/div>\n<div class=\"box_features\">\n<div class=\"iconfeature\"><img decoding=\"async\" class=\"\" title=\"Duraci\u00f3n aproximada del juego: 15 Minutos\" src=\"https:\/\/juegosdelamesaredonda.com\/img\/caracteristicas\/7.svg\" alt=\"Duraci\u00f3n aproximada del juego: 15 Minutos\" \/> <span class=\"name\">Duraci\u00f3n aproximada:<\/span><span class=\"value\">15 Minutos<\/span><\/div>\n<\/div>\n<div class=\"box_features\">\n<div class=\"iconfeature\"><img decoding=\"async\" class=\"\" title=\"Edad m\u00ednima recomendada: 6 a\u00f1os\" src=\"https:\/\/juegosdelamesaredonda.com\/img\/caracteristicas\/10.svg\" alt=\"Edad m\u00ednima recomendada: 6 a\u00f1os\" \/> <span class=\"name\">Edad m\u00ednima:<\/span><span class=\"value\">6 a\u00f1os<\/span><\/div>\n<\/div>\n<div class=\"box_features\">\n<div class=\"iconfeature\"><img decoding=\"async\" class=\"\" title=\"Tipo: Juego de tablero\" src=\"https:\/\/juegosdelamesaredonda.com\/img\/caracteristicas\/11.svg\" alt=\"Tipo: Juego de tablero\" \/> <span class=\"name\">Tipo:<\/span><span class=\"value\">Juego de tablero<\/span><\/div>\n<\/div>\n<div class=\"box_features\">\n<div class=\"iconfeature\"><img decoding=\"async\" class=\"\" title=\"G\u00e9nero: Humor\" src=\"https:\/\/juegosdelamesaredonda.com\/img\/caracteristicas\/12.svg\" alt=\"G\u00e9nero: Humor\" \/> <span class=\"name\">G\u00e9nero:<\/span><span class=\"value\">Humor<\/span><\/div>\n<\/div>\n<div class=\"box_features\">\n<div class=\"iconfeature\"><img decoding=\"async\" class=\"\" title=\"Idioma: Espa\u00f1ol\" src=\"https:\/\/juegosdelamesaredonda.com\/img\/caracteristicas\/14.svg\" alt=\"Idioma: Espa\u00f1ol\" \/> <span class=\"name\">Idioma:<\/span><span class=\"value\">Espa\u00f1ol<\/span><\/div>\n<\/div>\n<div class=\"box_features\">\n<div class=\"iconfeature\"><img decoding=\"async\" class=\"\" title=\"Marca: Mercurio\" src=\"https:\/\/juegosdelamesaredonda.com\/img\/caracteristicas\/13.svg\" alt=\"Marca: Mercurio\" \/> <span class=\"name\">Marca:<\/span><span class=\"value\">Mercurio<\/span><\/div>\n<\/div>\n<\/div>\n<\/form>\n<\/div>\n","protected":false},"featured_media":5148,"comment_status":"open","ping_status":"closed","template":"","meta":{"_themeisle_gutenberg_block_has_review":false},"product_brand":[],"product_cat":[123,29],"product_tag":[864,218,805,308],"class_list":{"0":"post-5147","1":"product","2":"type-product","3":"status-publish","4":"has-post-thumbnail","6":"product_cat-otros-juegos","7":"product_cat-juegos-de-mesa","8":"product_tag-halli-galli","9":"product_tag-juegodemesa","10":"product_tag-mercurio","11":"product_tag-partygame","13":"first","14":"instock","15":"shipping-taxable","16":"purchasable","17":"product-type-simple"},"_links":{"self":[{"href":"https:\/\/magicgamesbolivia.com\/index.php\/wp-json\/wp\/v2\/product\/5147","targetHints":{"allow":["GET"]}}],"collection":[{"href":"https:\/\/magicgamesbolivia.com\/index.php\/wp-json\/wp\/v2\/product"}],"about":[{"href":"https:\/\/magicgamesbolivia.com\/index.php\/wp-json\/wp\/v2\/types\/product"}],"replies":[{"embeddable":true,"href":"https:\/\/magicgamesbolivia.com\/index.php\/wp-json\/wp\/v2\/comments?post=5147"}],"version-history":[{"count":1,"href":"https:\/\/magicgamesbolivia.com\/index.php\/wp-json\/wp\/v2\/product\/5147\/revisions"}],"predecessor-version":[{"id":5150,"href":"https:\/\/magicgamesbolivia.com\/index.php\/wp-json\/wp\/v2\/product\/5147\/revisions\/5150"}],"wp:featuredmedia":[{"embeddable":true,"href":"https:\/\/magicgamesbolivia.com\/index.php\/wp-json\/wp\/v2\/media\/5148"}],"wp:attachment":[{"href":"https:\/\/magicgamesbolivia.com\/index.php\/wp-json\/wp\/v2\/media?parent=5147"}],"wp:term":[{"taxonomy":"product_brand","embeddable":true,"href":"https:\/\/magicgamesbolivia.com\/index.php\/wp-json\/wp\/v2\/product_brand?post=5147"},{"taxonomy":"product_cat","embeddable":true,"href":"https:\/\/magicgamesbolivia.com\/index.php\/wp-json\/wp\/v2\/product_cat?post=5147"},{"taxonomy":"product_tag","embeddable":true,"href":"https:\/\/magicgamesbolivia.com\/index.php\/wp-json\/wp\/v2\/product_tag?post=5147"}],"curies":[{"name":"wp","href":"https:\/\/api.w.org\/{rel}","templated":true}]}}