{"id":5142,"date":"2024-04-29T15:49:36","date_gmt":"2024-04-29T15:49:36","guid":{"rendered":"https:\/\/magicgamesbolivia.com\/?post_type=product&#038;p=5142"},"modified":"2025-06-09T01:24:24","modified_gmt":"2025-06-09T01:24:24","slug":"ark-nova-segunda-edicion","status":"publish","type":"product","link":"https:\/\/magicgamesbolivia.com\/index.php\/product\/ark-nova-segunda-edicion\/","title":{"rendered":"Ark Nova &#8211; Segunda Edicion"},"content":{"rendered":"<p><strong>Ark Nova<\/strong>\u00a0es un\u00a0<strong>juego de mesa<\/strong>\u00a0en donde\u00a0<strong>planificar\u00e1s y dise\u00f1ar\u00e1s un zool\u00f3gico moderno<\/strong>\u00a0y cient\u00edficamente administrado con el objetivo final de\u00a0<strong>poseer el establecimiento zool\u00f3gico m\u00e1s exitoso.<\/strong><\/p>\n<p><strong>Construir\u00e1s recintos, alojar\u00e1s animales y apoyar\u00e1s proyectos de conservaci\u00f3n<\/strong>\u00a0en todo el mundo. Los especialistas y los edificios \u00fanicos lo ayudar\u00e1n a\u00a0<strong>lograr este objetivo.<\/strong><\/p>\n<p>Cada jugador\u00a0<strong>tiene un conjunto de cinco cartas de acci\u00f3n<\/strong>\u00a0para gestionar su juego, y el poder de una acci\u00f3n est\u00e1 determinado por la ranura que ocupa actualmente la carta. Las cartas en cuesti\u00f3n son:<\/p>\n<p><strong>TARJETAS<\/strong>: permite obtener nuevas tarjetas de zool\u00f3gico (animales, patrocinadores y tarjetas de proyectos de conservaci\u00f3n).<br \/>\n<strong>CONSTRUIR<\/strong>: permite construir recintos, quioscos y pabellones est\u00e1ndar o especiales.<br \/>\n<strong>ANIMALES<\/strong>: permite acomodar animales en su zool\u00f3gico.<br \/>\n<strong>ASOCIACI\u00d3N<\/strong>: permite a los trabajadores de su asociaci\u00f3n realizar diferentes tareas.<br \/>\n<strong>PATROCINADORES<\/strong>: permite jugar una carta de patrocinador en su zool\u00f3gico o recaudar dinero.<\/p>\n<p><strong>255 cartas con animales, especialistas, recintos especiales y proyectos<\/strong>\u00a0de conservaci\u00f3n, cada uno con una habilidad especial, son el coraz\u00f3n de Ark Nova. \u00dasalos para\u00a0<strong>aumentar el atractivo y la reputaci\u00f3n cient\u00edfica del zool\u00f3gico<\/strong>\u00a0y acumular puntos de conservaci\u00f3n.<\/p>\n","protected":false},"excerpt":{"rendered":"<p><strong>Ark Nova<\/strong>\u00a0es un\u00a0<strong>juego de mesa<\/strong>\u00a0en donde\u00a0<strong>planificar\u00e1s y dise\u00f1ar\u00e1s un zool\u00f3gico moderno<\/strong>\u00a0y cient\u00edficamente administrado con el objetivo final de\u00a0<strong>poseer el establecimiento zool\u00f3gico m\u00e1s exitoso.<\/strong><\/p>\n<div class=\"box_features\">\n<div class=\"iconfeature\"><img decoding=\"async\" class=\"\" title=\"N\u00famero de jugadores: De 1 a 4 jugadores\" src=\"https:\/\/juegosdelamesaredonda.com\/img\/caracteristicas\/9.svg\" alt=\"N\u00famero de jugadores: De 1 a 4 jugadores\" \/> <span class=\"name\">N\u00famero de jugadores:<\/span><span class=\"value\">De 1 a 4 jugadores<\/span><\/div>\n<\/div>\n<div class=\"box_features\">\n<div class=\"iconfeature\"><img decoding=\"async\" class=\"\" title=\"Duraci\u00f3n aproximada del juego: 120 minutos\" src=\"https:\/\/juegosdelamesaredonda.com\/img\/caracteristicas\/7.svg\" alt=\"Duraci\u00f3n aproximada del juego: 120 minutos\" \/> <span class=\"name\">Duraci\u00f3n aproximada:<\/span><span class=\"value\">120 minutos<\/span><\/div>\n<\/div>\n<div class=\"box_features\">\n<div class=\"iconfeature\"><img decoding=\"async\" class=\"\" title=\"Edad m\u00ednima recomendada: 14 a\u00f1os\" src=\"https:\/\/juegosdelamesaredonda.com\/img\/caracteristicas\/10.svg\" alt=\"Edad m\u00ednima recomendada: 14 a\u00f1os\" \/> <span class=\"name\">Edad m\u00ednima:<\/span><span class=\"value\">14 a\u00f1os<\/span><\/div>\n<\/div>\n<div class=\"box_features\">\n<div class=\"iconfeature\"><img decoding=\"async\" class=\"\" title=\"Tipo: Juego de tablero\" src=\"https:\/\/juegosdelamesaredonda.com\/img\/caracteristicas\/11.svg\" alt=\"Tipo: Juego de tablero\" \/> <span class=\"name\">Tipo:<\/span><span class=\"value\">Juego de tablero<\/span><\/div>\n<\/div>\n<div class=\"box_features\">\n<div class=\"iconfeature\"><img decoding=\"async\" class=\"\" title=\"G\u00e9nero: Estrategia\" src=\"https:\/\/juegosdelamesaredonda.com\/img\/caracteristicas\/12.svg\" alt=\"G\u00e9nero: Estrategia\" \/> <span class=\"name\">G\u00e9nero:<\/span><span class=\"value\">Estrategia<\/span><\/div>\n<\/div>\n<div class=\"box_features\">\n<div class=\"iconfeature\"><img decoding=\"async\" class=\"\" title=\"Idioma: Espa\u00f1ol\" src=\"https:\/\/juegosdelamesaredonda.com\/img\/caracteristicas\/14.svg\" alt=\"Idioma: Espa\u00f1ol\" \/> <span class=\"name\">Idioma:<\/span><span class=\"value\">Espa\u00f1ol<\/span><\/div>\n<\/div>\n<div class=\"box_features\">\n<div class=\"iconfeature\"><img decoding=\"async\" class=\"\" title=\"Marca: Maldito Games\" src=\"https:\/\/juegosdelamesaredonda.com\/img\/caracteristicas\/13.svg\" alt=\"Marca: Maldito Games\" \/> <span class=\"name\">Marca:<\/span><span class=\"value\">Maldito Games<\/span><\/div>\n<\/div>\n","protected":false},"featured_media":5143,"comment_status":"open","ping_status":"closed","template":"","meta":{"_themeisle_gutenberg_block_has_review":false},"product_brand":[],"product_cat":[29,93],"product_tag":[862,861,344,679,218,863],"class_list":{"0":"post-5142","1":"product","2":"type-product","3":"status-publish","4":"has-post-thumbnail","6":"product_cat-juegos-de-mesa","7":"product_cat-maldito-games","8":"product_tag-animales","9":"product_tag-arknova","10":"product_tag-bgg","11":"product_tag-eurogame","12":"product_tag-juegodemesa","13":"product_tag-zoologico","15":"first","16":"outofstock","17":"shipping-taxable","18":"purchasable","19":"product-type-simple"},"_links":{"self":[{"href":"https:\/\/magicgamesbolivia.com\/index.php\/wp-json\/wp\/v2\/product\/5142","targetHints":{"allow":["GET"]}}],"collection":[{"href":"https:\/\/magicgamesbolivia.com\/index.php\/wp-json\/wp\/v2\/product"}],"about":[{"href":"https:\/\/magicgamesbolivia.com\/index.php\/wp-json\/wp\/v2\/types\/product"}],"replies":[{"embeddable":true,"href":"https:\/\/magicgamesbolivia.com\/index.php\/wp-json\/wp\/v2\/comments?post=5142"}],"version-history":[{"count":1,"href":"https:\/\/magicgamesbolivia.com\/index.php\/wp-json\/wp\/v2\/product\/5142\/revisions"}],"predecessor-version":[{"id":5144,"href":"https:\/\/magicgamesbolivia.com\/index.php\/wp-json\/wp\/v2\/product\/5142\/revisions\/5144"}],"wp:featuredmedia":[{"embeddable":true,"href":"https:\/\/magicgamesbolivia.com\/index.php\/wp-json\/wp\/v2\/media\/5143"}],"wp:attachment":[{"href":"https:\/\/magicgamesbolivia.com\/index.php\/wp-json\/wp\/v2\/media?parent=5142"}],"wp:term":[{"taxonomy":"product_brand","embeddable":true,"href":"https:\/\/magicgamesbolivia.com\/index.php\/wp-json\/wp\/v2\/product_brand?post=5142"},{"taxonomy":"product_cat","embeddable":true,"href":"https:\/\/magicgamesbolivia.com\/index.php\/wp-json\/wp\/v2\/product_cat?post=5142"},{"taxonomy":"product_tag","embeddable":true,"href":"https:\/\/magicgamesbolivia.com\/index.php\/wp-json\/wp\/v2\/product_tag?post=5142"}],"curies":[{"name":"wp","href":"https:\/\/api.w.org\/{rel}","templated":true}]}}