{"id":5134,"date":"2024-04-10T15:55:16","date_gmt":"2024-04-10T15:55:16","guid":{"rendered":"https:\/\/magicgamesbolivia.com\/?post_type=product&#038;p=5134"},"modified":"2026-03-24T15:02:26","modified_gmt":"2026-03-24T15:02:26","slug":"zombicide-segunda-edicion-rio-z-janeiro","status":"publish","type":"product","link":"https:\/\/magicgamesbolivia.com\/index.php\/product\/zombicide-segunda-edicion-rio-z-janeiro\/","title":{"rendered":"Zombicide Segunda Edicion: Rio Z Janeiro"},"content":{"rendered":"<p><strong>Zombicide Segunda Edicion: Rio Z Janeiro<\/strong>\u00a0es una\u00a0<strong>expansi\u00f3n<\/strong>\u00a0para\u00a0<strong>Zombicide<\/strong>\u00a0<strong>Segunda<\/strong>\u00a0<strong>Edicion<\/strong>\u00a0que\u00a0<strong>incluye 6 nuevos supervivientes<\/strong>\u00a0y un nuevo conjunto de Zombis con\u00a0<strong>tem\u00e1tica de Carnaval<\/strong>\u00a0llegados\u00a0<strong>directamente del samb\u00f3dromo.<\/strong><\/p>\n<p><span lang=\"es-es\" xml:lang=\"es-es\">Ambientada en R\u00edo de Janeiro,\u00a0<strong>la historia se desarrolla a trav\u00e9s de 10 misiones<\/strong>, en las que surgen nuevos retos y oportunidades con cada elecci\u00f3n que hacen los jugadores.<\/span><\/p>\n<p><span lang=\"es-es\" xml:lang=\"es-es\"><strong>Lucha en los callejones de las favelas<\/strong>, toma decisiones cruciales con las cartas de objetivo,<strong>\u00a0explora nuevas mec\u00e1nicas de juego<\/strong>\u00a0mientras buscas a la \u00fanica persona que podr\u00eda tener respuestas a todas tus preguntas y demuestra que R\u00edo de Janeiro sigue siendo preciosa incluso\u00a0<strong>durante el apocalipsis zombi.\u00a0<\/strong><\/span><\/p>\n","protected":false},"excerpt":{"rendered":"<p><strong>Zombicide Segunda Edicion: Rio Z Janeiro<\/strong>\u00a0es una\u00a0<strong>expansi\u00f3n<\/strong>\u00a0para\u00a0<strong>Zombicide<\/strong>\u00a0<strong>Segunda<\/strong>\u00a0<strong>Edicion<\/strong>\u00a0que\u00a0<strong>incluye 6 nuevos supervivientes<\/strong>\u00a0y un nuevo conjunto de Zombis con\u00a0<strong>tem\u00e1tica de Carnaval<\/strong>\u00a0llegados\u00a0<strong>directamente del samb\u00f3dromo.<\/strong><\/p>\n<div class=\"box_features\">\n<div class=\"iconfeature\"><img decoding=\"async\" class=\"\" title=\"N\u00famero de jugadores: De 1 a 6 jugadores\" src=\"https:\/\/juegosdelamesaredonda.com\/img\/caracteristicas\/9.svg\" alt=\"N\u00famero de jugadores: De 1 a 6 jugadores\" \/> <span class=\"name\">N\u00famero de jugadores:<\/span><span class=\"value\">De 1 a 6 jugadores<\/span><\/div>\n<\/div>\n<div class=\"box_features\">\n<div class=\"iconfeature\"><img decoding=\"async\" class=\"\" title=\"Duraci\u00f3n aproximada del juego: 60 minutos\" src=\"https:\/\/juegosdelamesaredonda.com\/img\/caracteristicas\/7.svg\" alt=\"Duraci\u00f3n aproximada del juego: 60 minutos\" \/> <span class=\"name\">Duraci\u00f3n aproximada:<\/span><span class=\"value\">60 minutos<\/span><\/div>\n<\/div>\n<div class=\"box_features\">\n<div class=\"iconfeature\"><img decoding=\"async\" class=\"\" title=\"Edad m\u00ednima recomendada: 14 a\u00f1os\" src=\"https:\/\/juegosdelamesaredonda.com\/img\/caracteristicas\/10.svg\" alt=\"Edad m\u00ednima recomendada: 14 a\u00f1os\" \/> <span class=\"name\">Edad m\u00ednima:<\/span><span class=\"value\">14 a\u00f1os<\/span><\/div>\n<\/div>\n<div class=\"box_features\">\n<div class=\"iconfeature\"><img decoding=\"async\" class=\"\" title=\"Tipo: Expansiones de Juegos\" src=\"https:\/\/juegosdelamesaredonda.com\/img\/caracteristicas\/11.svg\" alt=\"Tipo: Expansiones de Juegos\" \/> <span class=\"name\">Tipo:<\/span><span class=\"value\">Expansiones de Juegos<\/span><\/div>\n<\/div>\n<div class=\"box_features\">\n<div class=\"iconfeature\"><img decoding=\"async\" class=\"\" title=\"G\u00e9nero: Cooperativo\" src=\"https:\/\/juegosdelamesaredonda.com\/img\/caracteristicas\/12.svg\" alt=\"G\u00e9nero: Cooperativo\" \/> <span class=\"name\">G\u00e9nero:<\/span><span class=\"value\">Cooperativo<\/span><\/div>\n<\/div>\n<div class=\"box_features\">\n<div class=\"iconfeature\"><img decoding=\"async\" class=\"\" title=\"Idioma: Espa\u00f1ol\" src=\"https:\/\/juegosdelamesaredonda.com\/img\/caracteristicas\/14.svg\" alt=\"Idioma: Espa\u00f1ol\" \/> <span class=\"name\">Idioma:<\/span><span class=\"value\">Espa\u00f1ol<\/span><\/div>\n<\/div>\n<div class=\"box_features\">\n<div class=\"iconfeature\"><img decoding=\"async\" class=\"\" title=\"Marca: Edge Entertainment\" src=\"https:\/\/juegosdelamesaredonda.com\/img\/caracteristicas\/13.svg\" alt=\"Marca: Edge Entertainment\" \/> <span class=\"name\">Marca:<\/span><span class=\"value\">Edge Entertainment<\/span><\/div>\n<\/div>\n","protected":false},"featured_media":5135,"comment_status":"open","ping_status":"closed","template":"","meta":{"_themeisle_gutenberg_block_has_review":false},"product_brand":[],"product_cat":[29,104],"product_tag":[279,748,411,410,358,191],"class_list":{"0":"post-5134","1":"product","2":"type-product","3":"status-publish","4":"has-post-thumbnail","6":"product_cat-juegos-de-mesa","7":"product_cat-edge","8":"product_tag-asmodee","9":"product_tag-cooperativo","10":"product_tag-edgee","11":"product_tag-expansiones","12":"product_tag-miniaturas","13":"product_tag-zombicide","15":"first","16":"instock","17":"shipping-taxable","18":"purchasable","19":"product-type-simple"},"_links":{"self":[{"href":"https:\/\/magicgamesbolivia.com\/index.php\/wp-json\/wp\/v2\/product\/5134","targetHints":{"allow":["GET"]}}],"collection":[{"href":"https:\/\/magicgamesbolivia.com\/index.php\/wp-json\/wp\/v2\/product"}],"about":[{"href":"https:\/\/magicgamesbolivia.com\/index.php\/wp-json\/wp\/v2\/types\/product"}],"replies":[{"embeddable":true,"href":"https:\/\/magicgamesbolivia.com\/index.php\/wp-json\/wp\/v2\/comments?post=5134"}],"version-history":[{"count":1,"href":"https:\/\/magicgamesbolivia.com\/index.php\/wp-json\/wp\/v2\/product\/5134\/revisions"}],"predecessor-version":[{"id":5136,"href":"https:\/\/magicgamesbolivia.com\/index.php\/wp-json\/wp\/v2\/product\/5134\/revisions\/5136"}],"wp:featuredmedia":[{"embeddable":true,"href":"https:\/\/magicgamesbolivia.com\/index.php\/wp-json\/wp\/v2\/media\/5135"}],"wp:attachment":[{"href":"https:\/\/magicgamesbolivia.com\/index.php\/wp-json\/wp\/v2\/media?parent=5134"}],"wp:term":[{"taxonomy":"product_brand","embeddable":true,"href":"https:\/\/magicgamesbolivia.com\/index.php\/wp-json\/wp\/v2\/product_brand?post=5134"},{"taxonomy":"product_cat","embeddable":true,"href":"https:\/\/magicgamesbolivia.com\/index.php\/wp-json\/wp\/v2\/product_cat?post=5134"},{"taxonomy":"product_tag","embeddable":true,"href":"https:\/\/magicgamesbolivia.com\/index.php\/wp-json\/wp\/v2\/product_tag?post=5134"}],"curies":[{"name":"wp","href":"https:\/\/api.w.org\/{rel}","templated":true}]}}