{"id":5095,"date":"2024-04-02T02:14:33","date_gmt":"2024-04-02T02:14:33","guid":{"rendered":"https:\/\/magicgamesbolivia.com\/?post_type=product&#038;p=5095"},"modified":"2025-02-05T01:05:44","modified_gmt":"2025-02-05T01:05:44","slug":"marvel-zombies-hydra-resurrection-castellano","status":"publish","type":"product","link":"https:\/\/magicgamesbolivia.com\/index.php\/product\/marvel-zombies-hydra-resurrection-castellano\/","title":{"rendered":"Marvel Zombies: Hydra Resurrection (castellano)"},"content":{"rendered":"<p><span lang=\"es-es\" xml:lang=\"es-es\">Corta una cabeza y dos m\u00e1s ocupar\u00e1n su lugar. Pero\u00a0<strong>cuando Cr\u00e1neo Rojo comanda un ej\u00e9rcito de Tropas de Hydra zombis<\/strong>, incluso los que ya tienen las cabezas cortadas\u00a0<strong>continuar\u00e1n su cruzada megal\u00f3mana.<\/strong><\/span><\/p>\n<p><span lang=\"es-es\" xml:lang=\"es-es\"><strong>S.H.I.E.L.D. y sus aliados<\/strong>\u00a0no tienen m\u00e1s remedio que enfrentarse a esta oscura organizaci\u00f3n. Incluso los H\u00e9roes Zombies no tendr\u00e1n sitio en un mundo\u00a0<strong>controlado por las hordas fan\u00e1ticas de Cr\u00e1neo Rojo.<\/strong>\u00a0<\/span><\/p>\n<p><strong><span lang=\"es-es\" xml:lang=\"es-es\">\u00a1Hail Hydra!\u00a0<\/span>\u00a0<\/strong><\/p>\n","protected":false},"excerpt":{"rendered":"<p><strong>Marvel Zombies: Hydra Resurrection<\/strong>\u00a0es una\u00a0<strong>expansi\u00f3n<\/strong>\u00a0para el\u00a0<strong>juego de mesa Marvel Zombies<\/strong>\u00a0donde encontrar\u00e1s nuevos\u00a0<strong>enemigos de Hydra y aliados<\/strong>\u00a0para enfrentarse a los muertos o\u00a0<strong>combatir con ellos.<\/strong><\/p>\n<div class=\"box_features\">\n<div class=\"iconfeature\"><img decoding=\"async\" class=\"\" title=\"N\u00famero de jugadores: De 1 a 6 jugadores\" src=\"https:\/\/juegosdelamesaredonda.com\/img\/caracteristicas\/9.svg\" alt=\"N\u00famero de jugadores: De 1 a 6 jugadores\" \/> <span class=\"name\">N\u00famero de jugadores:<\/span><span class=\"value\">De 1 a 6 jugadores<\/span><\/div>\n<\/div>\n<div class=\"box_features\">\n<div class=\"iconfeature\"><img decoding=\"async\" class=\"\" title=\"Duraci\u00f3n aproximada del juego: 60 minutos\" src=\"https:\/\/juegosdelamesaredonda.com\/img\/caracteristicas\/7.svg\" alt=\"Duraci\u00f3n aproximada del juego: 60 minutos\" \/> <span class=\"name\">Duraci\u00f3n aproximada:<\/span><span class=\"value\">60 minutos<\/span><\/div>\n<\/div>\n<div class=\"box_features\">\n<div class=\"iconfeature\"><img decoding=\"async\" class=\"\" title=\"Edad m\u00ednima recomendada: 14 a\u00f1os\" src=\"https:\/\/juegosdelamesaredonda.com\/img\/caracteristicas\/10.svg\" alt=\"Edad m\u00ednima recomendada: 14 a\u00f1os\" \/> <span class=\"name\">Edad m\u00ednima:<\/span><span class=\"value\">14 a\u00f1os<\/span><\/div>\n<\/div>\n<div class=\"box_features\">\n<div class=\"iconfeature\"><img decoding=\"async\" class=\"\" title=\"Tipo: Expansiones de Juegos\" src=\"https:\/\/juegosdelamesaredonda.com\/img\/caracteristicas\/11.svg\" alt=\"Tipo: Expansiones de Juegos\" \/> <span class=\"name\">Tipo:<\/span><span class=\"value\">Expansiones de Juegos<\/span><\/div>\n<\/div>\n<div class=\"box_features\">\n<div class=\"iconfeature\"><img decoding=\"async\" class=\"\" title=\"G\u00e9nero: Cooperativo\" src=\"https:\/\/juegosdelamesaredonda.com\/img\/caracteristicas\/12.svg\" alt=\"G\u00e9nero: Cooperativo\" \/> <span class=\"name\">G\u00e9nero:<\/span><span class=\"value\">Cooperativo<\/span><\/div>\n<\/div>\n<div class=\"box_features\">\n<div class=\"iconfeature\"><img decoding=\"async\" class=\"\" title=\"Idioma: Espa\u00f1ol\" src=\"https:\/\/juegosdelamesaredonda.com\/img\/caracteristicas\/14.svg\" alt=\"Idioma: Espa\u00f1ol\" \/> <span class=\"name\">Idioma:<\/span><span class=\"value\">Espa\u00f1ol<\/span><\/div>\n<\/div>\n<div class=\"box_features\">\n<div class=\"iconfeature\"><img decoding=\"async\" class=\"\" title=\"Marca: Asmodee\" src=\"https:\/\/juegosdelamesaredonda.com\/img\/caracteristicas\/13.svg\" alt=\"Marca: Asmodee\" \/> <span class=\"name\">Marca:<\/span><span class=\"value\">Asmodee<\/span><\/div>\n<\/div>\n","protected":false},"featured_media":5096,"comment_status":"open","ping_status":"closed","template":"","meta":{"_themeisle_gutenberg_block_has_review":false},"product_brand":[],"product_cat":[352,29],"product_tag":[279,288,140,191],"class_list":{"0":"post-5095","1":"product","2":"type-product","3":"status-publish","4":"has-post-thumbnail","6":"product_cat-asmodee","7":"product_cat-juegos-de-mesa","8":"product_tag-asmodee","9":"product_tag-expansion","10":"product_tag-marvel","11":"product_tag-zombicide","13":"first","14":"outofstock","15":"shipping-taxable","16":"purchasable","17":"product-type-simple"},"_links":{"self":[{"href":"https:\/\/magicgamesbolivia.com\/index.php\/wp-json\/wp\/v2\/product\/5095","targetHints":{"allow":["GET"]}}],"collection":[{"href":"https:\/\/magicgamesbolivia.com\/index.php\/wp-json\/wp\/v2\/product"}],"about":[{"href":"https:\/\/magicgamesbolivia.com\/index.php\/wp-json\/wp\/v2\/types\/product"}],"replies":[{"embeddable":true,"href":"https:\/\/magicgamesbolivia.com\/index.php\/wp-json\/wp\/v2\/comments?post=5095"}],"version-history":[{"count":1,"href":"https:\/\/magicgamesbolivia.com\/index.php\/wp-json\/wp\/v2\/product\/5095\/revisions"}],"predecessor-version":[{"id":5097,"href":"https:\/\/magicgamesbolivia.com\/index.php\/wp-json\/wp\/v2\/product\/5095\/revisions\/5097"}],"wp:featuredmedia":[{"embeddable":true,"href":"https:\/\/magicgamesbolivia.com\/index.php\/wp-json\/wp\/v2\/media\/5096"}],"wp:attachment":[{"href":"https:\/\/magicgamesbolivia.com\/index.php\/wp-json\/wp\/v2\/media?parent=5095"}],"wp:term":[{"taxonomy":"product_brand","embeddable":true,"href":"https:\/\/magicgamesbolivia.com\/index.php\/wp-json\/wp\/v2\/product_brand?post=5095"},{"taxonomy":"product_cat","embeddable":true,"href":"https:\/\/magicgamesbolivia.com\/index.php\/wp-json\/wp\/v2\/product_cat?post=5095"},{"taxonomy":"product_tag","embeddable":true,"href":"https:\/\/magicgamesbolivia.com\/index.php\/wp-json\/wp\/v2\/product_tag?post=5095"}],"curies":[{"name":"wp","href":"https:\/\/api.w.org\/{rel}","templated":true}]}}