{"id":5089,"date":"2024-04-02T02:04:36","date_gmt":"2024-04-02T02:04:36","guid":{"rendered":"https:\/\/magicgamesbolivia.com\/?post_type=product&#038;p=5089"},"modified":"2025-04-07T23:52:56","modified_gmt":"2025-04-07T23:52:56","slug":"marvel-zombies-fantastic-four-under-siege-castellano","status":"publish","type":"product","link":"https:\/\/magicgamesbolivia.com\/index.php\/product\/marvel-zombies-fantastic-four-under-siege-castellano\/","title":{"rendered":"Marvel Zombies: Fantastic Four Under Siege (castellano)"},"content":{"rendered":"<p><strong>Marvel Zombies: Fantastic Four Under Siege<\/strong>\u00a0es una\u00a0<strong>expansi\u00f3n<\/strong>\u00a0para el\u00a0<strong>juego de mesa Marvel Zombies<\/strong>\u00a0en donde\u00a0<strong>los 4 Fant\u00e1sticos<\/strong>\u00a0acuden al\u00a0<strong>rescate de los vivos.<\/strong><\/p>\n<p><span lang=\"es-es\" xml:lang=\"es-es\">Mientras la invasi\u00f3n zombi arrasa las calles de Nueva York, en los \u00faltimos pisos del Edificio Baxter\u00a0<strong>Mr. Fant\u00e1stico est\u00e1 dando los \u00faltimos toques a un dispositivo<\/strong>\u00a0que podr\u00eda ser la salvaci\u00f3n de la humanidad.\u00a0<strong>Su teletransportador dimensional<\/strong>\u00a0podr\u00eda significar un nuevo comienzo para los\u00a0<strong>Superh\u00e9roes restantes.<\/strong><\/span><\/p>\n<p><span lang=\"es-es\" xml:lang=\"es-es\">Sin embargo,\u00a0<strong>los H\u00e9roes Zombies est\u00e1n al tanto de este nuevo desarrollo<\/strong>, y ven el potencial que tiene para ellos. Pronto no quedar\u00e1 nadie para devorar en este mundo, y\u00a0<strong>el Hambre los consumir\u00e1<\/strong>, pero un teletransportador dimensional abrir\u00eda un suministro infinito para mantenerlos saciados. El asedio al Edificio Baxter ha comenzado. \u00bfSe abrir\u00e1n paso los zombis liderados por el Doctor Muerte, o\u00a0<strong>lograr\u00e1n resistirlos 4 Fant\u00e1sticos?\u00a0<\/strong><\/span><strong>\u00a0<\/strong><\/p>\n","protected":false},"excerpt":{"rendered":"<p><strong>Marvel Zombies: Fantastic Four Under Siege<\/strong>\u00a0es una\u00a0<strong>expansi\u00f3n<\/strong>\u00a0para el\u00a0<strong>juego de mesa Marvel Zombies<\/strong>\u00a0en donde\u00a0<strong>los 4 Fant\u00e1sticos<\/strong>\u00a0acuden al\u00a0<strong>rescate de los vivos.<\/strong><\/p>\n<div class=\"box_features\">\n<div class=\"iconfeature\"><img decoding=\"async\" class=\"\" title=\"N\u00famero de jugadores: De 1 a 6 jugadores\" src=\"https:\/\/juegosdelamesaredonda.com\/img\/caracteristicas\/9.svg\" alt=\"N\u00famero de jugadores: De 1 a 6 jugadores\" \/> <span class=\"name\">N\u00famero de jugadores:<\/span><span class=\"value\">De 1 a 6 jugadores<\/span><\/div>\n<\/div>\n<div class=\"box_features\">\n<div class=\"iconfeature\"><img decoding=\"async\" class=\"\" title=\"Duraci\u00f3n aproximada del juego: 60 minutos\" src=\"https:\/\/juegosdelamesaredonda.com\/img\/caracteristicas\/7.svg\" alt=\"Duraci\u00f3n aproximada del juego: 60 minutos\" \/> <span class=\"name\">Duraci\u00f3n aproximada:<\/span><span class=\"value\">60 minutos<\/span><\/div>\n<\/div>\n<div class=\"box_features\">\n<div class=\"iconfeature\"><img decoding=\"async\" class=\"\" title=\"Edad m\u00ednima recomendada: 14 a\u00f1os\" src=\"https:\/\/juegosdelamesaredonda.com\/img\/caracteristicas\/10.svg\" alt=\"Edad m\u00ednima recomendada: 14 a\u00f1os\" \/> <span class=\"name\">Edad m\u00ednima:<\/span><span class=\"value\">14 a\u00f1os<\/span><\/div>\n<\/div>\n<div class=\"box_features\">\n<div class=\"iconfeature\"><img decoding=\"async\" class=\"\" title=\"Tipo: Expansiones de Juegos\" src=\"https:\/\/juegosdelamesaredonda.com\/img\/caracteristicas\/11.svg\" alt=\"Tipo: Expansiones de Juegos\" \/> <span class=\"name\">Tipo:<\/span><span class=\"value\">Expansiones de Juegos<\/span><\/div>\n<\/div>\n<div class=\"box_features\">\n<div class=\"iconfeature\"><img decoding=\"async\" class=\"\" title=\"G\u00e9nero: Cooperativo\" src=\"https:\/\/juegosdelamesaredonda.com\/img\/caracteristicas\/12.svg\" alt=\"G\u00e9nero: Cooperativo\" \/> <span class=\"name\">G\u00e9nero:<\/span><span class=\"value\">Cooperativo<\/span><\/div>\n<\/div>\n<div class=\"box_features\">\n<div class=\"iconfeature\"><img decoding=\"async\" class=\"\" title=\"Idioma: Espa\u00f1ol\" src=\"https:\/\/juegosdelamesaredonda.com\/img\/caracteristicas\/14.svg\" alt=\"Idioma: Espa\u00f1ol\" \/> <span class=\"name\">Idioma:<\/span><span class=\"value\">Espa\u00f1ol<\/span><\/div>\n<\/div>\n<div class=\"box_features\">\n<div class=\"iconfeature\"><img decoding=\"async\" class=\"\" title=\"Marca: Asmodee\" src=\"https:\/\/juegosdelamesaredonda.com\/img\/caracteristicas\/13.svg\" alt=\"Marca: Asmodee\" \/> <span class=\"name\">Marca:<\/span><span class=\"value\">Asmodee<\/span><\/div>\n<\/div>\n","protected":false},"featured_media":5090,"comment_status":"open","ping_status":"closed","template":"","meta":{"_themeisle_gutenberg_block_has_review":false},"product_brand":[],"product_cat":[352,29],"product_tag":[856,279,288,140,191],"class_list":{"0":"post-5089","1":"product","2":"type-product","3":"status-publish","4":"has-post-thumbnail","6":"product_cat-asmodee","7":"product_cat-juegos-de-mesa","8":"product_tag-4fantasticos","9":"product_tag-asmodee","10":"product_tag-expansion","11":"product_tag-marvel","12":"product_tag-zombicide","14":"first","15":"outofstock","16":"shipping-taxable","17":"purchasable","18":"product-type-simple"},"_links":{"self":[{"href":"https:\/\/magicgamesbolivia.com\/index.php\/wp-json\/wp\/v2\/product\/5089","targetHints":{"allow":["GET"]}}],"collection":[{"href":"https:\/\/magicgamesbolivia.com\/index.php\/wp-json\/wp\/v2\/product"}],"about":[{"href":"https:\/\/magicgamesbolivia.com\/index.php\/wp-json\/wp\/v2\/types\/product"}],"replies":[{"embeddable":true,"href":"https:\/\/magicgamesbolivia.com\/index.php\/wp-json\/wp\/v2\/comments?post=5089"}],"version-history":[{"count":1,"href":"https:\/\/magicgamesbolivia.com\/index.php\/wp-json\/wp\/v2\/product\/5089\/revisions"}],"predecessor-version":[{"id":5091,"href":"https:\/\/magicgamesbolivia.com\/index.php\/wp-json\/wp\/v2\/product\/5089\/revisions\/5091"}],"wp:featuredmedia":[{"embeddable":true,"href":"https:\/\/magicgamesbolivia.com\/index.php\/wp-json\/wp\/v2\/media\/5090"}],"wp:attachment":[{"href":"https:\/\/magicgamesbolivia.com\/index.php\/wp-json\/wp\/v2\/media?parent=5089"}],"wp:term":[{"taxonomy":"product_brand","embeddable":true,"href":"https:\/\/magicgamesbolivia.com\/index.php\/wp-json\/wp\/v2\/product_brand?post=5089"},{"taxonomy":"product_cat","embeddable":true,"href":"https:\/\/magicgamesbolivia.com\/index.php\/wp-json\/wp\/v2\/product_cat?post=5089"},{"taxonomy":"product_tag","embeddable":true,"href":"https:\/\/magicgamesbolivia.com\/index.php\/wp-json\/wp\/v2\/product_tag?post=5089"}],"curies":[{"name":"wp","href":"https:\/\/api.w.org\/{rel}","templated":true}]}}