{"id":5059,"date":"2024-03-15T22:18:31","date_gmt":"2024-03-15T22:18:31","guid":{"rendered":"https:\/\/magicgamesbolivia.com\/?post_type=product&#038;p=5059"},"modified":"2026-01-14T13:19:52","modified_gmt":"2026-01-14T13:19:52","slug":"7-wonders-expansion-armada-nueva-edicion","status":"publish","type":"product","link":"https:\/\/magicgamesbolivia.com\/index.php\/product\/7-wonders-expansion-armada-nueva-edicion\/","title":{"rendered":"7 Wonders Expansion: Armada &#8211; Nueva Edicion"},"content":{"rendered":"<p>Para\u00a0esta nueva edici\u00f3n de la expansi\u00f3n\u00a0<strong>7 Wonders<\/strong>\u00a0<strong>Armada<\/strong>\u00a0para el juego de mesa<strong>\u00a07 Wonders Nueva Edici\u00f3n<\/strong>\u00a0han redise\u00f1ado gran parte de los elementos:\u00a0<em>todos los gr\u00e1ficos, las reglas, la disposici\u00f3n de las cartas, el tama\u00f1o de las Maravillas, etc.\u00a0<\/em><\/p>\n<p><strong><em>\u00a1Arriad velas y todo a estribor hacia la victoria!<\/em><\/strong><\/p>\n<p><em>Ya has conquistado legendarias ciudades, levantado las maravillas m\u00e1s impresionantes del mundo antiguo y ganado las m\u00e1s \u00e9picas batallas. Convi\u00e9rtete ahora en constructor naval.<\/em><\/p>\n<p><strong>7 Wonders\u00a0Expansion: Armada\u00a0<\/strong>es una\u00a0<strong>expansi\u00f3n para el\u00a0 juego de mesa 7 Wonders\u00a0<\/strong>la cual te permitir\u00e1\u00a0<strong>armar flotas de Barcos<\/strong>\u00a0para conquistar los mares. Las\u00a0<strong>nuevas cartas de Isla y cartas de Armada<\/strong>\u00a0enriquecen la partida y aumentan la interacci\u00f3n entre los jugadores. La din\u00e1mica del juego cambia ligeramente, pero las condiciones de victoria son id\u00e9nticas a las del juego base.<\/p>\n<p>Con esta expansi\u00f3n, cada jugador recibe un\u00a0<strong>tablero de astillero<\/strong>\u00a0con una casilla inicial y seis casillas de mejora. Todos los tableros proporcionan los mismos beneficios, pero los costes de construcci\u00f3n difieren entre ellos. Este tablero se coloca junto al tablero de la maravilla cl\u00e1sico del juego.\u00a0<strong>Cada tablero est\u00e1 dividido en cuatro flotas:<\/strong>\u00a0la roja es la militar, la amarilla la comercial, la azul la civil y la verde la cient\u00edfica. El camino hacia la gloria se complica, porque si quieres que se de tu floreciente regi\u00f3n a trav\u00e9s de los siglos ahora tienes un nuevo frente qu\u00e9 proteger: el naval.<\/p>\n<p><strong>Descubre islas inexploradas, presume de poder\u00edo naval frente a tus oponentes. Navega por la historia de la humanidad<\/strong>\u00a0mientras luchas a lo largo de las eras por construir tu maravilla, acumular m\u00e1s puntos que nadie y ganar la partida. Con la expansi\u00f3n\u00a0<strong>7 Wonders: Armada<\/strong>\u00a0no solo incluyes en el juego nuevos elementos como las figuras de barcos, las islas y dem\u00e1s componentes adicionales sino que sumas dos variaciones respecto al modo de juego que conoc\u00edas hasta ahora. En las partidas de cuatro, seis y ocho jugadores puedes jugar con la\u00a0<strong>variante de juego en equipo<\/strong>, de manera que os organic\u00e9is en grupos de dos para emprender la aventura juntos. Y es que, adem\u00e1s, puedes aumentar el n\u00famero de jugadores de tus partidas combin\u00e1ndolo con el juego cl\u00e1sico y a\u00f1adiendo una maravilla adicional. Zarpa hacia una nueva aventura, navega entre los monumentos m\u00e1s recordados de la antig\u00fcedad<\/p>\n","protected":false},"excerpt":{"rendered":"<p><strong>7 Wonders\u00a0Expansi\u00f3n: Armada\u00a0<\/strong>es una\u00a0<strong>expansi\u00f3n para el\u00a0 juego de mesa 7 Wonders\u00a0<\/strong>la cual te permitir\u00e1\u00a0<strong>armar flotas de Barcos<\/strong>\u00a0para conquistar los mares. Las\u00a0<strong>nuevas cartas de Isla y cartas de Armada<\/strong>\u00a0enriquecen la partida y aumentan la interacci\u00f3n entre los jugadores. La din\u00e1mica del juego cambia ligeramente, pero las condiciones de victoria son id\u00e9nticas a las del juego base.<\/p>\n<div class=\"box_features\">\n<div class=\"iconfeature\"><img decoding=\"async\" class=\"\" title=\"N\u00famero de jugadores: De 2 a 7 jugadores\" src=\"https:\/\/juegosdelamesaredonda.com\/img\/caracteristicas\/9.svg\" alt=\"N\u00famero de jugadores: De 2 a 7 jugadores\" \/> <span class=\"name\">N\u00famero de jugadores:<\/span><span class=\"value\">De 2 a 7 jugadores<\/span><\/div>\n<\/div>\n<div class=\"box_features\">\n<div class=\"iconfeature\"><img decoding=\"async\" class=\"\" title=\"Duraci\u00f3n aproximada del juego: 30 minutos\" src=\"https:\/\/juegosdelamesaredonda.com\/img\/caracteristicas\/7.svg\" alt=\"Duraci\u00f3n aproximada del juego: 30 minutos\" \/> <span class=\"name\">Duraci\u00f3n aproximada:<\/span><span class=\"value\">30 minutos<\/span><\/div>\n<\/div>\n<div class=\"box_features\">\n<div class=\"iconfeature\"><img decoding=\"async\" class=\"\" title=\"Edad m\u00ednima recomendada: 10 a\u00f1os\" src=\"https:\/\/juegosdelamesaredonda.com\/img\/caracteristicas\/10.svg\" alt=\"Edad m\u00ednima recomendada: 10 a\u00f1os\" \/> <span class=\"name\">Edad m\u00ednima:<\/span><span class=\"value\">10 a\u00f1os<\/span><\/div>\n<\/div>\n<div class=\"box_features\">\n<div class=\"iconfeature\"><img decoding=\"async\" class=\"\" title=\"Tipo: Expansiones de Juegos\" src=\"https:\/\/juegosdelamesaredonda.com\/img\/caracteristicas\/11.svg\" alt=\"Tipo: Expansiones de Juegos\" \/> <span class=\"name\">Tipo:<\/span><span class=\"value\">Expansiones de Juegos<\/span><\/div>\n<\/div>\n<div class=\"box_features\">\n<div class=\"iconfeature\"><img decoding=\"async\" class=\"\" title=\"G\u00e9nero: Estrategia\" src=\"https:\/\/juegosdelamesaredonda.com\/img\/caracteristicas\/12.svg\" alt=\"G\u00e9nero: Estrategia\" \/> <span class=\"name\">G\u00e9nero:<\/span><span class=\"value\">Estrategia<\/span><\/div>\n<\/div>\n<div class=\"box_features\">\n<div class=\"iconfeature\"><img decoding=\"async\" class=\"\" title=\"Idioma: Espa\u00f1ol\" src=\"https:\/\/juegosdelamesaredonda.com\/img\/caracteristicas\/14.svg\" alt=\"Idioma: Espa\u00f1ol\" \/> <span class=\"name\">Idioma:<\/span><span class=\"value\">Espa\u00f1ol<\/span><\/div>\n<\/div>\n<div class=\"box_features\">\n<div class=\"iconfeature\"><img decoding=\"async\" class=\"\" title=\"Marca: Asmodee\" src=\"https:\/\/juegosdelamesaredonda.com\/img\/caracteristicas\/13.svg\" alt=\"Marca: Asmodee\" \/> <span class=\"name\">Marca:<\/span><span class=\"value\">Asmodee<\/span><\/div>\n<\/div>\n","protected":false},"featured_media":5060,"comment_status":"open","ping_status":"closed","template":"","meta":{"_themeisle_gutenberg_block_has_review":false},"product_brand":[],"product_cat":[352,29],"product_tag":[292,279,288],"class_list":{"0":"post-5059","1":"product","2":"type-product","3":"status-publish","4":"has-post-thumbnail","6":"product_cat-asmodee","7":"product_cat-juegos-de-mesa","8":"product_tag-7wonders","9":"product_tag-asmodee","10":"product_tag-expansion","12":"first","13":"instock","14":"shipping-taxable","15":"purchasable","16":"product-type-simple"},"_links":{"self":[{"href":"https:\/\/magicgamesbolivia.com\/index.php\/wp-json\/wp\/v2\/product\/5059","targetHints":{"allow":["GET"]}}],"collection":[{"href":"https:\/\/magicgamesbolivia.com\/index.php\/wp-json\/wp\/v2\/product"}],"about":[{"href":"https:\/\/magicgamesbolivia.com\/index.php\/wp-json\/wp\/v2\/types\/product"}],"replies":[{"embeddable":true,"href":"https:\/\/magicgamesbolivia.com\/index.php\/wp-json\/wp\/v2\/comments?post=5059"}],"version-history":[{"count":1,"href":"https:\/\/magicgamesbolivia.com\/index.php\/wp-json\/wp\/v2\/product\/5059\/revisions"}],"predecessor-version":[{"id":5062,"href":"https:\/\/magicgamesbolivia.com\/index.php\/wp-json\/wp\/v2\/product\/5059\/revisions\/5062"}],"wp:featuredmedia":[{"embeddable":true,"href":"https:\/\/magicgamesbolivia.com\/index.php\/wp-json\/wp\/v2\/media\/5060"}],"wp:attachment":[{"href":"https:\/\/magicgamesbolivia.com\/index.php\/wp-json\/wp\/v2\/media?parent=5059"}],"wp:term":[{"taxonomy":"product_brand","embeddable":true,"href":"https:\/\/magicgamesbolivia.com\/index.php\/wp-json\/wp\/v2\/product_brand?post=5059"},{"taxonomy":"product_cat","embeddable":true,"href":"https:\/\/magicgamesbolivia.com\/index.php\/wp-json\/wp\/v2\/product_cat?post=5059"},{"taxonomy":"product_tag","embeddable":true,"href":"https:\/\/magicgamesbolivia.com\/index.php\/wp-json\/wp\/v2\/product_tag?post=5059"}],"curies":[{"name":"wp","href":"https:\/\/api.w.org\/{rel}","templated":true}]}}