{"id":4992,"date":"2024-02-19T23:08:30","date_gmt":"2024-02-19T23:08:30","guid":{"rendered":"https:\/\/magicgamesbolivia.com\/?post_type=product&#038;p=4992"},"modified":"2024-12-30T02:03:11","modified_gmt":"2024-12-30T02:03:11","slug":"hero-realms","status":"publish","type":"product","link":"https:\/\/magicgamesbolivia.com\/index.php\/product\/hero-realms\/","title":{"rendered":"Hero Realms"},"content":{"rendered":"<p><strong>Hero Realms<\/strong>\u00a0es un juego de cartas para 2 a 4 jugadores. El juego<strong>\u00a0combina las mec\u00e1nicas de construcci\u00f3n de mazos con el \u201ccombate\u201d de los juegos de cartas coleccionables<\/strong>\u00a0m\u00e1s tradicionales. Los jugadores\u00a0<strong>podr\u00e1n enfrentarse entre ellos y personalizar su mazo,<\/strong>\u00a0para jugar como una de las profesiones cl\u00e1sicas de la fantas\u00eda \u00e9pica. Tambi\u00e9n\u00a0<strong>podr\u00e1n realizar una campa\u00f1a<\/strong>\u00a0en la que adquieran experiencia, ganen nuevas habilidades y cartas para su baraja.<\/p>\n<p>La\u00a0<strong>mec\u00e1nica del juego<\/strong>\u00a0es muy sencilla, cada jugador comienza con 10 cartas que contienen dinero y armas; en el centro de la mesa se encuentra las cartas del mercado, que los jugadores podr\u00e1n adquirir. Dichas cartas incluyen acciones, campeones y armas. Los jugadores utilizan estos campeones y las armas para atacar a sus oponentes. El objetivo es reducir su salud a cero y proclamarse, de esta forma, vencedor.<\/p>\n<p>Hero Realms crea una nueva experiencia de juego que<strong>\u00a0aporta la personalizaci\u00f3n de los mazos con las profesiones, la opci\u00f3n de campa\u00f1a y el aumento en el n\u00famero de jugadores.\u00a0<\/strong><\/p>\n","protected":false},"excerpt":{"rendered":"<div id=\"product-description-short-4922\" class=\"description-short\">\n<p><strong>Hero Realms<\/strong>\u00a0es un juego de cartas para 2 a 4 jugadores. El juego<strong>\u00a0combina las mec\u00e1nicas de construcci\u00f3n de mazos con el \u201ccombate\u201d de los juegos de cartas coleccionables<\/strong>\u00a0m\u00e1s tradicionales. Los jugadores\u00a0<strong>podr\u00e1n enfrentarse entre ellos y personalizar su mazo,<\/strong>\u00a0para jugar como una de las profesiones cl\u00e1sicas de la fantas\u00eda \u00e9pica.<\/p>\n<\/div>\n<div class=\"leo-more-cdown\" data-idproduct=\"4922\">\n<div class=\"box_features\">\n<div class=\"iconfeature\"><img decoding=\"async\" class=\"\" title=\"N\u00famero de jugadores: De 2 a 4 jugadores\" src=\"https:\/\/juegosdelamesaredonda.com\/img\/caracteristicas\/9.svg\" alt=\"N\u00famero de jugadores: De 2 a 4 jugadores\" \/> <span class=\"name\">N\u00famero de jugadores:<\/span><span class=\"value\">De 2 a 4 jugadores<\/span><\/div>\n<\/div>\n<div class=\"box_features\">\n<div class=\"iconfeature\"><img decoding=\"async\" class=\"\" title=\"Duraci\u00f3n aproximada del juego: 20 minutos\" src=\"https:\/\/juegosdelamesaredonda.com\/img\/caracteristicas\/7.svg\" alt=\"Duraci\u00f3n aproximada del juego: 20 minutos\" \/> <span class=\"name\">Duraci\u00f3n aproximada:<\/span><span class=\"value\">20 minutos<\/span><\/div>\n<\/div>\n<div class=\"box_features\">\n<div class=\"iconfeature\"><img decoding=\"async\" class=\"\" title=\"Edad m\u00ednima recomendada: 12 a\u00f1os\" src=\"https:\/\/juegosdelamesaredonda.com\/img\/caracteristicas\/10.svg\" alt=\"Edad m\u00ednima recomendada: 12 a\u00f1os\" \/> <span class=\"name\">Edad m\u00ednima:<\/span><span class=\"value\">12 a\u00f1os<\/span><\/div>\n<\/div>\n<div class=\"box_features\">\n<div class=\"iconfeature\"><img decoding=\"async\" class=\"\" title=\"Tipo: Juego de cartas\" src=\"https:\/\/juegosdelamesaredonda.com\/img\/caracteristicas\/11.svg\" alt=\"Tipo: Juego de cartas\" \/> \u00a0<span class=\"name\">Tipo:<\/span><span class=\"value\">Juego de cartas<\/span><\/div>\n<\/div>\n<div class=\"box_features\">\n<div class=\"iconfeature\"><img decoding=\"async\" class=\"\" title=\"G\u00e9nero: Fantas\u00eda\" src=\"https:\/\/juegosdelamesaredonda.com\/img\/caracteristicas\/12.svg\" alt=\"G\u00e9nero: Fantas\u00eda\" \/> \u00a0<span class=\"name\">G\u00e9nero:<\/span><span class=\"value\">Fantas\u00eda<\/span><\/div>\n<\/div>\n<div class=\"box_features\">\n<div class=\"iconfeature\"><img decoding=\"async\" class=\"\" title=\"Idioma: Espa\u00f1ol\" src=\"https:\/\/juegosdelamesaredonda.com\/img\/caracteristicas\/14.svg\" alt=\"Idioma: Espa\u00f1ol\" \/>\u00a0 \u00a0 <span class=\"name\">Idioma:<\/span><span class=\"value\">Espa\u00f1ol<\/span><\/div>\n<div><\/div>\n<\/div>\n<div class=\"box_features\">\n<div class=\"iconfeature\"><img decoding=\"async\" class=\"\" title=\"Marca: Devir\" src=\"https:\/\/juegosdelamesaredonda.com\/img\/caracteristicas\/13.svg\" alt=\"Marca: Devir\" \/>\u00a0 \u00a0 <span class=\"name\">Marca:<\/span><span class=\"value\">Devir<\/span><\/div>\n<\/div>\n<\/div>\n<div class=\"product-actions\">\n<form id=\"add-to-cart-or-refresh\" action=\"https:\/\/juegosdelamesaredonda.com\/carro-de-la-compra\" method=\"post\">\n<div class=\"product-variants js-product-variants\"><\/div>\n<section class=\"product-discounts js-product-discounts\"><\/section>\n<div class=\"product-add-to-cart js-product-add-to-cart\">\n<div class=\"product-quantity clearfix\">\n<div class=\"p-cartwapper\">\n<div class=\"qty clearfix\"><\/div>\n<\/div>\n<\/div>\n<\/div>\n<\/form>\n<\/div>\n","protected":false},"featured_media":4993,"comment_status":"open","ping_status":"closed","template":"","meta":{"_themeisle_gutenberg_block_has_review":false},"product_brand":[],"product_cat":[29,30],"product_tag":[842,617,218],"class_list":{"0":"post-4992","1":"product","2":"type-product","3":"status-publish","4":"has-post-thumbnail","6":"product_cat-juegos-de-mesa","7":"product_cat-devir","8":"product_tag-deckbuilding","9":"product_tag-herorealms","10":"product_tag-juegodemesa","12":"first","13":"outofstock","14":"shipping-taxable","15":"purchasable","16":"product-type-simple"},"_links":{"self":[{"href":"https:\/\/magicgamesbolivia.com\/index.php\/wp-json\/wp\/v2\/product\/4992","targetHints":{"allow":["GET"]}}],"collection":[{"href":"https:\/\/magicgamesbolivia.com\/index.php\/wp-json\/wp\/v2\/product"}],"about":[{"href":"https:\/\/magicgamesbolivia.com\/index.php\/wp-json\/wp\/v2\/types\/product"}],"replies":[{"embeddable":true,"href":"https:\/\/magicgamesbolivia.com\/index.php\/wp-json\/wp\/v2\/comments?post=4992"}],"version-history":[{"count":1,"href":"https:\/\/magicgamesbolivia.com\/index.php\/wp-json\/wp\/v2\/product\/4992\/revisions"}],"predecessor-version":[{"id":4995,"href":"https:\/\/magicgamesbolivia.com\/index.php\/wp-json\/wp\/v2\/product\/4992\/revisions\/4995"}],"wp:featuredmedia":[{"embeddable":true,"href":"https:\/\/magicgamesbolivia.com\/index.php\/wp-json\/wp\/v2\/media\/4993"}],"wp:attachment":[{"href":"https:\/\/magicgamesbolivia.com\/index.php\/wp-json\/wp\/v2\/media?parent=4992"}],"wp:term":[{"taxonomy":"product_brand","embeddable":true,"href":"https:\/\/magicgamesbolivia.com\/index.php\/wp-json\/wp\/v2\/product_brand?post=4992"},{"taxonomy":"product_cat","embeddable":true,"href":"https:\/\/magicgamesbolivia.com\/index.php\/wp-json\/wp\/v2\/product_cat?post=4992"},{"taxonomy":"product_tag","embeddable":true,"href":"https:\/\/magicgamesbolivia.com\/index.php\/wp-json\/wp\/v2\/product_tag?post=4992"}],"curies":[{"name":"wp","href":"https:\/\/api.w.org\/{rel}","templated":true}]}}