{"id":4966,"date":"2024-01-29T20:30:34","date_gmt":"2024-01-29T20:30:34","guid":{"rendered":"https:\/\/magicgamesbolivia.com\/?post_type=product&#038;p=4966"},"modified":"2024-09-06T20:48:25","modified_gmt":"2024-09-06T20:48:25","slug":"mint-works","status":"publish","type":"product","link":"https:\/\/magicgamesbolivia.com\/index.php\/product\/mint-works\/","title":{"rendered":"Mint Works"},"content":{"rendered":"<p><strong>Mint Works<\/strong>\u00a0es un juego de mesa de\u00a0<strong>colocaci\u00f3n de trabajadores<\/strong>\u00a0de peque\u00f1o tama\u00f1o y reglas sencillas.<\/p>\n<p>En el juego Mint Works, cada jugador tiene una serie de fichas en forma de mentas que puede poner en las diferentes localizaciones para recibir lo se\u00f1alado en ellas.<\/p>\n<p><strong>Las acciones principales son:<\/strong><\/p>\n<p>&#8211; Obtener el jugador inicial y una menta<\/p>\n<p>&#8211; Obtener dos mentas por cada una colocada<\/p>\n<p>&#8211; Comprar un plan (pagando las respectivas mentas)<\/p>\n<p>&#8211; Construir un plan (pagando dos mentas)<\/p>\n<p>Por el contrario,<strong>\u00a0las acciones avanzadas<\/strong>\u00a0nos permitir\u00e1n cambiar planos o recibir 3 mentas por una a cambio de el resto de jugadores reciban una tambi\u00e9n.<\/p>\n<p><strong>Las localizaciones<\/strong>\u00a0que se tienen que abrir, adem\u00e1s de ser interesantes por sus efectos, al poseedor del plano le proporcionan mentas (al final del turno) cuando alguien las ha utilizado (aunque sea el mismo).<\/p>\n<p>Al recibir\u00a0<strong>un plan<\/strong>\u00a0(por haberlo comprado) entra en tu vecindario (tu zona de mesa) boca-abajo, para poder activarlo, proporcion\u00e1ndote sus ventajas y puntos, necesitar\u00e1s construirlo, con la acci\u00f3n necesaria.<\/p>\n<p>Cada uno de estos planes est\u00e1 englobado en 4 tipos que<strong>\u00a0nos proporcionar\u00e1n habilidades, nos permitir\u00e1n activar localizaciones o nos dar\u00e1n mentas al final de cada turno.<\/strong><\/p>\n<p>Cuando\u00a0<strong>un jugador consigue 7 o m\u00e1s estrellas,<\/strong>\u00a0el juego se acaba y el jugador que m\u00e1s estrellas haya conseguido, gana la partida.<\/p>\n","protected":false},"excerpt":{"rendered":"<p><strong>Mint Works<\/strong>\u00a0es un juego de mesa de\u00a0<strong>colocaci\u00f3n de trabajadores<\/strong>\u00a0de peque\u00f1o tama\u00f1o y reglas sencillas. Dispondremos de unas fichas en forma de menta que utilizaremos para<strong>\u00a0conseguir m\u00e1s mentas, localizaciones y planes.<\/strong>\u00a0El primer jugador que consiga\u00a0<strong>7 estrellas<\/strong>\u00a0ser\u00e1 el ganador de la partida.<\/p>\n<div class=\"box_features\">\n<div class=\"iconfeature\"><img decoding=\"async\" class=\"\" title=\"N\u00famero de jugadores: De 1 a 4 jugadores\" src=\"https:\/\/juegosdelamesaredonda.com\/img\/caracteristicas\/9.svg\" alt=\"N\u00famero de jugadores: De 1 a 4 jugadores\" \/><\/div>\n<div class=\"valuesfeatures\"><span class=\"name\">N\u00famero de jugadores:<\/span><span class=\"value\">De 1 a 4 jugadores<\/span><\/div>\n<\/div>\n<div class=\"box_features\">\n<div class=\"iconfeature\"><img decoding=\"async\" class=\"\" title=\"Duraci\u00f3n aproximada del juego: 15 Minutos\" src=\"https:\/\/juegosdelamesaredonda.com\/img\/caracteristicas\/7.svg\" alt=\"Duraci\u00f3n aproximada del juego: 15 Minutos\" \/><\/div>\n<div class=\"valuesfeatures\"><span class=\"name\">Duraci\u00f3n aproximada:<\/span><span class=\"value\">15 Minutos<\/span><\/div>\n<\/div>\n<div class=\"box_features\">\n<div class=\"iconfeature\"><img decoding=\"async\" class=\"\" title=\"Edad m\u00ednima recomendada: 13 a\u00f1os\" src=\"https:\/\/juegosdelamesaredonda.com\/img\/caracteristicas\/10.svg\" alt=\"Edad m\u00ednima recomendada: 13 a\u00f1os\" \/><\/div>\n<div class=\"valuesfeatures\"><span class=\"name\">Edad m\u00ednima:<\/span><span class=\"value\">13 a\u00f1os<\/span><\/div>\n<\/div>\n<div class=\"box_features\">\n<div class=\"iconfeature\"><img decoding=\"async\" class=\"\" title=\"Tipo: Juego de cartas\" src=\"https:\/\/juegosdelamesaredonda.com\/img\/caracteristicas\/11.svg\" alt=\"Tipo: Juego de cartas\" \/><\/div>\n<div class=\"valuesfeatures\"><span class=\"name\">Tipo:<\/span><span class=\"value\">Juego de cartas<\/span><\/div>\n<\/div>\n<div class=\"box_features\">\n<div class=\"iconfeature\"><img decoding=\"async\" class=\"\" title=\"G\u00e9nero: Estrategia\" src=\"https:\/\/juegosdelamesaredonda.com\/img\/caracteristicas\/12.svg\" alt=\"G\u00e9nero: Estrategia\" \/><\/div>\n<div class=\"valuesfeatures\"><span class=\"name\">G\u00e9nero:<\/span><span class=\"value\">Estrategia<\/span><\/div>\n<\/div>\n<div class=\"box_features\">\n<div class=\"iconfeature\"><img decoding=\"async\" class=\"\" title=\"Idioma: Espa\u00f1ol\" src=\"https:\/\/juegosdelamesaredonda.com\/img\/caracteristicas\/14.svg\" alt=\"Idioma: Espa\u00f1ol\" \/><\/div>\n<div class=\"valuesfeatures\"><span class=\"name\">Idioma:<\/span><span class=\"value\">Espa\u00f1ol<\/span><\/div>\n<\/div>\n<div class=\"box_features\">\n<div class=\"iconfeature\"><img decoding=\"async\" class=\"\" title=\"Marca: Maldito Games\" src=\"https:\/\/juegosdelamesaredonda.com\/img\/caracteristicas\/13.svg\" alt=\"Marca: Maldito Games\" \/><\/div>\n<div class=\"valuesfeatures\"><span class=\"name\">Marca:<\/span><span class=\"value\">Maldito Games<\/span><\/div>\n<\/div>\n","protected":false},"featured_media":4967,"comment_status":"open","ping_status":"closed","template":"","meta":{"_themeisle_gutenberg_block_has_review":false},"product_brand":[],"product_cat":[29,93],"product_tag":[218,197,308],"class_list":{"0":"post-4966","1":"product","2":"type-product","3":"status-publish","4":"has-post-thumbnail","6":"product_cat-juegos-de-mesa","7":"product_cat-maldito-games","8":"product_tag-juegodemesa","9":"product_tag-malditogames","10":"product_tag-partygame","12":"first","13":"instock","14":"shipping-taxable","15":"purchasable","16":"product-type-simple"},"_links":{"self":[{"href":"https:\/\/magicgamesbolivia.com\/index.php\/wp-json\/wp\/v2\/product\/4966","targetHints":{"allow":["GET"]}}],"collection":[{"href":"https:\/\/magicgamesbolivia.com\/index.php\/wp-json\/wp\/v2\/product"}],"about":[{"href":"https:\/\/magicgamesbolivia.com\/index.php\/wp-json\/wp\/v2\/types\/product"}],"replies":[{"embeddable":true,"href":"https:\/\/magicgamesbolivia.com\/index.php\/wp-json\/wp\/v2\/comments?post=4966"}],"version-history":[{"count":1,"href":"https:\/\/magicgamesbolivia.com\/index.php\/wp-json\/wp\/v2\/product\/4966\/revisions"}],"predecessor-version":[{"id":4970,"href":"https:\/\/magicgamesbolivia.com\/index.php\/wp-json\/wp\/v2\/product\/4966\/revisions\/4970"}],"wp:featuredmedia":[{"embeddable":true,"href":"https:\/\/magicgamesbolivia.com\/index.php\/wp-json\/wp\/v2\/media\/4967"}],"wp:attachment":[{"href":"https:\/\/magicgamesbolivia.com\/index.php\/wp-json\/wp\/v2\/media?parent=4966"}],"wp:term":[{"taxonomy":"product_brand","embeddable":true,"href":"https:\/\/magicgamesbolivia.com\/index.php\/wp-json\/wp\/v2\/product_brand?post=4966"},{"taxonomy":"product_cat","embeddable":true,"href":"https:\/\/magicgamesbolivia.com\/index.php\/wp-json\/wp\/v2\/product_cat?post=4966"},{"taxonomy":"product_tag","embeddable":true,"href":"https:\/\/magicgamesbolivia.com\/index.php\/wp-json\/wp\/v2\/product_tag?post=4966"}],"curies":[{"name":"wp","href":"https:\/\/api.w.org\/{rel}","templated":true}]}}