{"id":4960,"date":"2024-01-22T23:10:20","date_gmt":"2024-01-22T23:10:20","guid":{"rendered":"https:\/\/magicgamesbolivia.com\/?post_type=product&#038;p=4960"},"modified":"2024-11-27T20:39:55","modified_gmt":"2024-11-27T20:39:55","slug":"lacrimosa","status":"publish","type":"product","link":"https:\/\/magicgamesbolivia.com\/index.php\/product\/lacrimosa\/","title":{"rendered":"Lacrimosa"},"content":{"rendered":"<p><strong>Lacrimosa<\/strong>\u00a0es un\u00a0<strong>juego de mesa<\/strong>\u00a0en el que, tras la\u00a0<strong>muerte<\/strong>\u00a0de\u00a0<strong>Wolfgang Amadeus Mozart<\/strong>, como\u00a0<strong>mecenas<\/strong>\u00a0del m\u00fasico, tendr\u00e1s que participar en la\u00a0<strong>financiaci\u00f3n<\/strong>\u00a0de su\u00a0<strong>\u00faltima<\/strong>\u00a0<strong>obra<\/strong>, el\u00a0<strong>Opus<\/strong>\u00a0<strong>Requiem<\/strong>. Adem\u00e1s, rememorar\u00e1s y volver\u00e1s a contar todos tus\u00a0<strong>recuerdos<\/strong>\u00a0junto a\u00a0<strong>Mozart<\/strong>\u00a0para asegurarte de pasar a la historia como el\u00a0<strong>mecenas<\/strong>\u00a0m\u00e1s\u00a0<strong>importante<\/strong>\u00a0de\u00a0<strong>Mozart<\/strong>.<\/p>\n<p>&nbsp;<\/p>\n<p>En\u00a0<strong>Lacrimosa<\/strong>, los jugadores asumen el papel de\u00a0<strong>mecenas<\/strong>\u00a0del difunto m\u00fasico,\u00a0<strong>contribuyendo<\/strong>\u00a0con sus fondos a las\u00a0<strong>obras<\/strong>\u00a0del\u00a0<strong>compositor<\/strong>\u00a0por \u00faltima vez. Durante el juego,\u00a0<strong>juegas<\/strong>\u00a0en\u00a0<strong>dos<\/strong>\u00a0<strong>l\u00edneas<\/strong>\u00a0<strong>temporales<\/strong>\u00a0diferentes: el\u00a0<strong>presente<\/strong>\u00a0y el\u00a0<strong>pasado<\/strong>. En el\u00a0<strong>presente<\/strong>,\u00a0<strong>encargas<\/strong>\u00a0las\u00a0<strong>partes<\/strong>\u00a0que faltan del\u00a0<strong>R\u00e9quiem<\/strong>\u00a0a otros\u00a0<strong>compositores<\/strong>\u00a0para completarlo. En el\u00a0<strong>pasado<\/strong>, el juego se desarrolla en\u00a0<strong>cinco<\/strong>\u00a0<strong>\u00e9pocas<\/strong>\u00a0en las que contribuyes\u00a0<strong>comprando<\/strong>\u00a0nuevas\u00a0<strong>composiciones<\/strong>\u00a0al compositor para\u00a0<strong>venderlas<\/strong>\u00a0o\u00a0<strong>exponerlas<\/strong>, le acompa\u00f1as en los diferentes\u00a0<strong>viajes<\/strong>\u00a0por las principales\u00a0<strong>cortes<\/strong>\u00a0y\u00a0<strong>teatros<\/strong>\u00a0de\u00a0<strong>Europa<\/strong>\u00a0y re\u00fanes los\u00a0<strong>recursos<\/strong>\u00a0necesarios para apoyar al m\u00fasico durante su carrera.<\/p>\n<p>Durante el juego,\u00a0<strong>juegas<\/strong>\u00a0<strong>cartas<\/strong>\u00a0de una mano limitada que ir\u00e1s\u00a0<strong>mejorando<\/strong>\u00a0a medida que\u00a0<strong>avance<\/strong>\u00a0la\u00a0<strong>partida<\/strong>. Estas cartas pueden jugarse como\u00a0<strong>acciones<\/strong>\u00a0o como\u00a0<strong>generadores<\/strong>\u00a0de\u00a0<strong>recursos<\/strong>, y los jugadores deben\u00a0<strong>optimizar<\/strong>\u00a0sus\u00a0<strong>recursos<\/strong>\u00a0y\u00a0<strong>finanzas<\/strong>\u00a0para apoyar su mejor versi\u00f3n de la\u00a0<strong>historia<\/strong>\u00a0y su\u00a0<strong>relaci\u00f3n<\/strong>\u00a0con\u00a0<strong>Mozart<\/strong>.<\/p>\n","protected":false},"excerpt":{"rendered":"<p><strong>Lacrimosa<\/strong>\u00a0es un\u00a0<strong>juego de mesa<\/strong>\u00a0en el que, tras la\u00a0<strong>muerte<\/strong>\u00a0de\u00a0<strong>Wolfgang Amadeus Mozart<\/strong>, como\u00a0<strong>mecenas<\/strong>\u00a0del m\u00fasico, tendr\u00e1s que participar en la\u00a0<strong>financiaci\u00f3n<\/strong>\u00a0de su\u00a0<strong>\u00faltima<\/strong>\u00a0<strong>obra<\/strong>, el\u00a0<strong>Opus<\/strong>\u00a0<strong>Requiem<\/strong>. Adem\u00e1s, rememorar\u00e1s y volver\u00e1s a contar todos tus\u00a0<strong>recuerdos<\/strong>\u00a0junto a\u00a0<strong>Mozart<\/strong>\u00a0para asegurarte de pasar a la historia como el\u00a0<strong>mecenas<\/strong>\u00a0m\u00e1s\u00a0<strong>importante<\/strong>\u00a0de\u00a0<strong>Mozart<\/strong>.<\/p>\n<div class=\"caracteristicas\">\n<section class=\"product-features\">\n<div class=\"box_features\">\n<div class=\"iconfeature\"><img decoding=\"async\" class=\"\" title=\"N\u00famero de jugadores: De 1 a 4 jugadores\" src=\"https:\/\/juegosdelamesaredonda.com\/img\/caracteristicas\/9.svg\" alt=\"N\u00famero de jugadores: De 1 a 4 jugadores\" \/><\/div>\n<div class=\"valuesfeatures\"><span class=\"name\">N\u00famero de jugadores:<\/span><span class=\"value\">De 1 a 4 jugadores<\/span><\/div>\n<\/div>\n<div class=\"box_features\">\n<div class=\"iconfeature\"><img decoding=\"async\" class=\"\" title=\"Duraci\u00f3n aproximada del juego: 90 minutos\" src=\"https:\/\/juegosdelamesaredonda.com\/img\/caracteristicas\/7.svg\" alt=\"Duraci\u00f3n aproximada del juego: 90 minutos\" \/><\/div>\n<div class=\"valuesfeatures\"><span class=\"name\">Duraci\u00f3n aproximada:<\/span><span class=\"value\">90 minutos<\/span><\/div>\n<\/div>\n<div class=\"box_features\">\n<div class=\"iconfeature\"><img decoding=\"async\" class=\"\" title=\"Edad m\u00ednima recomendada: 14 a\u00f1os\" src=\"https:\/\/juegosdelamesaredonda.com\/img\/caracteristicas\/10.svg\" alt=\"Edad m\u00ednima recomendada: 14 a\u00f1os\" \/><\/div>\n<div class=\"valuesfeatures\"><span class=\"name\">Edad m\u00ednima:<\/span><span class=\"value\">14 a\u00f1os<\/span><\/div>\n<\/div>\n<div class=\"box_features\">\n<div class=\"iconfeature\"><img decoding=\"async\" class=\"\" title=\"Tipo: Juego de tablero\" src=\"https:\/\/juegosdelamesaredonda.com\/img\/caracteristicas\/11.svg\" alt=\"Tipo: Juego de tablero\" \/><\/div>\n<div class=\"valuesfeatures\"><span class=\"name\">Tipo:<\/span><span class=\"value\">Juego de tablero<\/span><\/div>\n<\/div>\n<div class=\"box_features\">\n<div class=\"iconfeature\"><img decoding=\"async\" class=\"\" title=\"G\u00e9nero: Estrategia\" src=\"https:\/\/juegosdelamesaredonda.com\/img\/caracteristicas\/12.svg\" alt=\"G\u00e9nero: Estrategia\" \/><\/div>\n<div class=\"valuesfeatures\"><span class=\"name\">G\u00e9nero:<\/span><span class=\"value\">Estrategia<\/span><\/div>\n<\/div>\n<div class=\"box_features\">\n<div class=\"iconfeature\"><img decoding=\"async\" class=\"\" title=\"Idioma: Espa\u00f1ol\" src=\"https:\/\/juegosdelamesaredonda.com\/img\/caracteristicas\/14.svg\" alt=\"Idioma: Espa\u00f1ol\" \/><\/div>\n<div class=\"valuesfeatures\"><span class=\"name\">Idioma:<\/span><span class=\"value\">Espa\u00f1ol<\/span><\/div>\n<\/div>\n<div class=\"box_features\">\n<div class=\"iconfeature\"><img decoding=\"async\" class=\"\" title=\"Marca: Devir\" src=\"https:\/\/juegosdelamesaredonda.com\/img\/caracteristicas\/13.svg\" alt=\"Marca: Devir\" \/><\/div>\n<div class=\"valuesfeatures\"><span class=\"name\">Marca:<\/span><span class=\"value\">Devir<\/span><\/div>\n<\/div>\n<\/section>\n<\/div>\n<div class=\"blockreassurance_product\">\n<div><span class=\"item-product\"><img decoding=\"async\" class=\"svg\" src=\"https:\/\/juegosdelamesaredonda.com\/modules\/blockreassurance\/views\/img\/img_perso\/envio-gratuito.png\" \/>\u00a0\u00a0<\/span><\/p>\n<p class=\"block-title\">Env\u00edo gratuito a partir de 45\u20ac<\/p>\n<\/div>\n<div><span class=\"item-product\"><img decoding=\"async\" class=\"svg\" src=\"https:\/\/juegosdelamesaredonda.com\/modules\/blockreassurance\/views\/img\/img_perso\/pago-seguro.png\" \/>\u00a0\u00a0<\/span><\/p>\n<p class=\"block-title\">Pago seguro<\/p>\n<\/div>\n<\/div>\n<p>&nbsp;<\/p>\n","protected":false},"featured_media":4961,"comment_status":"open","ping_status":"closed","template":"","meta":{"_themeisle_gutenberg_block_has_review":false},"product_brand":[],"product_cat":[29,30],"product_tag":[31,679,155,837,838],"class_list":{"0":"post-4960","1":"product","2":"type-product","3":"status-publish","4":"has-post-thumbnail","6":"product_cat-juegos-de-mesa","7":"product_cat-devir","8":"product_tag-devir","9":"product_tag-eurogame","10":"product_tag-juegosdemesa","11":"product_tag-mozart","12":"product_tag-musica","14":"first","15":"outofstock","16":"shipping-taxable","17":"purchasable","18":"product-type-simple"},"_links":{"self":[{"href":"https:\/\/magicgamesbolivia.com\/index.php\/wp-json\/wp\/v2\/product\/4960","targetHints":{"allow":["GET"]}}],"collection":[{"href":"https:\/\/magicgamesbolivia.com\/index.php\/wp-json\/wp\/v2\/product"}],"about":[{"href":"https:\/\/magicgamesbolivia.com\/index.php\/wp-json\/wp\/v2\/types\/product"}],"replies":[{"embeddable":true,"href":"https:\/\/magicgamesbolivia.com\/index.php\/wp-json\/wp\/v2\/comments?post=4960"}],"version-history":[{"count":1,"href":"https:\/\/magicgamesbolivia.com\/index.php\/wp-json\/wp\/v2\/product\/4960\/revisions"}],"predecessor-version":[{"id":4962,"href":"https:\/\/magicgamesbolivia.com\/index.php\/wp-json\/wp\/v2\/product\/4960\/revisions\/4962"}],"wp:featuredmedia":[{"embeddable":true,"href":"https:\/\/magicgamesbolivia.com\/index.php\/wp-json\/wp\/v2\/media\/4961"}],"wp:attachment":[{"href":"https:\/\/magicgamesbolivia.com\/index.php\/wp-json\/wp\/v2\/media?parent=4960"}],"wp:term":[{"taxonomy":"product_brand","embeddable":true,"href":"https:\/\/magicgamesbolivia.com\/index.php\/wp-json\/wp\/v2\/product_brand?post=4960"},{"taxonomy":"product_cat","embeddable":true,"href":"https:\/\/magicgamesbolivia.com\/index.php\/wp-json\/wp\/v2\/product_cat?post=4960"},{"taxonomy":"product_tag","embeddable":true,"href":"https:\/\/magicgamesbolivia.com\/index.php\/wp-json\/wp\/v2\/product_tag?post=4960"}],"curies":[{"name":"wp","href":"https:\/\/api.w.org\/{rel}","templated":true}]}}