{"id":4940,"date":"2024-01-15T19:48:49","date_gmt":"2024-01-15T19:48:49","guid":{"rendered":"https:\/\/magicgamesbolivia.com\/?post_type=product&#038;p=4940"},"modified":"2025-01-15T22:54:08","modified_gmt":"2025-01-15T22:54:08","slug":"terraforming-mars-expedicion-ares","status":"publish","type":"product","link":"https:\/\/magicgamesbolivia.com\/index.php\/product\/terraforming-mars-expedicion-ares\/","title":{"rendered":"Terraforming Mars: Expedicion Ares"},"content":{"rendered":"<p>Expedici\u00f3n Ares es un juego de cartas en el que asumes el control de una corporaci\u00f3n interplanetaria con la misi\u00f3n de hacer que Marte sea habitable (y rentable). Con mec\u00e1nicas de selecci\u00f3n y resoluci\u00f3n simult\u00e1nea de acciones, Expedici\u00f3n Ares es un juego de estrategia r\u00e1pido inspirado en principios cient\u00edficos.<br \/>\n\u00bfLiderar\u00e1s la nueva era de la humanidad?<\/p>\n","protected":false},"excerpt":{"rendered":"<div class=\"fusion-title title fusion-title-1 fusion-no-small-visibility fusion-title-center fusion-title-text fusion-title-size-one cl-pagjuego-mainsection\">\n<h1 class=\"fusion-title-heading title-heading-center fusion-responsive-typography-calculated\">Acerca de Expedici\u00f3n Ares<\/h1>\n<\/div>\n<div class=\"clGa-mainIconsBlock\">\n<div class=\"clGa-mainIcon\">\u00a01-4<span class=\"clGa-mainIcons-smTxt\"> jugadores<\/span><\/div>\n<div class=\"clGa-mainIcons-wrapMid\">\n<div class=\"clGa-mainIcon-center\">\u00a060<span class=\"clGa-mainIcons-smTxt\"> minutos<\/span><\/div>\n<\/div>\n<div class=\"clGa-mainIcon\">\u00a014+<span class=\"clGa-mainIcons-smTxt\">\u00a0a\u00f1os<\/span><\/div>\n<\/div>\n<div class=\"fusion-text fusion-text-2\">\n<p><em>\u00a1Un juego nuevo e independiente en el universo del superventas Terraforming Mars!<\/em><\/p>\n<p><em>En esta \u00e9poca de prosperidad y desarrollo sin precedentes para la humanidad, por fin estamos listos para expandirnos m\u00e1s all\u00e1 de lo que una vez se consideraron nuestros l\u00edmites y fundar un nuevo hogar entre las estrellas.<\/em><\/p>\n<\/div>\n","protected":false},"featured_media":4941,"comment_status":"open","ping_status":"closed","template":"","meta":{"_themeisle_gutenberg_block_has_review":false},"product_brand":[],"product_cat":[29,93],"product_tag":[833,197,831,832],"class_list":{"0":"post-4940","1":"product","2":"type-product","3":"status-publish","4":"has-post-thumbnail","6":"product_cat-juegos-de-mesa","7":"product_cat-maldito-games","8":"product_tag-expedicionares","9":"product_tag-malditogames","10":"product_tag-marte","11":"product_tag-terrafomingmarsares","13":"first","14":"outofstock","15":"shipping-taxable","16":"purchasable","17":"product-type-simple"},"_links":{"self":[{"href":"https:\/\/magicgamesbolivia.com\/index.php\/wp-json\/wp\/v2\/product\/4940","targetHints":{"allow":["GET"]}}],"collection":[{"href":"https:\/\/magicgamesbolivia.com\/index.php\/wp-json\/wp\/v2\/product"}],"about":[{"href":"https:\/\/magicgamesbolivia.com\/index.php\/wp-json\/wp\/v2\/types\/product"}],"replies":[{"embeddable":true,"href":"https:\/\/magicgamesbolivia.com\/index.php\/wp-json\/wp\/v2\/comments?post=4940"}],"version-history":[{"count":1,"href":"https:\/\/magicgamesbolivia.com\/index.php\/wp-json\/wp\/v2\/product\/4940\/revisions"}],"predecessor-version":[{"id":4944,"href":"https:\/\/magicgamesbolivia.com\/index.php\/wp-json\/wp\/v2\/product\/4940\/revisions\/4944"}],"wp:featuredmedia":[{"embeddable":true,"href":"https:\/\/magicgamesbolivia.com\/index.php\/wp-json\/wp\/v2\/media\/4941"}],"wp:attachment":[{"href":"https:\/\/magicgamesbolivia.com\/index.php\/wp-json\/wp\/v2\/media?parent=4940"}],"wp:term":[{"taxonomy":"product_brand","embeddable":true,"href":"https:\/\/magicgamesbolivia.com\/index.php\/wp-json\/wp\/v2\/product_brand?post=4940"},{"taxonomy":"product_cat","embeddable":true,"href":"https:\/\/magicgamesbolivia.com\/index.php\/wp-json\/wp\/v2\/product_cat?post=4940"},{"taxonomy":"product_tag","embeddable":true,"href":"https:\/\/magicgamesbolivia.com\/index.php\/wp-json\/wp\/v2\/product_tag?post=4940"}],"curies":[{"name":"wp","href":"https:\/\/api.w.org\/{rel}","templated":true}]}}