{"id":4931,"date":"2024-01-08T23:26:07","date_gmt":"2024-01-08T23:26:07","guid":{"rendered":"https:\/\/magicgamesbolivia.com\/?post_type=product&#038;p=4931"},"modified":"2024-12-26T14:01:44","modified_gmt":"2024-12-26T14:01:44","slug":"western-legends","status":"publish","type":"product","link":"https:\/\/magicgamesbolivia.com\/index.php\/product\/western-legends\/","title":{"rendered":"WESTERN LEGENDS"},"content":{"rendered":"<p><em>Western Legends<\/em>\u00a0en un juego tipo \u00absandbox\u00bb en el que los jugadores asumen los roles de figuras hist\u00f3ricas del salvaje oeste. Durante la partida, los jugadores obtendr\u00e1n Puntos de Leyenda (PL) de distintas formas. Algunos se convertir\u00e1n en proscritos, ganando Puntos de Forajido (PF) por atracar bancos, cuatrerismo y por robar a otros jugadores. Otros seguir\u00e1n el camino de la ley, obteniendo Puntos de Alguacil (PA) por combatir a los bandidos, por arrear ganado y por arrestar a jugadores forajidos. Solo una cosa es cierta: la historia solo recuerda a las grandes leyendas.<\/p>\n","protected":false},"excerpt":{"rendered":"<p>\u00a1Los personajes hist\u00f3ricos del salvaje oeste americano se enfrentan\u00a0 y crean nuevas leyendas ! Prepara tu arma y tu montura para inscribir tu nombre en los anales de la historia.<\/p>\n<div class=\"clGa-mainIcon\">\u00a02-6<span class=\"clGa-mainIcons-smTxt\">\u00a0jugadores<\/span><\/div>\n<div class=\"clGa-mainIcons-wrapMid\">\n<div class=\"clGa-mainIcon-center\">\u00a060-90<span class=\"clGa-mainIcons-smTxt\"> minutos<\/span><\/div>\n<\/div>\n<div class=\"clGa-mainIcon\">\u00a0 \u00a014+<span class=\"clGa-mainIcons-smTxt\">\u00a0a\u00f1os<\/span><\/div>\n","protected":false},"featured_media":4936,"comment_status":"open","ping_status":"closed","template":"","meta":{"_themeisle_gutenberg_block_has_review":false},"product_brand":[],"product_cat":[29,93],"product_tag":[299,155,197,830],"class_list":{"0":"post-4931","1":"product","2":"type-product","3":"status-publish","4":"has-post-thumbnail","6":"product_cat-juegos-de-mesa","7":"product_cat-maldito-games","8":"product_tag-espanol","9":"product_tag-juegosdemesa","10":"product_tag-malditogames","11":"product_tag-westernlegends","13":"first","14":"outofstock","15":"shipping-taxable","16":"purchasable","17":"product-type-simple"},"_links":{"self":[{"href":"https:\/\/magicgamesbolivia.com\/index.php\/wp-json\/wp\/v2\/product\/4931","targetHints":{"allow":["GET"]}}],"collection":[{"href":"https:\/\/magicgamesbolivia.com\/index.php\/wp-json\/wp\/v2\/product"}],"about":[{"href":"https:\/\/magicgamesbolivia.com\/index.php\/wp-json\/wp\/v2\/types\/product"}],"replies":[{"embeddable":true,"href":"https:\/\/magicgamesbolivia.com\/index.php\/wp-json\/wp\/v2\/comments?post=4931"}],"version-history":[{"count":1,"href":"https:\/\/magicgamesbolivia.com\/index.php\/wp-json\/wp\/v2\/product\/4931\/revisions"}],"predecessor-version":[{"id":4938,"href":"https:\/\/magicgamesbolivia.com\/index.php\/wp-json\/wp\/v2\/product\/4931\/revisions\/4938"}],"wp:featuredmedia":[{"embeddable":true,"href":"https:\/\/magicgamesbolivia.com\/index.php\/wp-json\/wp\/v2\/media\/4936"}],"wp:attachment":[{"href":"https:\/\/magicgamesbolivia.com\/index.php\/wp-json\/wp\/v2\/media?parent=4931"}],"wp:term":[{"taxonomy":"product_brand","embeddable":true,"href":"https:\/\/magicgamesbolivia.com\/index.php\/wp-json\/wp\/v2\/product_brand?post=4931"},{"taxonomy":"product_cat","embeddable":true,"href":"https:\/\/magicgamesbolivia.com\/index.php\/wp-json\/wp\/v2\/product_cat?post=4931"},{"taxonomy":"product_tag","embeddable":true,"href":"https:\/\/magicgamesbolivia.com\/index.php\/wp-json\/wp\/v2\/product_tag?post=4931"}],"curies":[{"name":"wp","href":"https:\/\/api.w.org\/{rel}","templated":true}]}}