{"id":4916,"date":"2024-01-08T22:59:23","date_gmt":"2024-01-08T22:59:23","guid":{"rendered":"https:\/\/magicgamesbolivia.com\/?post_type=product&#038;p=4916"},"modified":"2025-07-17T13:43:24","modified_gmt":"2025-07-17T13:43:24","slug":"expediciones","status":"publish","type":"product","link":"https:\/\/magicgamesbolivia.com\/index.php\/product\/expediciones\/","title":{"rendered":"Expediciones"},"content":{"rendered":"<div class=\"fusion-title title fusion-title-1 fusion-no-small-visibility fusion-title-center fusion-title-text fusion-title-size-one cl-pagjuego-mainsection\">\n<h2 class=\"fusion-title-heading title-heading-center fusion-responsive-typography-calculated\">Expediciones es un juego competitivo de exploraci\u00f3n con motor de producci\u00f3n. Juega cartas para obtener poder, astucia y habilidades \u00fanicas para tus trabajadores; mueve tu mech a lugares misteriosos; usa trabajadores, objetos, meteoritos y misiones para mejorar tu mech; y usa el poder y la astucia para eliminar la corrupci\u00f3n de la tierra.<\/h2>\n<\/div>\n<div class=\"clGa-mainIconsBlock\">\n<div class=\"clGa-mainIcon\">1-5<span class=\"clGa-mainIcons-smTxt\">\u00a0jugadores<\/span><\/div>\n<div><\/div>\n<p>60-90<span class=\"clGa-mainIcons-smTxt\">\u00a0minutos<\/span><\/p>\n<div class=\"clGa-mainIcon\">\u00a014+<span class=\"clGa-mainIcons-smTxt\">\u00a0a\u00f1os<\/span><\/div>\n<\/div>\n","protected":false},"excerpt":{"rendered":"<p><em>El mundo tiene la mirada puesta en Siberia, donde un enorme meteorito cay\u00f3 cerca del r\u00edo Tunguska, haciendo resurgir la antigua corrupci\u00f3n. Una expedici\u00f3n liderada por el Dr. Tarkovsky se adentr\u00f3 en la taiga para descubrir m\u00e1s sobre el meteorito y su impacto en la tierra. Ansiosos de aventuras, los h\u00e9roes de la guerra financian de forma privada sus propias expediciones a Siberia con la esperanza de encontrar artefactos, superar desaf\u00edos y, finalmente, alcanzar la gloria.<\/em><\/p>\n","protected":false},"featured_media":4917,"comment_status":"open","ping_status":"closed","template":"","meta":{"_themeisle_gutenberg_block_has_review":false},"product_brand":[],"product_cat":[29,93],"product_tag":[826,827,197,442],"class_list":{"0":"post-4916","1":"product","2":"type-product","3":"status-publish","4":"has-post-thumbnail","6":"product_cat-juegos-de-mesa","7":"product_cat-maldito-games","8":"product_tag-expediciones","9":"product_tag-jameystegmaier","10":"product_tag-malditogames","11":"product_tag-scythe","13":"first","14":"outofstock","15":"shipping-taxable","16":"purchasable","17":"product-type-simple"},"_links":{"self":[{"href":"https:\/\/magicgamesbolivia.com\/index.php\/wp-json\/wp\/v2\/product\/4916","targetHints":{"allow":["GET"]}}],"collection":[{"href":"https:\/\/magicgamesbolivia.com\/index.php\/wp-json\/wp\/v2\/product"}],"about":[{"href":"https:\/\/magicgamesbolivia.com\/index.php\/wp-json\/wp\/v2\/types\/product"}],"replies":[{"embeddable":true,"href":"https:\/\/magicgamesbolivia.com\/index.php\/wp-json\/wp\/v2\/comments?post=4916"}],"version-history":[{"count":1,"href":"https:\/\/magicgamesbolivia.com\/index.php\/wp-json\/wp\/v2\/product\/4916\/revisions"}],"predecessor-version":[{"id":4921,"href":"https:\/\/magicgamesbolivia.com\/index.php\/wp-json\/wp\/v2\/product\/4916\/revisions\/4921"}],"wp:featuredmedia":[{"embeddable":true,"href":"https:\/\/magicgamesbolivia.com\/index.php\/wp-json\/wp\/v2\/media\/4917"}],"wp:attachment":[{"href":"https:\/\/magicgamesbolivia.com\/index.php\/wp-json\/wp\/v2\/media?parent=4916"}],"wp:term":[{"taxonomy":"product_brand","embeddable":true,"href":"https:\/\/magicgamesbolivia.com\/index.php\/wp-json\/wp\/v2\/product_brand?post=4916"},{"taxonomy":"product_cat","embeddable":true,"href":"https:\/\/magicgamesbolivia.com\/index.php\/wp-json\/wp\/v2\/product_cat?post=4916"},{"taxonomy":"product_tag","embeddable":true,"href":"https:\/\/magicgamesbolivia.com\/index.php\/wp-json\/wp\/v2\/product_tag?post=4916"}],"curies":[{"name":"wp","href":"https:\/\/api.w.org\/{rel}","templated":true}]}}