{"id":4910,"date":"2024-01-06T20:34:23","date_gmt":"2024-01-06T20:34:23","guid":{"rendered":"https:\/\/magicgamesbolivia.com\/?post_type=product&#038;p=4910"},"modified":"2024-01-06T20:35:52","modified_gmt":"2024-01-06T20:35:52","slug":"monopoly-junior","status":"publish","type":"product","link":"https:\/\/magicgamesbolivia.com\/index.php\/product\/monopoly-junior\/","title":{"rendered":"MONOPOLY JUNIOR"},"content":{"rendered":"<h3 class=\"a-spacing-mini\">HASBRO &#8211; MONOPOLY JUNIOR<\/h3>\n<p>\u00a1Monopoly Junior permite a los ni\u00f1os ganar dinero de manera divertida!<\/p>\n<p>El juego de Monopoly Junior es como el juego cl\u00e1sico de Monopoly, pero es muy emocionante y est\u00e1 adaptado para los m\u00e1s peque\u00f1os.<\/p>\n<p>Los ni\u00f1os eligen su pe\u00f3n Junior favorito y aprenden c\u00f3mo comprar propiedades y cobrar alquileres.<\/p>\n<p>Los billetes \u00fanicos hacen las transacciones r\u00e1pidas y f\u00e1ciles. Incluye: tablero de juego, 4 peones, 20 cartas de suerte, 48 se\u00f1ales de vendido, 90 billetes, 4 tarjetas de personaje y 1 dado.<\/p>\n","protected":false},"excerpt":{"rendered":"<h3 class=\"a-spacing-small\" style=\"text-align: left;\">\u00a1Con Monopoly Junior los m\u00e1s peque\u00f1os tambi\u00e9n pueden ganar dinero, y aprender a comprar y vender propiedades de una forma divertida! \u00a1Es r\u00e1pido, m\u00e1s sencillo y est\u00e1 lleno de sorpresas!<\/h3>\n<p style=\"text-align: left;\">2 a 4 jugadores<\/p>\n<p style=\"text-align: left;\">edad\u00a0 5 o +<\/p>\n","protected":false},"featured_media":4911,"comment_status":"open","ping_status":"closed","template":"","meta":{"_themeisle_gutenberg_block_has_review":false},"product_brand":[],"product_cat":[812,29],"product_tag":[326,325,825,203,751],"class_list":{"0":"post-4910","1":"product","2":"type-product","3":"status-publish","4":"has-post-thumbnail","6":"product_cat-hasbro","7":"product_cat-juegos-de-mesa","8":"product_tag-familia","9":"product_tag-hasbro","10":"product_tag-junior","11":"product_tag-monopoly","12":"product_tag-ninos","14":"first","15":"instock","16":"shipping-taxable","17":"purchasable","18":"product-type-simple"},"_links":{"self":[{"href":"https:\/\/magicgamesbolivia.com\/index.php\/wp-json\/wp\/v2\/product\/4910","targetHints":{"allow":["GET"]}}],"collection":[{"href":"https:\/\/magicgamesbolivia.com\/index.php\/wp-json\/wp\/v2\/product"}],"about":[{"href":"https:\/\/magicgamesbolivia.com\/index.php\/wp-json\/wp\/v2\/types\/product"}],"replies":[{"embeddable":true,"href":"https:\/\/magicgamesbolivia.com\/index.php\/wp-json\/wp\/v2\/comments?post=4910"}],"version-history":[{"count":1,"href":"https:\/\/magicgamesbolivia.com\/index.php\/wp-json\/wp\/v2\/product\/4910\/revisions"}],"predecessor-version":[{"id":4913,"href":"https:\/\/magicgamesbolivia.com\/index.php\/wp-json\/wp\/v2\/product\/4910\/revisions\/4913"}],"wp:featuredmedia":[{"embeddable":true,"href":"https:\/\/magicgamesbolivia.com\/index.php\/wp-json\/wp\/v2\/media\/4911"}],"wp:attachment":[{"href":"https:\/\/magicgamesbolivia.com\/index.php\/wp-json\/wp\/v2\/media?parent=4910"}],"wp:term":[{"taxonomy":"product_brand","embeddable":true,"href":"https:\/\/magicgamesbolivia.com\/index.php\/wp-json\/wp\/v2\/product_brand?post=4910"},{"taxonomy":"product_cat","embeddable":true,"href":"https:\/\/magicgamesbolivia.com\/index.php\/wp-json\/wp\/v2\/product_cat?post=4910"},{"taxonomy":"product_tag","embeddable":true,"href":"https:\/\/magicgamesbolivia.com\/index.php\/wp-json\/wp\/v2\/product_tag?post=4910"}],"curies":[{"name":"wp","href":"https:\/\/api.w.org\/{rel}","templated":true}]}}