{"id":4875,"date":"2023-11-24T20:00:03","date_gmt":"2023-11-24T20:00:03","guid":{"rendered":"https:\/\/magicgamesbolivia.com\/?post_type=product&#038;p=4875"},"modified":"2023-11-24T20:00:45","modified_gmt":"2023-11-24T20:00:45","slug":"funko-peliculas-tortugas-ninja-mutantes-adolescentes-mutant-mayhem-donatello","status":"publish","type":"product","link":"https:\/\/magicgamesbolivia.com\/index.php\/product\/funko-peliculas-tortugas-ninja-mutantes-adolescentes-mutant-mayhem-donatello\/","title":{"rendered":"Funko Pop: Tortugas Ninja Mutantes Adolescentes: Mutant Mayhem &#8211; Donatello"},"content":{"rendered":"","protected":false},"excerpt":{"rendered":"<p>\u00a1Prep\u00e1rate para la acci\u00f3n! Donatello ha llegado para repartir golpes y derrotar a los villanos que amenazan tu colecci\u00f3n en Teenage Mutant Ninja Turtles: Mutant Mayhem. \u00a1No te pierdas la oportunidad de sumergirte en la emoci\u00f3n y enfrentar el caos junto a tu valiente tortuga ninja!<\/p>\n","protected":false},"featured_media":4876,"comment_status":"open","ping_status":"closed","template":"","meta":{"_themeisle_gutenberg_block_has_review":false},"product_brand":[],"product_cat":[143],"product_tag":[823,234,218],"class_list":{"0":"post-4875","1":"product","2":"type-product","3":"status-publish","4":"has-post-thumbnail","6":"product_cat-funkos","7":"product_tag-donatello","8":"product_tag-funkopop","9":"product_tag-juegodemesa","11":"first","12":"instock","13":"shipping-taxable","14":"purchasable","15":"product-type-simple"},"_links":{"self":[{"href":"https:\/\/magicgamesbolivia.com\/index.php\/wp-json\/wp\/v2\/product\/4875","targetHints":{"allow":["GET"]}}],"collection":[{"href":"https:\/\/magicgamesbolivia.com\/index.php\/wp-json\/wp\/v2\/product"}],"about":[{"href":"https:\/\/magicgamesbolivia.com\/index.php\/wp-json\/wp\/v2\/types\/product"}],"replies":[{"embeddable":true,"href":"https:\/\/magicgamesbolivia.com\/index.php\/wp-json\/wp\/v2\/comments?post=4875"}],"version-history":[{"count":2,"href":"https:\/\/magicgamesbolivia.com\/index.php\/wp-json\/wp\/v2\/product\/4875\/revisions"}],"predecessor-version":[{"id":4878,"href":"https:\/\/magicgamesbolivia.com\/index.php\/wp-json\/wp\/v2\/product\/4875\/revisions\/4878"}],"wp:featuredmedia":[{"embeddable":true,"href":"https:\/\/magicgamesbolivia.com\/index.php\/wp-json\/wp\/v2\/media\/4876"}],"wp:attachment":[{"href":"https:\/\/magicgamesbolivia.com\/index.php\/wp-json\/wp\/v2\/media?parent=4875"}],"wp:term":[{"taxonomy":"product_brand","embeddable":true,"href":"https:\/\/magicgamesbolivia.com\/index.php\/wp-json\/wp\/v2\/product_brand?post=4875"},{"taxonomy":"product_cat","embeddable":true,"href":"https:\/\/magicgamesbolivia.com\/index.php\/wp-json\/wp\/v2\/product_cat?post=4875"},{"taxonomy":"product_tag","embeddable":true,"href":"https:\/\/magicgamesbolivia.com\/index.php\/wp-json\/wp\/v2\/product_tag?post=4875"}],"curies":[{"name":"wp","href":"https:\/\/api.w.org\/{rel}","templated":true}]}}