{"id":4866,"date":"2023-11-24T19:48:22","date_gmt":"2023-11-24T19:48:22","guid":{"rendered":"https:\/\/magicgamesbolivia.com\/?post_type=product&#038;p=4866"},"modified":"2023-11-24T19:49:47","modified_gmt":"2023-11-24T19:49:47","slug":"funko-peliculas-tortugas-ninja-mutantes-adolescentes-mutant-mayhem-raphael-leonardo","status":"publish","type":"product","link":"https:\/\/magicgamesbolivia.com\/index.php\/product\/funko-peliculas-tortugas-ninja-mutantes-adolescentes-mutant-mayhem-raphael-leonardo\/","title":{"rendered":"Funko Pop: Tortugas Ninja Mutantes Adolescentes: Mutant Mayhem &#8211; Raphael &#8211; Leonardo"},"content":{"rendered":"","protected":false},"excerpt":{"rendered":"<p>\u00a1Prep\u00e1rate para la acci\u00f3n! Leonardo ha llegado para repartir golpes y derrotar a los villanos que amenazan tu colecci\u00f3n en Teenage Mutant Ninja Turtles: Mutant Mayhem. \u00a1No te pierdas la oportunidad de sumergirte en la emoci\u00f3n y enfrentar el caos junto a tu valiente tortuga ninja!<\/p>\n","protected":false},"featured_media":4867,"comment_status":"open","ping_status":"closed","template":"","meta":{"_themeisle_gutenberg_block_has_review":false},"product_brand":[],"product_cat":[143],"product_tag":[146,820,238],"class_list":{"0":"post-4866","1":"product","2":"type-product","3":"status-publish","4":"has-post-thumbnail","6":"product_cat-funkos","7":"product_tag-funko","8":"product_tag-leonardo","9":"product_tag-pop","11":"first","12":"instock","13":"shipping-taxable","14":"purchasable","15":"product-type-simple"},"_links":{"self":[{"href":"https:\/\/magicgamesbolivia.com\/index.php\/wp-json\/wp\/v2\/product\/4866","targetHints":{"allow":["GET"]}}],"collection":[{"href":"https:\/\/magicgamesbolivia.com\/index.php\/wp-json\/wp\/v2\/product"}],"about":[{"href":"https:\/\/magicgamesbolivia.com\/index.php\/wp-json\/wp\/v2\/types\/product"}],"replies":[{"embeddable":true,"href":"https:\/\/magicgamesbolivia.com\/index.php\/wp-json\/wp\/v2\/comments?post=4866"}],"version-history":[{"count":2,"href":"https:\/\/magicgamesbolivia.com\/index.php\/wp-json\/wp\/v2\/product\/4866\/revisions"}],"predecessor-version":[{"id":4869,"href":"https:\/\/magicgamesbolivia.com\/index.php\/wp-json\/wp\/v2\/product\/4866\/revisions\/4869"}],"wp:featuredmedia":[{"embeddable":true,"href":"https:\/\/magicgamesbolivia.com\/index.php\/wp-json\/wp\/v2\/media\/4867"}],"wp:attachment":[{"href":"https:\/\/magicgamesbolivia.com\/index.php\/wp-json\/wp\/v2\/media?parent=4866"}],"wp:term":[{"taxonomy":"product_brand","embeddable":true,"href":"https:\/\/magicgamesbolivia.com\/index.php\/wp-json\/wp\/v2\/product_brand?post=4866"},{"taxonomy":"product_cat","embeddable":true,"href":"https:\/\/magicgamesbolivia.com\/index.php\/wp-json\/wp\/v2\/product_cat?post=4866"},{"taxonomy":"product_tag","embeddable":true,"href":"https:\/\/magicgamesbolivia.com\/index.php\/wp-json\/wp\/v2\/product_tag?post=4866"}],"curies":[{"name":"wp","href":"https:\/\/api.w.org\/{rel}","templated":true}]}}