{"id":4863,"date":"2023-11-24T19:23:55","date_gmt":"2023-11-24T19:23:55","guid":{"rendered":"https:\/\/magicgamesbolivia.com\/?post_type=product&#038;p=4863"},"modified":"2023-11-24T19:26:22","modified_gmt":"2023-11-24T19:26:22","slug":"funko-pop-tortugas-ninja-mutantes-adolescentes-mutant-mayhem-raphael","status":"publish","type":"product","link":"https:\/\/magicgamesbolivia.com\/index.php\/product\/funko-pop-tortugas-ninja-mutantes-adolescentes-mutant-mayhem-raphael\/","title":{"rendered":"Funko Pop: Tortugas Ninja Mutantes Adolescentes: Mutant Mayhem &#8211; Raphael"},"content":{"rendered":"","protected":false},"excerpt":{"rendered":"<p>\u00a1Prep\u00e1rate para la acci\u00f3n! Raphael ha llegado para repartir golpes y derrotar a los villanos que amenazan tu colecci\u00f3n en Teenage Mutant Ninja Turtles: Mutant Mayhem. \u00a1No te pierdas la oportunidad de sumergirte en la emoci\u00f3n y enfrentar el caos junto a tu valiente tortuga ninja!<\/p>\n","protected":false},"featured_media":4864,"comment_status":"open","ping_status":"closed","template":"","meta":{"_themeisle_gutenberg_block_has_review":false},"product_brand":[],"product_cat":[143],"product_tag":[817,234,819,818],"class_list":{"0":"post-4863","1":"product","2":"type-product","3":"status-publish","4":"has-post-thumbnail","6":"product_cat-funkos","7":"product_tag-coleccion","8":"product_tag-funkopop","9":"product_tag-raphael","10":"product_tag-tortugasninja","12":"first","13":"instock","14":"shipping-taxable","15":"purchasable","16":"product-type-simple"},"_links":{"self":[{"href":"https:\/\/magicgamesbolivia.com\/index.php\/wp-json\/wp\/v2\/product\/4863","targetHints":{"allow":["GET"]}}],"collection":[{"href":"https:\/\/magicgamesbolivia.com\/index.php\/wp-json\/wp\/v2\/product"}],"about":[{"href":"https:\/\/magicgamesbolivia.com\/index.php\/wp-json\/wp\/v2\/types\/product"}],"replies":[{"embeddable":true,"href":"https:\/\/magicgamesbolivia.com\/index.php\/wp-json\/wp\/v2\/comments?post=4863"}],"version-history":[{"count":1,"href":"https:\/\/magicgamesbolivia.com\/index.php\/wp-json\/wp\/v2\/product\/4863\/revisions"}],"predecessor-version":[{"id":4865,"href":"https:\/\/magicgamesbolivia.com\/index.php\/wp-json\/wp\/v2\/product\/4863\/revisions\/4865"}],"wp:featuredmedia":[{"embeddable":true,"href":"https:\/\/magicgamesbolivia.com\/index.php\/wp-json\/wp\/v2\/media\/4864"}],"wp:attachment":[{"href":"https:\/\/magicgamesbolivia.com\/index.php\/wp-json\/wp\/v2\/media?parent=4863"}],"wp:term":[{"taxonomy":"product_brand","embeddable":true,"href":"https:\/\/magicgamesbolivia.com\/index.php\/wp-json\/wp\/v2\/product_brand?post=4863"},{"taxonomy":"product_cat","embeddable":true,"href":"https:\/\/magicgamesbolivia.com\/index.php\/wp-json\/wp\/v2\/product_cat?post=4863"},{"taxonomy":"product_tag","embeddable":true,"href":"https:\/\/magicgamesbolivia.com\/index.php\/wp-json\/wp\/v2\/product_tag?post=4863"}],"curies":[{"name":"wp","href":"https:\/\/api.w.org\/{rel}","templated":true}]}}