{"id":4568,"date":"2023-11-06T20:50:42","date_gmt":"2023-11-06T20:50:42","guid":{"rendered":"https:\/\/magicgamesbolivia.com\/?post_type=product&#038;p=4568"},"modified":"2026-01-10T23:27:08","modified_gmt":"2026-01-10T23:27:08","slug":"carcassonne-big-box","status":"publish","type":"product","link":"https:\/\/magicgamesbolivia.com\/index.php\/product\/carcassonne-big-box\/","title":{"rendered":"Carcassonne Big Box"},"content":{"rendered":"<p><strong>Carcassonne<\/strong>, uno de los\u00a0<strong>juegos de mesa modernos m\u00e1s emblem\u00e1ticos<\/strong>, que adem\u00e1s est\u00e1 ambientado en una de las ciudades medievales m\u00e1s admiradas del mundo, merece, sin lugar a dudas, una<strong>\u00a0Big Box<\/strong>. \u00a1Y desde luego este a\u00f1o es m\u00e1s grande que nunca!<strong>Carcassonne\u00a0Big Box\u00a0<\/strong>nos trae, en esta\u00a0<strong>nueva edici\u00f3n<\/strong>, nada m\u00e1s y nada menos que\u00a0<strong>11 expansiones<\/strong>, adem\u00e1s del\u00a0<strong>juego de mesa b\u00e1sico<\/strong>, todo ello con el nuevo y mejorado arte de la \u00faltima edici\u00f3n.Disfruta de una experiencia a lo grande con las\u00a0<strong>dos expansiones<\/strong>\u00a0m\u00e1s celebradas del juego,\u00a0<strong>Posadas y Catedrales<\/strong>, y\u00a0<strong>Constructores y Comerciantes<\/strong>, incluyendo adem\u00e1s los complementos de El Abad y El R\u00edo. Sin embargo, la gran novedad de esta edici\u00f3n es que incluye las buscadas\u00a0<strong>6 mini-expansiones al completo<\/strong>, siendo esta una oportunidad de oro para hacerte con ellas: M\u00e1quinas Voladoras, Transbordadores, Despachos, Minas De Oro, Mago y Bruja, y Ladrones, que adem\u00e1s, todas juntas crean la expansi\u00f3n extra C\u00edrculos En Los Cultivos.Esta nueva edici\u00f3n tan completa se convierte en un\u00a0punto de partida ideal para todos los\u00a0<strong>fans de Carcassonne<\/strong>\u00a0y para todos aquellos que quieran disfrutar de este juego cl\u00e1sico combin\u00e1ndolo de m\u00faltiples maneras. Con tantas expansiones, tendr\u00e1s un\u00a0<strong>sinf\u00edn de posibilidades para preparar la partida<\/strong>\u00a0seg\u00fan tus gustos.\u00a0\u00a1Una oportunidad \u00fanica de introducirse en el vasto universo de\u00a0<strong>Carcassonne<\/strong>\u00a0a un precio excepcional!<\/p>\n","protected":false},"excerpt":{"rendered":"<p><strong>Carcassonne Big Box<\/strong>\u00a0es una\u00a0<strong>nueva edici\u00f3n<\/strong>\u00a0de este emblem\u00e1tico<strong>\u00a0juego de mesa<\/strong>\u00a0que incluye el\u00a0<strong>juego base y 11 expansiones<\/strong>, todo en la misma caja. Ideal para todos los fans del juego y para los que quieran iniciarse. \u00a1Una oportunidad \u00fanica de introducirse en el vasto universo de\u00a0<strong>Carcassonne<\/strong>\u00a0a un precio excepcional!<\/p>\n<div class=\"box_features\">\n<div class=\"iconfeature\"><img decoding=\"async\" class=\"\" title=\"N\u00famero de jugadores: De 2 a 8 jugadores\" src=\"https:\/\/juegosdelamesaredonda.com\/img\/caracteristicas\/9.svg\" alt=\"N\u00famero de jugadores: De 2 a 8 jugadores\" \/> <span class=\"name\">N\u00famero de jugadores:<\/span><span class=\"value\">De 2 a 8 jugadores<\/span><\/div>\n<div class=\"valuesfeatures\"><img decoding=\"async\" class=\"\" title=\"Duraci\u00f3n aproximada del juego: 30 minutos\" src=\"https:\/\/juegosdelamesaredonda.com\/img\/caracteristicas\/7.svg\" alt=\"Duraci\u00f3n aproximada del juego: 30 minutos\" \/> <span class=\"name\">Duraci\u00f3n aproximada:<\/span><span class=\"value\">30 minutos<\/span><\/div>\n<\/div>\n<div class=\"box_features\">\n<div class=\"valuesfeatures\"><img decoding=\"async\" class=\"\" title=\"Edad m\u00ednima recomendada: 7 a\u00f1os\" src=\"https:\/\/juegosdelamesaredonda.com\/img\/caracteristicas\/10.svg\" alt=\"Edad m\u00ednima recomendada: 7 a\u00f1os\" \/> <span class=\"name\">Edad m\u00ednima:<\/span><span class=\"value\">7 a\u00f1os<\/span><\/div>\n<\/div>\n<div class=\"box_features\">\n<div class=\"valuesfeatures\"><img decoding=\"async\" class=\"\" title=\"Tipo: Juego de tablero\" src=\"https:\/\/juegosdelamesaredonda.com\/img\/caracteristicas\/11.svg\" alt=\"Tipo: Juego de tablero\" \/> \u00a0<span class=\"name\">Tipo:<\/span><span class=\"value\">Juego de tablero<\/span><\/div>\n<\/div>\n<div class=\"box_features\">\n<div class=\"iconfeature\"><img decoding=\"async\" class=\"\" title=\"G\u00e9nero: Estrategia\" src=\"https:\/\/juegosdelamesaredonda.com\/img\/caracteristicas\/12.svg\" alt=\"G\u00e9nero: Estrategia\" \/> \u00a0<span class=\"name\">G\u00e9nero:<\/span><span class=\"value\">Estrategia<\/span><\/div>\n<\/div>\n<div class=\"box_features\">\n<div class=\"iconfeature\"><img decoding=\"async\" class=\"\" title=\"Idioma: Espa\u00f1ol\" src=\"https:\/\/juegosdelamesaredonda.com\/img\/caracteristicas\/14.svg\" alt=\"Idioma: Espa\u00f1ol\" \/> \u00a0<span class=\"name\">Idioma:<\/span><span class=\"value\">Espa\u00f1ol<\/span><\/div>\n<\/div>\n<div class=\"box_features\">\n<div class=\"iconfeature\"><img decoding=\"async\" class=\"\" title=\"Marca: Devir\" src=\"https:\/\/juegosdelamesaredonda.com\/img\/caracteristicas\/13.svg\" alt=\"Marca: Devir\" \/> <span class=\"name\">Marca:<\/span><span class=\"value\">Devir<\/span><\/div>\n<\/div>\n","protected":false},"featured_media":4569,"comment_status":"open","ping_status":"closed","template":"","meta":{"_themeisle_gutenberg_block_has_review":false},"product_brand":[],"product_cat":[29,30],"product_tag":[813,60,31,267],"class_list":{"0":"post-4568","1":"product","2":"type-product","3":"status-publish","4":"has-post-thumbnail","6":"product_cat-juegos-de-mesa","7":"product_cat-devir","8":"product_tag-bigbox","9":"product_tag-carcassonne","10":"product_tag-devir","11":"product_tag-familiar","13":"first","14":"instock","15":"shipping-taxable","16":"purchasable","17":"product-type-simple"},"_links":{"self":[{"href":"https:\/\/magicgamesbolivia.com\/index.php\/wp-json\/wp\/v2\/product\/4568","targetHints":{"allow":["GET"]}}],"collection":[{"href":"https:\/\/magicgamesbolivia.com\/index.php\/wp-json\/wp\/v2\/product"}],"about":[{"href":"https:\/\/magicgamesbolivia.com\/index.php\/wp-json\/wp\/v2\/types\/product"}],"replies":[{"embeddable":true,"href":"https:\/\/magicgamesbolivia.com\/index.php\/wp-json\/wp\/v2\/comments?post=4568"}],"version-history":[{"count":1,"href":"https:\/\/magicgamesbolivia.com\/index.php\/wp-json\/wp\/v2\/product\/4568\/revisions"}],"predecessor-version":[{"id":4570,"href":"https:\/\/magicgamesbolivia.com\/index.php\/wp-json\/wp\/v2\/product\/4568\/revisions\/4570"}],"wp:featuredmedia":[{"embeddable":true,"href":"https:\/\/magicgamesbolivia.com\/index.php\/wp-json\/wp\/v2\/media\/4569"}],"wp:attachment":[{"href":"https:\/\/magicgamesbolivia.com\/index.php\/wp-json\/wp\/v2\/media?parent=4568"}],"wp:term":[{"taxonomy":"product_brand","embeddable":true,"href":"https:\/\/magicgamesbolivia.com\/index.php\/wp-json\/wp\/v2\/product_brand?post=4568"},{"taxonomy":"product_cat","embeddable":true,"href":"https:\/\/magicgamesbolivia.com\/index.php\/wp-json\/wp\/v2\/product_cat?post=4568"},{"taxonomy":"product_tag","embeddable":true,"href":"https:\/\/magicgamesbolivia.com\/index.php\/wp-json\/wp\/v2\/product_tag?post=4568"}],"curies":[{"name":"wp","href":"https:\/\/api.w.org\/{rel}","templated":true}]}}