{"id":4545,"date":"2023-09-18T23:22:55","date_gmt":"2023-09-18T23:22:55","guid":{"rendered":"https:\/\/magicgamesbolivia.com\/?post_type=product&#038;p=4545"},"modified":"2024-07-14T00:28:25","modified_gmt":"2024-07-14T00:28:25","slug":"marvel-zombies-heroes-resistance","status":"publish","type":"product","link":"https:\/\/magicgamesbolivia.com\/index.php\/product\/marvel-zombies-heroes-resistance\/","title":{"rendered":"Marvel Zombies: Heroes Resistance"},"content":{"rendered":"<p><strong>Marvel Zombies: Heroes Resistance<\/strong>\u00a0es un\u00a0<strong>juego de mesa Marvel Zombies<\/strong>\u00a0con el que podr\u00e1s luchar contra la temible\u00a0<strong>invasi\u00f3n<\/strong>\u00a0<strong>zombi<\/strong>\u00a0liderada por los\u00a0<strong>h\u00e9roes<\/strong>\u00a0m\u00e1s\u00a0<strong>poderosos<\/strong>\u00a0del mundo. Pero a\u00fan quedan algunos\u00a0<strong>superh\u00e9roes<\/strong>\u00a0para\u00a0<strong>enfrentarse<\/strong>\u00a0a los\u00a0<strong>muertos<\/strong>\u00a0<strong>vivientes<\/strong>. As\u00ed que re\u00fane a tu\u00a0<strong>equipo<\/strong>\u00a0de\u00a0<strong>Superh\u00e9roes<\/strong>\u00a0y re\u00fane todo tu poder. Eres la \u00faltima\u00a0<strong>esperanza<\/strong>\u00a0de la humanidad&#8230;<\/p>\n<p>Controla a los \u00faltimos\u00a0<strong>Superh\u00e9roes<\/strong>\u00a0<strong>supervivientes<\/strong>\u00a0que se enfrentan a los\u00a0<strong>H\u00e9roes Zombies<\/strong>\u00a0y a las\u00a0<strong>hordas<\/strong>\u00a0de\u00a0<strong>zombies<\/strong>\u00a0controladas por el propio juego. El\u00a0<strong>objetivo<\/strong>\u00a0es completar las\u00a0<strong>misiones<\/strong>, derrotar a tus\u00a0<strong>enemigos<\/strong>\u00a0y\u00a0<strong>rescatar<\/strong>\u00a0a los\u00a0<strong>transe\u00fantes<\/strong>\u00a0en peligro.\u00a0<strong>Eliminar<\/strong>\u00a0a los\u00a0<strong>Zombis<\/strong>\u00a0te da la experiencia necesaria para\u00a0<strong>convertirte<\/strong>\u00a0en un\u00a0<strong>Superh\u00e9roe<\/strong>\u00a0a\u00fan m\u00e1s poderoso. Pero cuanto m\u00e1s\u00a0<strong>fuerte<\/strong>\u00a0seas, \u00a1m\u00e1s\u00a0<strong>Zombis<\/strong>\u00a0aparecer\u00e1n para\u00a0<strong>cazarte<\/strong>\u00a0y\u00a0<strong>devorarte<\/strong>! \u00a1S\u00f3lo\u00a0<strong>trabajando<\/strong>\u00a0<strong>juntos<\/strong>\u00a0y llevando sus poderes al\u00a0<strong>l\u00edmite<\/strong>\u00a0pueden los\u00a0<strong>Superh\u00e9roes<\/strong>\u00a0esperar poner fin al\u00a0<strong>apocalipsis<\/strong>\u00a0<strong>zombi<\/strong>!<\/p>\n","protected":false},"excerpt":{"rendered":"<p><strong>Marvel Zombies: Heroes Resistance<\/strong>\u00a0es un\u00a0<strong>juego de mesa Marvel Zombies<\/strong>\u00a0con el que podr\u00e1s luchar contra la temible\u00a0<strong>invasi\u00f3n<\/strong>\u00a0<strong>zombi<\/strong>\u00a0liderada por los\u00a0<strong>h\u00e9roes<\/strong>\u00a0m\u00e1s\u00a0<strong>poderosos<\/strong>\u00a0del mundo. Pero a\u00fan quedan algunos\u00a0<strong>superh\u00e9roes<\/strong>\u00a0para\u00a0<strong>enfrentarse<\/strong>\u00a0a los\u00a0<strong>muertos<\/strong>\u00a0<strong>vivientes<\/strong>. As\u00ed que re\u00fane a tu\u00a0<strong>equipo<\/strong>\u00a0de\u00a0<strong>Superh\u00e9roes<\/strong>\u00a0y re\u00fane todo tu poder. Eres la \u00faltima\u00a0<strong>esperanza<\/strong>\u00a0de la humanidad&#8230;<\/p>\n<div class=\"box_features\">\n<div class=\"iconfeature\"><img decoding=\"async\" class=\"\" title=\"N\u00famero de jugadores: De 1 a 6 jugadores\" src=\"https:\/\/juegosdelamesaredonda.com\/img\/caracteristicas\/9.svg\" alt=\"N\u00famero de jugadores: De 1 a 6 jugadores\" \/> <span class=\"name\">N\u00famero de jugadores:<\/span><span class=\"value\">De 1 a 6 jugadores<\/span><\/div>\n<\/div>\n<div class=\"box_features\">\n<div class=\"iconfeature\"><img decoding=\"async\" class=\"\" title=\"Duraci\u00f3n aproximada del juego: 60 minutos\" src=\"https:\/\/juegosdelamesaredonda.com\/img\/caracteristicas\/7.svg\" alt=\"Duraci\u00f3n aproximada del juego: 60 minutos\" \/> <span class=\"name\">Duraci\u00f3n aproximada:<\/span><span class=\"value\">60 minutos<\/span><\/div>\n<\/div>\n<div class=\"box_features\">\n<div class=\"iconfeature\"><img decoding=\"async\" class=\"\" title=\"Edad m\u00ednima recomendada: 14 a\u00f1os\" src=\"https:\/\/juegosdelamesaredonda.com\/img\/caracteristicas\/10.svg\" alt=\"Edad m\u00ednima recomendada: 14 a\u00f1os\" \/> <span class=\"name\">Edad m\u00ednima:<\/span><span class=\"value\">14 a\u00f1os<\/span><\/div>\n<\/div>\n<div class=\"box_features\">\n<div class=\"iconfeature\"><img decoding=\"async\" class=\"\" title=\"Tipo: Juego de tablero\" src=\"https:\/\/juegosdelamesaredonda.com\/img\/caracteristicas\/11.svg\" alt=\"Tipo: Juego de tablero\" \/> <span class=\"name\">Tipo:<\/span><span class=\"value\">Juego de tablero<\/span><\/div>\n<\/div>\n<div class=\"box_features\">\n<div class=\"iconfeature\"><img decoding=\"async\" class=\"\" title=\"G\u00e9nero: Cooperativo\" src=\"https:\/\/juegosdelamesaredonda.com\/img\/caracteristicas\/12.svg\" alt=\"G\u00e9nero: Cooperativo\" \/> <span class=\"name\">G\u00e9nero:<\/span><span class=\"value\">Cooperativo<\/span><\/div>\n<\/div>\n<div class=\"box_features\">\n<div class=\"iconfeature\"><img decoding=\"async\" class=\"\" title=\"Idioma: Espa\u00f1ol\" src=\"https:\/\/juegosdelamesaredonda.com\/img\/caracteristicas\/14.svg\" alt=\"Idioma: Espa\u00f1ol\" \/> <span class=\"name\">Idioma:<\/span><span class=\"value\">Espa\u00f1ol<\/span><\/div>\n<\/div>\n<div class=\"box_features\">\n<div class=\"iconfeature\"><img decoding=\"async\" class=\"\" title=\"Marca: Asmodee\" src=\"https:\/\/juegosdelamesaredonda.com\/img\/caracteristicas\/13.svg\" alt=\"Marca: Asmodee\" \/> <span class=\"name\">Marca:<\/span><span class=\"value\">Asmodee<\/span><\/div>\n<\/div>\n","protected":false},"featured_media":4546,"comment_status":"open","ping_status":"closed","template":"","meta":{"_themeisle_gutenberg_block_has_review":false},"product_brand":[],"product_cat":[352,29],"product_tag":[748,155,140,358,191],"class_list":{"0":"post-4545","1":"product","2":"type-product","3":"status-publish","4":"has-post-thumbnail","6":"product_cat-asmodee","7":"product_cat-juegos-de-mesa","8":"product_tag-cooperativo","9":"product_tag-juegosdemesa","10":"product_tag-marvel","11":"product_tag-miniaturas","12":"product_tag-zombicide","14":"first","15":"outofstock","16":"shipping-taxable","17":"purchasable","18":"product-type-simple"},"_links":{"self":[{"href":"https:\/\/magicgamesbolivia.com\/index.php\/wp-json\/wp\/v2\/product\/4545","targetHints":{"allow":["GET"]}}],"collection":[{"href":"https:\/\/magicgamesbolivia.com\/index.php\/wp-json\/wp\/v2\/product"}],"about":[{"href":"https:\/\/magicgamesbolivia.com\/index.php\/wp-json\/wp\/v2\/types\/product"}],"replies":[{"embeddable":true,"href":"https:\/\/magicgamesbolivia.com\/index.php\/wp-json\/wp\/v2\/comments?post=4545"}],"version-history":[{"count":1,"href":"https:\/\/magicgamesbolivia.com\/index.php\/wp-json\/wp\/v2\/product\/4545\/revisions"}],"predecessor-version":[{"id":4548,"href":"https:\/\/magicgamesbolivia.com\/index.php\/wp-json\/wp\/v2\/product\/4545\/revisions\/4548"}],"wp:featuredmedia":[{"embeddable":true,"href":"https:\/\/magicgamesbolivia.com\/index.php\/wp-json\/wp\/v2\/media\/4546"}],"wp:attachment":[{"href":"https:\/\/magicgamesbolivia.com\/index.php\/wp-json\/wp\/v2\/media?parent=4545"}],"wp:term":[{"taxonomy":"product_brand","embeddable":true,"href":"https:\/\/magicgamesbolivia.com\/index.php\/wp-json\/wp\/v2\/product_brand?post=4545"},{"taxonomy":"product_cat","embeddable":true,"href":"https:\/\/magicgamesbolivia.com\/index.php\/wp-json\/wp\/v2\/product_cat?post=4545"},{"taxonomy":"product_tag","embeddable":true,"href":"https:\/\/magicgamesbolivia.com\/index.php\/wp-json\/wp\/v2\/product_tag?post=4545"}],"curies":[{"name":"wp","href":"https:\/\/api.w.org\/{rel}","templated":true}]}}