{"id":4541,"date":"2023-09-18T23:12:52","date_gmt":"2023-09-18T23:12:52","guid":{"rendered":"https:\/\/magicgamesbolivia.com\/?post_type=product&#038;p=4541"},"modified":"2025-03-28T20:27:00","modified_gmt":"2025-03-28T20:27:00","slug":"marvel-zombies-undead-avengers","status":"publish","type":"product","link":"https:\/\/magicgamesbolivia.com\/index.php\/product\/marvel-zombies-undead-avengers\/","title":{"rendered":"Marvel Zombies: Undead Avengers"},"content":{"rendered":"<p>MARVEL ZOMBIES \u2013 UN JUEGO DE ZOMBICIDE<\/p>\n<p>Es un juego cooperativo en el que de 1 a 6 jugadores controlan a Superh\u00e9roes zombificados que se enfrentan a los agentes de S.H.I.E.L.D. y a los Superh\u00e9roes vivos controlados por el propio juego. El objetivo es completar los objetivos de la misi\u00f3n, derrotar a tus enemigos, y, lo m\u00e1s importante, \u00a1saciar tu hambre voraz! Eliminar a los enemigos y devorar a los transe\u00fantes te hace poderoso, pero cuanto mayor sea el peligro que representan, m\u00e1s fuerzas se env\u00edan para cazarte. El hambre cada vez mayor te hace m\u00e1s fuerte, pero si no te alimentas, consumir\u00e1 tu mente y tu cuerpo. \u00a1S\u00f3lo trabajando en equipo pueden los H\u00e9roes Zombies encontrar la clave de su salvaci\u00f3n!<\/p>\n","protected":false},"excerpt":{"rendered":"<p>Cuando los primeros miembros de los Vengadores se unieron a las filas de los muertos vivientes, qued\u00f3 claro el problema en el que se encontraba el mundo. A pesar de su condici\u00f3n, estos H\u00e9roes conservan todas sus facultades mentales\u2026 si pueden mantener a raya a la poderosa Hambre. As\u00ed que re\u00fane a tu equipo de muertos vivientes, abre tu apetito y ve a cambiar la faz de la Tierra.<\/p>\n<div class=\"box_features\">\n<div class=\"iconfeature\"><img decoding=\"async\" class=\"\" title=\"N\u00famero de jugadores: De 1 a 6 jugadores\" src=\"https:\/\/juegosdelamesaredonda.com\/img\/caracteristicas\/9.svg\" alt=\"N\u00famero de jugadores: De 1 a 6 jugadores\" \/>\u00a0 <span class=\"name\">N\u00famero de jugadores:<\/span><span class=\"value\">De 1 a 6 jugadores<\/span><\/div>\n<\/div>\n<div class=\"box_features\">\n<div class=\"iconfeature\"><img decoding=\"async\" class=\"\" title=\"Duraci\u00f3n aproximada del juego: 60 minutos\" src=\"https:\/\/juegosdelamesaredonda.com\/img\/caracteristicas\/7.svg\" alt=\"Duraci\u00f3n aproximada del juego: 60 minutos\" \/> \u00a0<span class=\"name\">Duraci\u00f3n aproximada:<\/span><span class=\"value\">60 minutos<\/span><\/div>\n<\/div>\n<div class=\"box_features\">\n<div class=\"iconfeature\"><img decoding=\"async\" class=\"\" title=\"Edad m\u00ednima recomendada: 14 a\u00f1os\" src=\"https:\/\/juegosdelamesaredonda.com\/img\/caracteristicas\/10.svg\" alt=\"Edad m\u00ednima recomendada: 14 a\u00f1os\" \/> \u00a0<span class=\"name\">Edad m\u00ednima:<\/span><span class=\"value\">14 a\u00f1os<\/span><\/div>\n<\/div>\n<div class=\"box_features\">\n<div class=\"iconfeature\"><img decoding=\"async\" class=\"\" title=\"Tipo: Juego de tablero\" src=\"https:\/\/juegosdelamesaredonda.com\/img\/caracteristicas\/11.svg\" alt=\"Tipo: Juego de tablero\" \/> <span class=\"name\">Tipo:<\/span><span class=\"value\">Juego de tablero<\/span><\/div>\n<\/div>\n<div class=\"box_features\">\n<div class=\"iconfeature\"><img decoding=\"async\" class=\"\" title=\"G\u00e9nero: Cooperativo\" src=\"https:\/\/juegosdelamesaredonda.com\/img\/caracteristicas\/12.svg\" alt=\"G\u00e9nero: Cooperativo\" \/> \u00a0<span class=\"name\">G\u00e9nero:<\/span><span class=\"value\">Cooperativo<\/span><\/div>\n<\/div>\n<div class=\"box_features\">\n<div class=\"iconfeature\"><img decoding=\"async\" class=\"\" title=\"Idioma: Espa\u00f1ol\" src=\"https:\/\/juegosdelamesaredonda.com\/img\/caracteristicas\/14.svg\" alt=\"Idioma: Espa\u00f1ol\" \/> <span class=\"name\">Idioma:<\/span><span class=\"value\">Espa\u00f1ol<\/span><\/div>\n<\/div>\n<div class=\"box_features\">\n<div class=\"iconfeature\"><img decoding=\"async\" class=\"\" title=\"Marca: Asmodee\" src=\"https:\/\/juegosdelamesaredonda.com\/img\/caracteristicas\/13.svg\" alt=\"Marca: Asmodee\" \/> <span class=\"name\">Marca:<\/span><span class=\"value\">Asmodee<\/span><\/div>\n<\/div>\n","protected":false},"featured_media":4542,"comment_status":"open","ping_status":"closed","template":"","meta":{"_themeisle_gutenberg_block_has_review":false},"product_brand":[],"product_cat":[352,29],"product_tag":[140,358,191,192],"class_list":{"0":"post-4541","1":"product","2":"type-product","3":"status-publish","4":"has-post-thumbnail","6":"product_cat-asmodee","7":"product_cat-juegos-de-mesa","8":"product_tag-marvel","9":"product_tag-miniaturas","10":"product_tag-zombicide","11":"product_tag-zombies","13":"first","14":"outofstock","15":"shipping-taxable","16":"purchasable","17":"product-type-simple"},"_links":{"self":[{"href":"https:\/\/magicgamesbolivia.com\/index.php\/wp-json\/wp\/v2\/product\/4541","targetHints":{"allow":["GET"]}}],"collection":[{"href":"https:\/\/magicgamesbolivia.com\/index.php\/wp-json\/wp\/v2\/product"}],"about":[{"href":"https:\/\/magicgamesbolivia.com\/index.php\/wp-json\/wp\/v2\/types\/product"}],"replies":[{"embeddable":true,"href":"https:\/\/magicgamesbolivia.com\/index.php\/wp-json\/wp\/v2\/comments?post=4541"}],"version-history":[{"count":1,"href":"https:\/\/magicgamesbolivia.com\/index.php\/wp-json\/wp\/v2\/product\/4541\/revisions"}],"predecessor-version":[{"id":4544,"href":"https:\/\/magicgamesbolivia.com\/index.php\/wp-json\/wp\/v2\/product\/4541\/revisions\/4544"}],"wp:featuredmedia":[{"embeddable":true,"href":"https:\/\/magicgamesbolivia.com\/index.php\/wp-json\/wp\/v2\/media\/4542"}],"wp:attachment":[{"href":"https:\/\/magicgamesbolivia.com\/index.php\/wp-json\/wp\/v2\/media?parent=4541"}],"wp:term":[{"taxonomy":"product_brand","embeddable":true,"href":"https:\/\/magicgamesbolivia.com\/index.php\/wp-json\/wp\/v2\/product_brand?post=4541"},{"taxonomy":"product_cat","embeddable":true,"href":"https:\/\/magicgamesbolivia.com\/index.php\/wp-json\/wp\/v2\/product_cat?post=4541"},{"taxonomy":"product_tag","embeddable":true,"href":"https:\/\/magicgamesbolivia.com\/index.php\/wp-json\/wp\/v2\/product_tag?post=4541"}],"curies":[{"name":"wp","href":"https:\/\/api.w.org\/{rel}","templated":true}]}}