{"id":4521,"date":"2023-08-21T22:54:06","date_gmt":"2023-08-21T22:54:06","guid":{"rendered":"https:\/\/magicgamesbolivia.com\/?post_type=product&#038;p=4521"},"modified":"2026-01-14T14:12:09","modified_gmt":"2026-01-14T14:12:09","slug":"zombicide-undead-or-alive-running-wild","status":"publish","type":"product","link":"https:\/\/magicgamesbolivia.com\/index.php\/product\/zombicide-undead-or-alive-running-wild\/","title":{"rendered":"ZOMBICIDE UNDEAD OR ALIVE: RUNNING WILD"},"content":{"rendered":"<div class=\"flex-1 overflow-hidden\">\n<div class=\"react-scroll-to-bottom--css-ylufr-79elbk h-full dark:bg-gray-800\">\n<div class=\"react-scroll-to-bottom--css-ylufr-1n7m0yu\">\n<div class=\"flex flex-col text-sm dark:bg-gray-800\">\n<div class=\"group w-full text-token-text-primary border-b border-black\/10 dark:border-gray-900\/50 bg-gray-50 dark:bg-[#444654]\">\n<div class=\"flex p-4 gap-4 text-base md:gap-6 md:max-w-2xl lg:max-w-[38rem] xl:max-w-3xl md:py-6 lg:px-0 m-auto\">\n<div class=\"relative flex w-[calc(100%-50px)] flex-col gap-1 md:gap-3 lg:w-[calc(100%-115px)]\">\n<div class=\"flex flex-grow flex-col gap-3\">\n<div class=\"min-h-[20px] flex flex-col items-start gap-3 overflow-x-auto whitespace-pre-wrap break-words\">\n<div class=\"markdown prose w-full break-words dark:prose-invert light\">\n<p>La expansi\u00f3n introduce nuevas mec\u00e1nicas y elementos relacionados con los caballos, permitiendo a los jugadores montarlos y utilizarlos para enfrentarse a los zombis de maneras innovadoras. Los caballos no solo son valiosos aliados en la lucha contra los no muertos, sino que tambi\u00e9n representan un s\u00edmbolo de resistencia y perseverancia en este mundo postapocal\u00edptico.<\/p>\n<p>Con \u00abZombicide: Undead or Alive &#8211; Running Wild\u00bb, los jugadores experimentar\u00e1n una emocionante extensi\u00f3n de la narrativa y las mec\u00e1nicas del juego base, al mismo tiempo que exploran los desaf\u00edos y la supervivencia en un entorno donde los caballos son un recurso vital y una conexi\u00f3n con la herencia del Salvaje Oeste.<\/p>\n<\/div>\n<\/div>\n<\/div>\n<\/div>\n<\/div>\n<\/div>\n<\/div>\n<\/div>\n<\/div>\n<\/div>\n","protected":false},"excerpt":{"rendered":"<p>\u00abZombicide: Undead or Alive &#8211; Running Wild\u00bb es una expansi\u00f3n para el juego de mesa \u00abZombicide: Undead or Alive\u00bb, en la cual se revela que el mundo ha sufrido un cambio catastr\u00f3fico. Los zombis han afectado incluso a los caballos, convirti\u00e9ndolos en sus primeras v\u00edctimas. En esta expansi\u00f3n, los jugadores asumen el rol de supervivientes que tienen la responsabilidad de proteger a los caballos y mantener viva la esencia del Salvaje Oeste.<\/p>\n<table class=\"table-data-sheet\">\n<tbody>\n<tr class=\"odd\">\n<td>N\u00famero de jugadores:<\/td>\n<td>De 1 a 6 jugadores<\/td>\n<\/tr>\n<tr class=\"even\">\n<td>Duraci\u00f3n aproximada del juego:<\/td>\n<td>60 minutos<\/td>\n<\/tr>\n<tr class=\"odd\">\n<td>Edad m\u00ednima recomendada:<\/td>\n<td>14 a\u00f1os<\/td>\n<\/tr>\n<tr class=\"even\">\n<td>Tipo:<\/td>\n<td>Expansiones de Juegos<\/td>\n<\/tr>\n<tr class=\"odd\">\n<td>G\u00e9nero:<\/td>\n<td>Cooperativo<\/td>\n<\/tr>\n<tr class=\"even\">\n<td>Idioma:<\/td>\n<td>Espa\u00f1ol<\/td>\n<\/tr>\n<tr class=\"odd\">\n<td>Marca:<\/td>\n<td>Asmodee<\/td>\n<\/tr>\n<\/tbody>\n<\/table>\n","protected":false},"featured_media":4522,"comment_status":"open","ping_status":"closed","template":"","meta":{"_themeisle_gutenberg_block_has_review":false},"product_brand":[],"product_cat":[352,29],"product_tag":[358,189,811,191],"class_list":{"0":"post-4521","1":"product","2":"type-product","3":"status-publish","4":"has-post-thumbnail","6":"product_cat-asmodee","7":"product_cat-juegos-de-mesa","8":"product_tag-miniaturas","9":"product_tag-original","10":"product_tag-undeadoralive","11":"product_tag-zombicide","13":"first","14":"outofstock","15":"shipping-taxable","16":"purchasable","17":"product-type-simple"},"_links":{"self":[{"href":"https:\/\/magicgamesbolivia.com\/index.php\/wp-json\/wp\/v2\/product\/4521","targetHints":{"allow":["GET"]}}],"collection":[{"href":"https:\/\/magicgamesbolivia.com\/index.php\/wp-json\/wp\/v2\/product"}],"about":[{"href":"https:\/\/magicgamesbolivia.com\/index.php\/wp-json\/wp\/v2\/types\/product"}],"replies":[{"embeddable":true,"href":"https:\/\/magicgamesbolivia.com\/index.php\/wp-json\/wp\/v2\/comments?post=4521"}],"version-history":[{"count":1,"href":"https:\/\/magicgamesbolivia.com\/index.php\/wp-json\/wp\/v2\/product\/4521\/revisions"}],"predecessor-version":[{"id":4526,"href":"https:\/\/magicgamesbolivia.com\/index.php\/wp-json\/wp\/v2\/product\/4521\/revisions\/4526"}],"wp:featuredmedia":[{"embeddable":true,"href":"https:\/\/magicgamesbolivia.com\/index.php\/wp-json\/wp\/v2\/media\/4522"}],"wp:attachment":[{"href":"https:\/\/magicgamesbolivia.com\/index.php\/wp-json\/wp\/v2\/media?parent=4521"}],"wp:term":[{"taxonomy":"product_brand","embeddable":true,"href":"https:\/\/magicgamesbolivia.com\/index.php\/wp-json\/wp\/v2\/product_brand?post=4521"},{"taxonomy":"product_cat","embeddable":true,"href":"https:\/\/magicgamesbolivia.com\/index.php\/wp-json\/wp\/v2\/product_cat?post=4521"},{"taxonomy":"product_tag","embeddable":true,"href":"https:\/\/magicgamesbolivia.com\/index.php\/wp-json\/wp\/v2\/product_tag?post=4521"}],"curies":[{"name":"wp","href":"https:\/\/api.w.org\/{rel}","templated":true}]}}