{"id":4518,"date":"2023-08-21T22:47:25","date_gmt":"2023-08-21T22:47:25","guid":{"rendered":"https:\/\/magicgamesbolivia.com\/?post_type=product&#038;p=4518"},"modified":"2024-12-13T20:10:30","modified_gmt":"2024-12-13T20:10:30","slug":"rummikub","status":"publish","type":"product","link":"https:\/\/magicgamesbolivia.com\/index.php\/product\/rummikub\/","title":{"rendered":"Rummikub"},"content":{"rendered":"<div class=\"flex-1 overflow-hidden\">\n<div class=\"react-scroll-to-bottom--css-ylufr-79elbk h-full dark:bg-gray-800\">\n<div class=\"react-scroll-to-bottom--css-ylufr-1n7m0yu\">\n<div class=\"flex flex-col text-sm dark:bg-gray-800\">\n<div class=\"group w-full text-token-text-primary border-b border-black\/10 dark:border-gray-900\/50 bg-gray-50 dark:bg-[#444654]\">\n<div class=\"flex p-4 gap-4 text-base md:gap-6 md:max-w-2xl lg:max-w-[38rem] xl:max-w-3xl md:py-6 lg:px-0 m-auto\">\n<div class=\"relative flex w-[calc(100%-50px)] flex-col gap-1 md:gap-3 lg:w-[calc(100%-115px)]\">\n<div class=\"flex flex-grow flex-col gap-3\">\n<div class=\"min-h-[20px] flex flex-col items-start gap-3 overflow-x-auto whitespace-pre-wrap break-words\">\n<div class=\"markdown prose w-full break-words dark:prose-invert light\">\n<p>Para comenzar, cada jugador toma 14 fichas del conjunto y las coloca en su soporte. Para empezar a formar tr\u00edos o escalas en la mesa, es necesario hacer una jugada inicial que sume al menos 30 puntos. Hasta que no tengas tr\u00edos o escalas que sumen 30 puntos en tu soporte, no puedes \u00abbajar\u00bb tus fichas a la zona de juego. A partir de ese momento, puedes seguir agregando m\u00e1s grupos de fichas o a\u00f1adir tus fichas a grupos que hayan hecho otros jugadores. Si en tu turno no puedes colocar ninguna ficha, deber\u00e1s robar una. El juego contin\u00faa hasta que un jugador logra quedarse sin fichas en su soporte. \u00a1El primero en lograrlo es el ganador! Rummikub ofrece diversi\u00f3n estrat\u00e9gica y desaf\u00edos num\u00e9ricos para todas las edades.<\/p>\n<\/div>\n<\/div>\n<\/div>\n<\/div>\n<\/div>\n<\/div>\n<div class=\"h-32 md:h-48 flex-shrink-0\"><\/div>\n<\/div>\n<\/div>\n<\/div>\n<\/div>\n<div class=\"absolute bottom-0 left-0 w-full border-t md:border-t-0 dark:border-white\/20 md:border-transparent md:dark:border-transparent md:bg-vert-light-gradient bg-white dark:bg-gray-800 md:!bg-transparent dark:md:bg-vert-dark-gradient pt-2 md:pl-2 md:w-[calc(100%-.5rem)]\">\n<form class=\"stretch mx-2 flex flex-row gap-3 last:mb-2 md:mx-4 md:last:mb-6 lg:mx-auto lg:max-w-2xl xl:max-w-3xl\">\n<div class=\"relative flex h-full flex-1 items-stretch md:flex-col\">\n<div>\n<div class=\"h-full flex ml-1 md:w-full md:m-auto md:mb-4 gap-0 md:gap-2 justify-center\"><\/div>\n<\/div>\n<\/div>\n<\/form>\n<\/div>\n","protected":false},"excerpt":{"rendered":"<p>Rummikub es el cl\u00e1sico juego de n\u00fameros perfecto para disfrutar en familia.<\/p>\n<p>Usando un conjunto de fichas que var\u00eda seg\u00fan el n\u00famero de jugadores, el objetivo es crear grupos de n\u00fameros. Estos grupos pueden ser formados por fichas del mismo n\u00famero pero de colores diferentes, o bien por n\u00fameros consecutivos del mismo color, conocidos como tr\u00edos o escalas.<\/p>\n","protected":false},"featured_media":4519,"comment_status":"open","ping_status":"closed","template":"","meta":{"_themeisle_gutenberg_block_has_review":false},"product_brand":[],"product_cat":[123,29],"product_tag":[296,267,218,189,810],"class_list":{"0":"post-4518","1":"product","2":"type-product","3":"status-publish","4":"has-post-thumbnail","6":"product_cat-otros-juegos","7":"product_cat-juegos-de-mesa","8":"product_tag-clasico","9":"product_tag-familiar","10":"product_tag-juegodemesa","11":"product_tag-original","12":"product_tag-rummikub","14":"first","15":"outofstock","16":"shipping-taxable","17":"purchasable","18":"product-type-simple"},"_links":{"self":[{"href":"https:\/\/magicgamesbolivia.com\/index.php\/wp-json\/wp\/v2\/product\/4518","targetHints":{"allow":["GET"]}}],"collection":[{"href":"https:\/\/magicgamesbolivia.com\/index.php\/wp-json\/wp\/v2\/product"}],"about":[{"href":"https:\/\/magicgamesbolivia.com\/index.php\/wp-json\/wp\/v2\/types\/product"}],"replies":[{"embeddable":true,"href":"https:\/\/magicgamesbolivia.com\/index.php\/wp-json\/wp\/v2\/comments?post=4518"}],"version-history":[{"count":1,"href":"https:\/\/magicgamesbolivia.com\/index.php\/wp-json\/wp\/v2\/product\/4518\/revisions"}],"predecessor-version":[{"id":4520,"href":"https:\/\/magicgamesbolivia.com\/index.php\/wp-json\/wp\/v2\/product\/4518\/revisions\/4520"}],"wp:featuredmedia":[{"embeddable":true,"href":"https:\/\/magicgamesbolivia.com\/index.php\/wp-json\/wp\/v2\/media\/4519"}],"wp:attachment":[{"href":"https:\/\/magicgamesbolivia.com\/index.php\/wp-json\/wp\/v2\/media?parent=4518"}],"wp:term":[{"taxonomy":"product_brand","embeddable":true,"href":"https:\/\/magicgamesbolivia.com\/index.php\/wp-json\/wp\/v2\/product_brand?post=4518"},{"taxonomy":"product_cat","embeddable":true,"href":"https:\/\/magicgamesbolivia.com\/index.php\/wp-json\/wp\/v2\/product_cat?post=4518"},{"taxonomy":"product_tag","embeddable":true,"href":"https:\/\/magicgamesbolivia.com\/index.php\/wp-json\/wp\/v2\/product_tag?post=4518"}],"curies":[{"name":"wp","href":"https:\/\/api.w.org\/{rel}","templated":true}]}}