{"id":4506,"date":"2023-08-20T00:37:41","date_gmt":"2023-08-20T00:37:41","guid":{"rendered":"https:\/\/magicgamesbolivia.com\/?post_type=product&#038;p=4506"},"modified":"2025-08-28T15:08:09","modified_gmt":"2025-08-28T15:08:09","slug":"4506","status":"publish","type":"product","link":"https:\/\/magicgamesbolivia.com\/index.php\/product\/4506\/","title":{"rendered":"SET"},"content":{"rendered":"<p>SET es un juego altamente adictivo de percepci\u00f3n visual y un reto fascinante para cualquier grupo de juego.<\/p>\n<p>Para obtener un SET, un jugador debe encontrar 3 cartas en las que cada una de las 4 caracter\u00edsticas sea igual o diferente en todas ellas. Las caracter\u00edsticas son:<\/p>\n<p>(A) Color: Cada carta es roja, verde o morada.<\/p>\n<p>(B) S\u00edmbolo: Cada carta contiene un \u00f3valo, una onda o un diamante.<\/p>\n<p>(C) N\u00famero: Cada carta contiene 1, 2 o 3 s\u00edmbolos.<\/p>\n<p>(D) Tono: Cada s\u00edmbolo es s\u00f3lido, vac\u00edo o rayado.<\/p>\n<p>Un SET consiste en tres cartas en las que cada caracter\u00edstica es igual o completamente diferente. \u00a1Si solo 2 de las 3 cartas tienen la misma caracter\u00edstica, no es un SET!<\/p>\n<p>La edad no es una ventaja en este juego, y SET es muy divertido para toda la familia, ya que no requiere ning\u00fan conocimiento previo.<\/p>\n","protected":false},"excerpt":{"rendered":"<p>SET es un juego de percepci\u00f3n visual altamente adictivo apto para toda la familia. Sum\u00e9rgete en este desafiante y cautivador juego donde debes identificar las cartas en las que cada caracter\u00edstica sea igual o diferente en todas ellas. \u00bfSer\u00e1s capaz de superar a tus oponentes y hacer un SET m\u00e1s r\u00e1pido que los dem\u00e1s?<\/p>\n<section class=\"tm-tabcontent\">\n<div class=\"center_bottom\">\n<div class=\"tab-content\">\n<table class=\"table-data-sheet\">\n<tbody>\n<tr class=\"odd\">\n<td>N\u00famero de jugadores:<\/td>\n<td>De 2 a 20 jugadores<\/td>\n<\/tr>\n<tr class=\"even\">\n<td>Duraci\u00f3n aproximada del juego:<\/td>\n<td>20 minutos<\/td>\n<\/tr>\n<tr class=\"odd\">\n<td>Edad m\u00ednima recomendada:<\/td>\n<td>6 a\u00f1os<\/td>\n<\/tr>\n<tr class=\"even\">\n<td>Tipo:<\/td>\n<td>Juego de cartas<\/td>\n<\/tr>\n<tr class=\"odd\">\n<td>G\u00e9nero:<\/td>\n<td>Ingenio<\/td>\n<\/tr>\n<tr class=\"even\">\n<td>Idioma:<\/td>\n<td>Espa\u00f1ol<\/td>\n<\/tr>\n<tr class=\"odd\">\n<td>Marca:<\/td>\n<td>Devir<\/td>\n<\/tr>\n<\/tbody>\n<\/table>\n<\/div>\n<\/div>\n<\/section>\n","protected":false},"featured_media":4507,"comment_status":"open","ping_status":"closed","template":"","meta":{"_themeisle_gutenberg_block_has_review":false},"product_brand":[],"product_cat":[29,30],"product_tag":[31,326,218,808],"class_list":{"0":"post-4506","1":"product","2":"type-product","3":"status-publish","4":"has-post-thumbnail","6":"product_cat-juegos-de-mesa","7":"product_cat-devir","8":"product_tag-devir","9":"product_tag-familia","10":"product_tag-juegodemesa","11":"product_tag-set","13":"first","14":"outofstock","15":"shipping-taxable","16":"purchasable","17":"product-type-simple"},"_links":{"self":[{"href":"https:\/\/magicgamesbolivia.com\/index.php\/wp-json\/wp\/v2\/product\/4506","targetHints":{"allow":["GET"]}}],"collection":[{"href":"https:\/\/magicgamesbolivia.com\/index.php\/wp-json\/wp\/v2\/product"}],"about":[{"href":"https:\/\/magicgamesbolivia.com\/index.php\/wp-json\/wp\/v2\/types\/product"}],"replies":[{"embeddable":true,"href":"https:\/\/magicgamesbolivia.com\/index.php\/wp-json\/wp\/v2\/comments?post=4506"}],"version-history":[{"count":2,"href":"https:\/\/magicgamesbolivia.com\/index.php\/wp-json\/wp\/v2\/product\/4506\/revisions"}],"predecessor-version":[{"id":4510,"href":"https:\/\/magicgamesbolivia.com\/index.php\/wp-json\/wp\/v2\/product\/4506\/revisions\/4510"}],"wp:featuredmedia":[{"embeddable":true,"href":"https:\/\/magicgamesbolivia.com\/index.php\/wp-json\/wp\/v2\/media\/4507"}],"wp:attachment":[{"href":"https:\/\/magicgamesbolivia.com\/index.php\/wp-json\/wp\/v2\/media?parent=4506"}],"wp:term":[{"taxonomy":"product_brand","embeddable":true,"href":"https:\/\/magicgamesbolivia.com\/index.php\/wp-json\/wp\/v2\/product_brand?post=4506"},{"taxonomy":"product_cat","embeddable":true,"href":"https:\/\/magicgamesbolivia.com\/index.php\/wp-json\/wp\/v2\/product_cat?post=4506"},{"taxonomy":"product_tag","embeddable":true,"href":"https:\/\/magicgamesbolivia.com\/index.php\/wp-json\/wp\/v2\/product_tag?post=4506"}],"curies":[{"name":"wp","href":"https:\/\/api.w.org\/{rel}","templated":true}]}}