{"id":4501,"date":"2023-08-20T00:28:24","date_gmt":"2023-08-20T00:28:24","guid":{"rendered":"https:\/\/magicgamesbolivia.com\/?post_type=product&#038;p=4501"},"modified":"2025-08-03T01:42:59","modified_gmt":"2025-08-03T01:42:59","slug":"cocorico-cocoroco","status":"publish","type":"product","link":"https:\/\/magicgamesbolivia.com\/index.php\/product\/cocorico-cocoroco\/","title":{"rendered":"COCORICO COCOROCO"},"content":{"rendered":"<p>La primera gallina en desplumar a sus competidoras se alzar\u00e1 como la ganadora. Sin embargo, las gallinas solo pueden avanzar si conocen bien el corral. Las gallinas con problemas de memoria tendr\u00e1n dificultades para asegurarse alguna medalla emplumada.<\/p>\n<p>\u00abCocorico Cocoroco\u00bb es un juego de mesa pensado para ni\u00f1os que combina la memoria con el movimiento de encantadoras y divertidas gallinas. El jugador que logre recordar con \u00e9xito las im\u00e1genes podr\u00e1 mover su gallina por el patio sin interrupciones y ganar el juego. \u00a1Adem\u00e1s, la disposici\u00f3n de las fichas es aleatoria, lo que hace que cada partida sea \u00fanica!<\/p>\n<p>Premios:<\/p>\n<ul>\n<li>Ganador del Premio Deutscher Spiele Preis al Mejor Juego Infantil en 1998.<\/li>\n<li>Ganador del Premio Spiel des Jahres en la categor\u00eda \u00abJuego Infantil\u00bb en 1998.<\/li>\n<li>Ganador del Premio \u00c5rets Spil al Mejor Juego Infantil en 1999.<\/li>\n<li>Ganador del Premio Vuoden Peli al Juego del A\u00f1o Infantil en 1999.<\/li>\n<\/ul>\n","protected":false},"excerpt":{"rendered":"<p>\u00abCocorico Cocoroco\u00bb es un emocionante juego de mesa dise\u00f1ado para ni\u00f1os que combina la memoria con la diversi\u00f3n del movimiento de adorables y simp\u00e1ticas gallinas. El jugador que logre memorizar con \u00e9xito las im\u00e1genes ser\u00e1 capaz de mover su gallina por el patio sin detenerse, lo que le permitir\u00e1 ganar el juego. \u00a1Una divertida experiencia que desaf\u00eda la memoria y la destreza de los peque\u00f1os jugadores!<\/p>\n<table class=\"table-data-sheet\">\n<tbody>\n<tr class=\"odd\">\n<td>N\u00famero de jugadores:<\/td>\n<td>De 2 a 4 jugadores<\/td>\n<\/tr>\n<tr class=\"even\">\n<td>Duraci\u00f3n aproximada del juego:<\/td>\n<td>20 minutos<\/td>\n<\/tr>\n<tr class=\"odd\">\n<td>Edad m\u00ednima recomendada:<\/td>\n<td>4 a\u00f1os<\/td>\n<\/tr>\n<tr class=\"even\">\n<td>Tipo:<\/td>\n<td>Juego para ni\u00f1os<\/td>\n<\/tr>\n<tr class=\"odd\">\n<td>G\u00e9nero:<\/td>\n<td>Familiar<\/td>\n<\/tr>\n<tr class=\"even\">\n<td>Idioma:<\/td>\n<td>Espa\u00f1ol<\/td>\n<\/tr>\n<tr class=\"odd\">\n<td>Marca:<\/td>\n<td>Devir<\/td>\n<\/tr>\n<\/tbody>\n<\/table>\n","protected":false},"featured_media":4502,"comment_status":"open","ping_status":"closed","template":"","meta":{"_themeisle_gutenberg_block_has_review":false},"product_brand":[],"product_cat":[29,30],"product_tag":[31,326,751],"class_list":{"0":"post-4501","1":"product","2":"type-product","3":"status-publish","4":"has-post-thumbnail","6":"product_cat-juegos-de-mesa","7":"product_cat-devir","8":"product_tag-devir","9":"product_tag-familia","10":"product_tag-ninos","12":"first","13":"instock","14":"shipping-taxable","15":"purchasable","16":"product-type-simple"},"_links":{"self":[{"href":"https:\/\/magicgamesbolivia.com\/index.php\/wp-json\/wp\/v2\/product\/4501","targetHints":{"allow":["GET"]}}],"collection":[{"href":"https:\/\/magicgamesbolivia.com\/index.php\/wp-json\/wp\/v2\/product"}],"about":[{"href":"https:\/\/magicgamesbolivia.com\/index.php\/wp-json\/wp\/v2\/types\/product"}],"replies":[{"embeddable":true,"href":"https:\/\/magicgamesbolivia.com\/index.php\/wp-json\/wp\/v2\/comments?post=4501"}],"version-history":[{"count":1,"href":"https:\/\/magicgamesbolivia.com\/index.php\/wp-json\/wp\/v2\/product\/4501\/revisions"}],"predecessor-version":[{"id":4505,"href":"https:\/\/magicgamesbolivia.com\/index.php\/wp-json\/wp\/v2\/product\/4501\/revisions\/4505"}],"wp:featuredmedia":[{"embeddable":true,"href":"https:\/\/magicgamesbolivia.com\/index.php\/wp-json\/wp\/v2\/media\/4502"}],"wp:attachment":[{"href":"https:\/\/magicgamesbolivia.com\/index.php\/wp-json\/wp\/v2\/media?parent=4501"}],"wp:term":[{"taxonomy":"product_brand","embeddable":true,"href":"https:\/\/magicgamesbolivia.com\/index.php\/wp-json\/wp\/v2\/product_brand?post=4501"},{"taxonomy":"product_cat","embeddable":true,"href":"https:\/\/magicgamesbolivia.com\/index.php\/wp-json\/wp\/v2\/product_cat?post=4501"},{"taxonomy":"product_tag","embeddable":true,"href":"https:\/\/magicgamesbolivia.com\/index.php\/wp-json\/wp\/v2\/product_tag?post=4501"}],"curies":[{"name":"wp","href":"https:\/\/api.w.org\/{rel}","templated":true}]}}