{"id":4496,"date":"2023-08-20T00:13:57","date_gmt":"2023-08-20T00:13:57","guid":{"rendered":"https:\/\/magicgamesbolivia.com\/?post_type=product&#038;p=4496"},"modified":"2024-07-01T14:59:10","modified_gmt":"2024-07-01T14:59:10","slug":"bamboo","status":"publish","type":"product","link":"https:\/\/magicgamesbolivia.com\/index.php\/product\/bamboo\/","title":{"rendered":"BAMBOO"},"content":{"rendered":"<p>Las partidas de \u00abBamboo\u00bb constan de 4 a\u00f1os o rondas, divididos en 4 fases o estaciones. En sus turnos, los jugadores utilizar\u00e1n incienso en los templos para buscar el favor de los esp\u00edritus, y emplear\u00e1n brotes de bamb\u00fa para realizar diversas acciones, como buscar el equilibrio, cocinar, mejorar el hogar y gestionar sus finanzas.<\/p>\n<p>El seguimiento de las doctrinas de la disciplina del equilibrio en el hogar es crucial para optimizar las losetas de hogar y avanzar en el juego. Para puntuar las losetas de equilibrio, los jugadores deben cumplir con el patr\u00f3n indicado en la loseta utilizando la acci\u00f3n de equilibrio, lo cual siempre se relaciona con el tipo de losetas de hogar obtenidas durante la partida. Estas losetas pueden ser de decoraci\u00f3n, jard\u00edn, fe o utilidad. Los jugadores ganar\u00e1n m\u00e1s o menos puntos de felicidad seg\u00fan c\u00f3mo coloquen estas losetas en su tablero.<\/p>\n<p>Adem\u00e1s de gestionar sus hogares, los jugadores deben prepararse para los momentos dif\u00edciles, como el invierno, asegur\u00e1ndose de alimentar a su familia con t\u00e9, arroz o ramen preparados y almacenados en la estaci\u00f3n anterior. Tambi\u00e9n es importante honrar a los esp\u00edritus y antepasados en los templos. El jugador que realice la mayor ofrenda de incienso en cada espacio sagrado recibir\u00e1 el favor de uno de los siete esp\u00edritus del bosque, lo que brindar\u00e1 ventajas a lo largo de la partida y otorgar\u00e1 bonificaciones de puntos al final del juego.<\/p>\n<p>\u00abBamboo\u00bb cuenta con reglas accesibles y f\u00e1ciles de aprender, lo que lo hace adecuado para una amplia gama de jugadores y grupos. A pesar de su aparente sencillez, ofrece una gran profundidad estrat\u00e9gica con m\u00faltiples opciones disponibles. Adem\u00e1s, el juego cuenta con un modo avanzado en el reverso de los tableros personales, que a\u00f1ade un nivel extra de desaf\u00edo. Cultiva bamb\u00fa y busca el equilibrio en tu hogar para lograr la victoria. \u00a1Que los esp\u00edritus te sean propicios!<\/p>\n","protected":false},"excerpt":{"rendered":"<p>\u00abBamboo\u00bb es un juego de mesa creado por Germ\u00e1n P. Mill\u00e1n, conocido por sus obras como \u00abBitoku\u00bb, \u00abSabika\u00bb y \u00ab30 monedas\u00bb. En este juego, tomar\u00e1s el rol de clanes que se dedican al cultivo de bamb\u00fa con el fin de cuidar a sus familias y acumular puntos de felicidad. Este juego combina la gesti\u00f3n de acciones y la optimizaci\u00f3n de losetas, ofreciendo una experiencia que es tanto accesible como profunda. \u00abBamboo\u00bb es parte de la serie Kemushi, a la que tambi\u00e9n pertenecen juegos como \u00abBitoku\u00bb y \u00abSilk\u00bb.<\/p>\n<table class=\"table-data-sheet\">\n<tbody>\n<tr class=\"odd\">\n<td>N\u00famero de jugadores:<\/td>\n<td>De 2 a 4 jugadores<\/td>\n<\/tr>\n<tr class=\"even\">\n<td>Duraci\u00f3n aproximada del juego:<\/td>\n<td>90 minutos<\/td>\n<\/tr>\n<tr class=\"odd\">\n<td>Edad m\u00ednima recomendada:<\/td>\n<td>14 a\u00f1os<\/td>\n<\/tr>\n<tr class=\"even\">\n<td>Tipo:<\/td>\n<td>Juego de tablero<\/td>\n<\/tr>\n<tr class=\"odd\">\n<td>G\u00e9nero:<\/td>\n<td>Estrategia<\/td>\n<\/tr>\n<tr class=\"even\">\n<td>Idioma:<\/td>\n<td>Espa\u00f1ol<\/td>\n<\/tr>\n<tr class=\"odd\">\n<td>Marca:<\/td>\n<td>Devir<\/td>\n<\/tr>\n<\/tbody>\n<\/table>\n","protected":false},"featured_media":4497,"comment_status":"open","ping_status":"closed","template":"","meta":{"_themeisle_gutenberg_block_has_review":false},"product_brand":[],"product_cat":[29,30],"product_tag":[807,31,218],"class_list":{"0":"post-4496","1":"product","2":"type-product","3":"status-publish","4":"has-post-thumbnail","6":"product_cat-juegos-de-mesa","7":"product_cat-devir","8":"product_tag-bamboo","9":"product_tag-devir","10":"product_tag-juegodemesa","12":"first","13":"outofstock","14":"shipping-taxable","15":"purchasable","16":"product-type-simple"},"_links":{"self":[{"href":"https:\/\/magicgamesbolivia.com\/index.php\/wp-json\/wp\/v2\/product\/4496","targetHints":{"allow":["GET"]}}],"collection":[{"href":"https:\/\/magicgamesbolivia.com\/index.php\/wp-json\/wp\/v2\/product"}],"about":[{"href":"https:\/\/magicgamesbolivia.com\/index.php\/wp-json\/wp\/v2\/types\/product"}],"replies":[{"embeddable":true,"href":"https:\/\/magicgamesbolivia.com\/index.php\/wp-json\/wp\/v2\/comments?post=4496"}],"version-history":[{"count":1,"href":"https:\/\/magicgamesbolivia.com\/index.php\/wp-json\/wp\/v2\/product\/4496\/revisions"}],"predecessor-version":[{"id":4500,"href":"https:\/\/magicgamesbolivia.com\/index.php\/wp-json\/wp\/v2\/product\/4496\/revisions\/4500"}],"wp:featuredmedia":[{"embeddable":true,"href":"https:\/\/magicgamesbolivia.com\/index.php\/wp-json\/wp\/v2\/media\/4497"}],"wp:attachment":[{"href":"https:\/\/magicgamesbolivia.com\/index.php\/wp-json\/wp\/v2\/media?parent=4496"}],"wp:term":[{"taxonomy":"product_brand","embeddable":true,"href":"https:\/\/magicgamesbolivia.com\/index.php\/wp-json\/wp\/v2\/product_brand?post=4496"},{"taxonomy":"product_cat","embeddable":true,"href":"https:\/\/magicgamesbolivia.com\/index.php\/wp-json\/wp\/v2\/product_cat?post=4496"},{"taxonomy":"product_tag","embeddable":true,"href":"https:\/\/magicgamesbolivia.com\/index.php\/wp-json\/wp\/v2\/product_tag?post=4496"}],"curies":[{"name":"wp","href":"https:\/\/api.w.org\/{rel}","templated":true}]}}