{"id":4487,"date":"2023-08-19T23:44:11","date_gmt":"2023-08-19T23:44:11","guid":{"rendered":"https:\/\/magicgamesbolivia.com\/?post_type=product&#038;p=4487"},"modified":"2026-01-16T20:47:11","modified_gmt":"2026-01-16T20:47:11","slug":"mente-vacuna","status":"publish","type":"product","link":"https:\/\/magicgamesbolivia.com\/index.php\/product\/mente-vacuna\/","title":{"rendered":"MENTE VACUNA"},"content":{"rendered":"<p>Mente Vacuna es un juego de mesa que te desaf\u00eda a evaluar tu capacidad para formar parte del reba\u00f1o. \u00bfEs eso positivo? \u00bfEs eso negativo? De cualquier manera, disfrutar\u00e1s al m\u00e1ximo al adoptar el papel del reba\u00f1o y considerar lo que la mayor\u00eda podr\u00eda responder&#8230;<\/p>\n<p>El objetivo es responder preguntas planteadas con la mentalidad de seguir a la mayor\u00eda, por ejemplo: \u00abNombra una comida con un agujero en el centro\u00bb. Si te desv\u00edas de la respuesta mayoritaria del grupo, ser\u00e1s la \u00abvaca rosa\u00bb del reba\u00f1o y no avanzar\u00e1s mucho&#8230;<\/p>\n<p>\u00a1El primer jugador en conseguir 8 fichas de vacas ser\u00e1 el ganador! Un juego de fiesta ideal para familias, amigos y \u00a1hasta vaqueros!<\/p>\n","protected":false},"excerpt":{"rendered":"<p>Mente Vacuna es un juego de mesa que desafiar\u00e1 tu habilidad para integrarte en el reba\u00f1o. \u00bfEs esto positivo? \u00bfO tal vez negativo? De cualquier manera, disfrutar\u00e1s al m\u00e1ximo al sumergirte en el papel del reba\u00f1o y pensar en c\u00f3mo responder\u00e1 la mayor\u00eda&#8230;<\/p>\n<table class=\"table-data-sheet\">\n<tbody>\n<tr class=\"odd\">\n<td>N\u00famero de jugadores:<\/td>\n<td>De 4 a 20 jugadores<\/td>\n<\/tr>\n<tr class=\"even\">\n<td>Duraci\u00f3n aproximada del juego:<\/td>\n<td>20 minutos<\/td>\n<\/tr>\n<tr class=\"odd\">\n<td>Edad m\u00ednima recomendada:<\/td>\n<td>10 a\u00f1os<\/td>\n<\/tr>\n<tr class=\"even\">\n<td>Tipo:<\/td>\n<td>Juego de tablero<\/td>\n<\/tr>\n<tr class=\"odd\">\n<td>G\u00e9nero:<\/td>\n<td>Ingenio<\/td>\n<\/tr>\n<tr class=\"even\">\n<td>Idioma:<\/td>\n<td>Espa\u00f1ol<\/td>\n<\/tr>\n<tr class=\"odd\">\n<td>Marca:<\/td>\n<td>Mercurio<\/td>\n<\/tr>\n<\/tbody>\n<\/table>\n","protected":false},"featured_media":4488,"comment_status":"open","ping_status":"closed","template":"","meta":{"_themeisle_gutenberg_block_has_review":false},"product_brand":[],"product_cat":[123,29],"product_tag":[218,804,805,308],"class_list":{"0":"post-4487","1":"product","2":"type-product","3":"status-publish","4":"has-post-thumbnail","6":"product_cat-otros-juegos","7":"product_cat-juegos-de-mesa","8":"product_tag-juegodemesa","9":"product_tag-mentevacuna","10":"product_tag-mercurio","11":"product_tag-partygame","13":"first","14":"instock","15":"shipping-taxable","16":"purchasable","17":"product-type-simple"},"_links":{"self":[{"href":"https:\/\/magicgamesbolivia.com\/index.php\/wp-json\/wp\/v2\/product\/4487","targetHints":{"allow":["GET"]}}],"collection":[{"href":"https:\/\/magicgamesbolivia.com\/index.php\/wp-json\/wp\/v2\/product"}],"about":[{"href":"https:\/\/magicgamesbolivia.com\/index.php\/wp-json\/wp\/v2\/types\/product"}],"replies":[{"embeddable":true,"href":"https:\/\/magicgamesbolivia.com\/index.php\/wp-json\/wp\/v2\/comments?post=4487"}],"version-history":[{"count":1,"href":"https:\/\/magicgamesbolivia.com\/index.php\/wp-json\/wp\/v2\/product\/4487\/revisions"}],"predecessor-version":[{"id":4490,"href":"https:\/\/magicgamesbolivia.com\/index.php\/wp-json\/wp\/v2\/product\/4487\/revisions\/4490"}],"wp:featuredmedia":[{"embeddable":true,"href":"https:\/\/magicgamesbolivia.com\/index.php\/wp-json\/wp\/v2\/media\/4488"}],"wp:attachment":[{"href":"https:\/\/magicgamesbolivia.com\/index.php\/wp-json\/wp\/v2\/media?parent=4487"}],"wp:term":[{"taxonomy":"product_brand","embeddable":true,"href":"https:\/\/magicgamesbolivia.com\/index.php\/wp-json\/wp\/v2\/product_brand?post=4487"},{"taxonomy":"product_cat","embeddable":true,"href":"https:\/\/magicgamesbolivia.com\/index.php\/wp-json\/wp\/v2\/product_cat?post=4487"},{"taxonomy":"product_tag","embeddable":true,"href":"https:\/\/magicgamesbolivia.com\/index.php\/wp-json\/wp\/v2\/product_tag?post=4487"}],"curies":[{"name":"wp","href":"https:\/\/api.w.org\/{rel}","templated":true}]}}