{"id":4474,"date":"2023-08-19T21:41:31","date_gmt":"2023-08-19T21:41:31","guid":{"rendered":"https:\/\/magicgamesbolivia.com\/?post_type=product&#038;p=4474"},"modified":"2025-07-23T22:58:12","modified_gmt":"2025-07-23T22:58:12","slug":"saboteur","status":"publish","type":"product","link":"https:\/\/magicgamesbolivia.com\/index.php\/product\/saboteur\/","title":{"rendered":"SABOTEUR"},"content":{"rendered":"<p>En el juego de cartas Saboteur, los jugadores encarnan enanos buscadores de oro, involucrados en la labor minera de excavar t\u00faneles profundos en la monta\u00f1a en busca de tesoros, o&#8230; \u00a1en enanos saboteadores!, quienes se esfuerzan por entorpecer la b\u00fasqueda del oro de los dem\u00e1s.<\/p>\n<p>Los miembros de cada grupo deben respaldarse mutuamente, aunque solo puedan adivinar los roles de los dem\u00e1s. Si los mineros logran establecer un t\u00fanel hacia el tesoro, obtendr\u00e1n pepitas de oro, mientras que los saboteadores quedar\u00e1n con las manos vac\u00edas. Pero, si los mineros fracasan, los saboteadores se llevar\u00e1n el premio. Solo cuando se distribuya el oro se revelar\u00e1n las identidades. Despu\u00e9s de tres rondas, \u00a1el jugador con m\u00e1s pepitas ser\u00e1 el vencedor!<\/p>\n<p>Con tres tipos de cartas para acceder al tesoro y dos posibles personajes, la distribuci\u00f3n de cartas determinar\u00e1 si eres un enano buscador o un enano saboteador, pero ninguno de tus oponentes conocer\u00e1 tu identidad. Tendr\u00e1s solo tres rondas para recolectar cartas de pepitas de oro, y todo depender\u00e1 de c\u00f3mo administres las cartas de t\u00fanel y acci\u00f3n.<\/p>\n<p>Conf\u00eda en tu instinto y colabora con el oponente adecuado si deseas evitar que obstaculicen tu b\u00fasqueda del tesoro. Utiliza la gu\u00eda que te brinda la carta de inicio y las tres cartas de destino para excavar t\u00faneles con precauci\u00f3n, ya que las trampas pueden aparecer en cualquier lugar. Si te encuentras perdido, el consejo de tus compa\u00f1eros enanos es crucial, aunque nunca puedas estar seguro de si realmente te est\u00e1n ayudando. \u00bfSer\u00e1 quien dice ser? Incluso cuestiona tu propia identidad, ya que la clave del juego radica en despistar. Desorienta a tu oponente, a tu aliado y, si es necesario, a ti mismo. No ser\u00e1 una tarea sencilla y en esta aventura te enfrentar\u00e1s a obst\u00e1culos: un t\u00fanel sin salida, una herramienta que no sirve para reparar&#8230; No te preocupes, con las cartas de acci\u00f3n podr\u00e1s levantarte&#8230; o tal vez no&#8230;<\/p>\n","protected":false},"excerpt":{"rendered":"<p>En el juego de cartas Saboteur, los jugadores asumen el rol de enanos buscadores de oro que trabajan como mineros. Excavan t\u00faneles en la monta\u00f1a en busca de tesoros. Sin embargo, tambi\u00e9n pueden ser enanos saboteadores, quienes intentan entorpecer la b\u00fasqueda del oro de los dem\u00e1s.<\/p>\n<table class=\"table-data-sheet\">\n<tbody>\n<tr class=\"odd\">\n<td>N\u00famero de jugadores:<\/td>\n<td>De 3 a 10 jugadores<\/td>\n<\/tr>\n<tr class=\"even\">\n<td>Duraci\u00f3n aproximada del juego:<\/td>\n<td>30 minutos<\/td>\n<\/tr>\n<tr class=\"odd\">\n<td>Edad m\u00ednima recomendada:<\/td>\n<td>8 a\u00f1os<\/td>\n<\/tr>\n<tr class=\"even\">\n<td>Tipo:<\/td>\n<td>Juego de cartas<\/td>\n<\/tr>\n<tr class=\"odd\">\n<td>G\u00e9nero:<\/td>\n<td>Estrategia<\/td>\n<\/tr>\n<tr class=\"even\">\n<td>Idioma:<\/td>\n<td>Espa\u00f1ol y portugu\u00e9s<\/td>\n<\/tr>\n<tr class=\"odd\">\n<td>Marca:<\/td>\n<td>Mercurio<\/td>\n<\/tr>\n<\/tbody>\n<\/table>\n","protected":false},"featured_media":4475,"comment_status":"open","ping_status":"closed","template":"","meta":{"_themeisle_gutenberg_block_has_review":false},"product_brand":[],"product_cat":[123,29],"product_tag":[219,308,802],"class_list":{"0":"post-4474","1":"product","2":"type-product","3":"status-publish","4":"has-post-thumbnail","6":"product_cat-otros-juegos","7":"product_cat-juegos-de-mesa","8":"product_tag-juegodecartas","9":"product_tag-partygame","10":"product_tag-saboteur","12":"first","13":"instock","14":"shipping-taxable","15":"purchasable","16":"product-type-simple"},"_links":{"self":[{"href":"https:\/\/magicgamesbolivia.com\/index.php\/wp-json\/wp\/v2\/product\/4474","targetHints":{"allow":["GET"]}}],"collection":[{"href":"https:\/\/magicgamesbolivia.com\/index.php\/wp-json\/wp\/v2\/product"}],"about":[{"href":"https:\/\/magicgamesbolivia.com\/index.php\/wp-json\/wp\/v2\/types\/product"}],"replies":[{"embeddable":true,"href":"https:\/\/magicgamesbolivia.com\/index.php\/wp-json\/wp\/v2\/comments?post=4474"}],"version-history":[{"count":1,"href":"https:\/\/magicgamesbolivia.com\/index.php\/wp-json\/wp\/v2\/product\/4474\/revisions"}],"predecessor-version":[{"id":4477,"href":"https:\/\/magicgamesbolivia.com\/index.php\/wp-json\/wp\/v2\/product\/4474\/revisions\/4477"}],"wp:featuredmedia":[{"embeddable":true,"href":"https:\/\/magicgamesbolivia.com\/index.php\/wp-json\/wp\/v2\/media\/4475"}],"wp:attachment":[{"href":"https:\/\/magicgamesbolivia.com\/index.php\/wp-json\/wp\/v2\/media?parent=4474"}],"wp:term":[{"taxonomy":"product_brand","embeddable":true,"href":"https:\/\/magicgamesbolivia.com\/index.php\/wp-json\/wp\/v2\/product_brand?post=4474"},{"taxonomy":"product_cat","embeddable":true,"href":"https:\/\/magicgamesbolivia.com\/index.php\/wp-json\/wp\/v2\/product_cat?post=4474"},{"taxonomy":"product_tag","embeddable":true,"href":"https:\/\/magicgamesbolivia.com\/index.php\/wp-json\/wp\/v2\/product_tag?post=4474"}],"curies":[{"name":"wp","href":"https:\/\/api.w.org\/{rel}","templated":true}]}}