{"id":4470,"date":"2023-08-19T21:34:36","date_gmt":"2023-08-19T21:34:36","guid":{"rendered":"https:\/\/magicgamesbolivia.com\/?post_type=product&#038;p=4470"},"modified":"2025-06-06T20:10:29","modified_gmt":"2025-06-06T20:10:29","slug":"regicide","status":"publish","type":"product","link":"https:\/\/magicgamesbolivia.com\/index.php\/product\/regicide\/","title":{"rendered":"REGICIDE"},"content":{"rendered":"<p>Regicide es un juego de cartas cooperativo. Los jugadores colaboran para vencer a 12 enemigos poderosos y derrocar la monarqu\u00eda corrupta.<\/p>\n<p>En su turno, un jugador coloca una carta en la mesa para atacar al enemigo; una vez que se inflige suficiente da\u00f1o, el enemigo cae. El objetivo es derrotar a los 12 reyes. Sin embargo, cuidado, ya que cada turno el enemigo contraataca. Los jugadores descartan cartas para contrarrestar el da\u00f1o; si no pueden descartar suficientes, todos pierden.<\/p>\n<p>Rico en decisiones t\u00e1cticas y con un \u00e1rbol heur\u00edstico profundo, Regicide representa un desaf\u00edo formidable para quienes se atrevan.<\/p>\n","protected":false},"excerpt":{"rendered":"<p>Regicide es un juego de cartas cooperativo. Los jugadores unen fuerzas para vencer a 12 enemigos y eliminar la monarqu\u00eda corrupta.<\/p>\n<table class=\"table-data-sheet\">\n<tbody>\n<tr class=\"odd\">\n<td>N\u00famero de jugadores:<\/td>\n<td>De 1 a 4 jugadores<\/td>\n<\/tr>\n<tr class=\"even\">\n<td>Duraci\u00f3n aproximada del juego:<\/td>\n<td>20 minutos<\/td>\n<\/tr>\n<tr class=\"odd\">\n<td>Edad m\u00ednima recomendada:<\/td>\n<td>10 a\u00f1os<\/td>\n<\/tr>\n<tr class=\"even\">\n<td>Tipo:<\/td>\n<td>Juego de cartas<\/td>\n<\/tr>\n<tr class=\"odd\">\n<td>G\u00e9nero:<\/td>\n<td>Cooperativo<\/td>\n<\/tr>\n<tr class=\"even\">\n<td>Idioma:<\/td>\n<td>Espa\u00f1ol<\/td>\n<\/tr>\n<tr class=\"odd\">\n<td>Marca:<\/td>\n<td>Devir<\/td>\n<\/tr>\n<\/tbody>\n<\/table>\n<p>&nbsp;<\/p>\n","protected":false},"featured_media":4471,"comment_status":"open","ping_status":"closed","template":"","meta":{"_themeisle_gutenberg_block_has_review":false},"product_brand":[],"product_cat":[29,30],"product_tag":[31,218,308,801],"class_list":{"0":"post-4470","1":"product","2":"type-product","3":"status-publish","4":"has-post-thumbnail","6":"product_cat-juegos-de-mesa","7":"product_cat-devir","8":"product_tag-devir","9":"product_tag-juegodemesa","10":"product_tag-partygame","11":"product_tag-regicide","13":"first","14":"instock","15":"shipping-taxable","16":"purchasable","17":"product-type-simple"},"_links":{"self":[{"href":"https:\/\/magicgamesbolivia.com\/index.php\/wp-json\/wp\/v2\/product\/4470","targetHints":{"allow":["GET"]}}],"collection":[{"href":"https:\/\/magicgamesbolivia.com\/index.php\/wp-json\/wp\/v2\/product"}],"about":[{"href":"https:\/\/magicgamesbolivia.com\/index.php\/wp-json\/wp\/v2\/types\/product"}],"replies":[{"embeddable":true,"href":"https:\/\/magicgamesbolivia.com\/index.php\/wp-json\/wp\/v2\/comments?post=4470"}],"version-history":[{"count":1,"href":"https:\/\/magicgamesbolivia.com\/index.php\/wp-json\/wp\/v2\/product\/4470\/revisions"}],"predecessor-version":[{"id":4473,"href":"https:\/\/magicgamesbolivia.com\/index.php\/wp-json\/wp\/v2\/product\/4470\/revisions\/4473"}],"wp:featuredmedia":[{"embeddable":true,"href":"https:\/\/magicgamesbolivia.com\/index.php\/wp-json\/wp\/v2\/media\/4471"}],"wp:attachment":[{"href":"https:\/\/magicgamesbolivia.com\/index.php\/wp-json\/wp\/v2\/media?parent=4470"}],"wp:term":[{"taxonomy":"product_brand","embeddable":true,"href":"https:\/\/magicgamesbolivia.com\/index.php\/wp-json\/wp\/v2\/product_brand?post=4470"},{"taxonomy":"product_cat","embeddable":true,"href":"https:\/\/magicgamesbolivia.com\/index.php\/wp-json\/wp\/v2\/product_cat?post=4470"},{"taxonomy":"product_tag","embeddable":true,"href":"https:\/\/magicgamesbolivia.com\/index.php\/wp-json\/wp\/v2\/product_tag?post=4470"}],"curies":[{"name":"wp","href":"https:\/\/api.w.org\/{rel}","templated":true}]}}