{"id":4466,"date":"2023-08-16T15:48:14","date_gmt":"2023-08-16T15:48:14","guid":{"rendered":"https:\/\/magicgamesbolivia.com\/?post_type=product&#038;p=4466"},"modified":"2024-07-14T00:30:14","modified_gmt":"2024-07-14T00:30:14","slug":"dragon-shield-red-matte-sleeves-standard-size","status":"publish","type":"product","link":"https:\/\/magicgamesbolivia.com\/index.php\/product\/dragon-shield-red-matte-sleeves-standard-size\/","title":{"rendered":"Dragon Shield Red \u2013 Matte Sleeves \u2013 Standard Size"},"content":{"rendered":"<p>Frente transparente y parte trasera Roja Listo para el combate.<\/p>\n<p>Las fundas mate son nuestra l\u00ednea popular de Dragon Shield con textura y manejo superior. Una combinaci\u00f3n perfecta de durabilidad y facilidad para barajar. La elecci\u00f3n n\u00famero 1 del Profesor para fundas de cartas.<\/p>\n<p>La resistente caja de cart\u00f3n puede contener m\u00e1s de 75 cartas con funda individual o m\u00e1s de 65 cartas con funda doble. Cada caja tiene una etiqueta en la parte superior para personalizaci\u00f3n.<\/p>\n<p>Excelentes fundas para juegos de cartas coleccionables como MTG, Pok\u00e9mon, Flesh &amp; Blood y Digimon.<\/p>\n<p>cantidad 100<\/p>\n","protected":false},"excerpt":{"rendered":"<p>Las fundas mate son nuestra l\u00ednea popular de Dragon Shield con textura y manejo superior. Una combinaci\u00f3n perfecta de durabilidad y facilidad para barajar. La elecci\u00f3n n\u00famero 1 del Profesor para fundas de cartas.<\/p>\n<p>La resistente caja de cart\u00f3n puede contener m\u00e1s de 75 cartas con funda individual o m\u00e1s de 65 cartas con funda doble. Cada caja tiene una etiqueta en la parte superior para personalizaci\u00f3n.<\/p>\n<p>Excelentes fundas para juegos de cartas coleccionables como MTG, Pok\u00e9mon, Flesh &amp; Blood y Digimon.<\/p>\n<p>cantidad 100<\/p>\n","protected":false},"featured_media":4467,"comment_status":"open","ping_status":"closed","template":"","meta":{"_themeisle_gutenberg_block_has_review":false},"product_brand":[],"product_cat":[131,426],"product_tag":[450,451,799,800],"class_list":{"0":"post-4466","1":"product","2":"type-product","3":"status-publish","4":"has-post-thumbnail","6":"product_cat-accesorios","7":"product_cat-deckb","8":"product_tag-dragonshield","9":"product_tag-matte","10":"product_tag-red","11":"product_tag-rojo","13":"first","14":"outofstock","15":"shipping-taxable","16":"purchasable","17":"product-type-simple"},"_links":{"self":[{"href":"https:\/\/magicgamesbolivia.com\/index.php\/wp-json\/wp\/v2\/product\/4466","targetHints":{"allow":["GET"]}}],"collection":[{"href":"https:\/\/magicgamesbolivia.com\/index.php\/wp-json\/wp\/v2\/product"}],"about":[{"href":"https:\/\/magicgamesbolivia.com\/index.php\/wp-json\/wp\/v2\/types\/product"}],"replies":[{"embeddable":true,"href":"https:\/\/magicgamesbolivia.com\/index.php\/wp-json\/wp\/v2\/comments?post=4466"}],"version-history":[{"count":1,"href":"https:\/\/magicgamesbolivia.com\/index.php\/wp-json\/wp\/v2\/product\/4466\/revisions"}],"predecessor-version":[{"id":4469,"href":"https:\/\/magicgamesbolivia.com\/index.php\/wp-json\/wp\/v2\/product\/4466\/revisions\/4469"}],"wp:featuredmedia":[{"embeddable":true,"href":"https:\/\/magicgamesbolivia.com\/index.php\/wp-json\/wp\/v2\/media\/4467"}],"wp:attachment":[{"href":"https:\/\/magicgamesbolivia.com\/index.php\/wp-json\/wp\/v2\/media?parent=4466"}],"wp:term":[{"taxonomy":"product_brand","embeddable":true,"href":"https:\/\/magicgamesbolivia.com\/index.php\/wp-json\/wp\/v2\/product_brand?post=4466"},{"taxonomy":"product_cat","embeddable":true,"href":"https:\/\/magicgamesbolivia.com\/index.php\/wp-json\/wp\/v2\/product_cat?post=4466"},{"taxonomy":"product_tag","embeddable":true,"href":"https:\/\/magicgamesbolivia.com\/index.php\/wp-json\/wp\/v2\/product_tag?post=4466"}],"curies":[{"name":"wp","href":"https:\/\/api.w.org\/{rel}","templated":true}]}}