{"id":4317,"date":"2023-07-17T15:28:27","date_gmt":"2023-07-17T15:28:27","guid":{"rendered":"http:\/\/magicgamesbolivia.com\/?post_type=product&#038;p=4317"},"modified":"2026-03-04T20:13:44","modified_gmt":"2026-03-04T20:13:44","slug":"alta-tension-reenergizado","status":"publish","type":"product","link":"https:\/\/magicgamesbolivia.com\/index.php\/product\/alta-tension-reenergizado\/","title":{"rendered":"Alta Tensi\u00f3n Reenergizado"},"content":{"rendered":"<p>Alta Tensi\u00f3n es un emocionante juego de mesa para 2 a 6 jugadores, considerado uno de los mejores juegos de tablero de todos los tiempos y creado por el reconocido autor alem\u00e1n Friedemann Friese. En esta versi\u00f3n del juego de mesa Alta Tensi\u00f3n se incluyen peque\u00f1os cambios y mejoras en la experiencia de juego. Compite por el control de la gesti\u00f3n el\u00e9ctrica de un pa\u00eds, construye centrales el\u00e9ctricas y expande tu negocio a diferentes ciudades. Administra tus recursos cuidadosamente y observa de cerca a tus competidores. Alta Tensi\u00f3n es un juego de estrategia y planificaci\u00f3n que te desafiar\u00e1 mientras luchas por abastecer de energ\u00eda a la mayor cantidad de ciudades posible. \u00a1Descubre por qu\u00e9 este juego ha ganado numerosos premios y \u00fanete a su creciente comunidad de fans en todo el mundo!<\/p>\n<div class=\"group w-full text-gray-800 dark:text-gray-100 border-b border-black\/10 dark:border-gray-900\/50 bg-gray-50 dark:bg-[#444654]\">\n<div class=\"flex p-4 gap-4 text-base md:gap-6 md:max-w-2xl lg:max-w-[38rem] xl:max-w-3xl md:py-6 lg:px-0 m-auto\">\n<div class=\"relative flex w-[calc(100%-50px)] flex-col gap-1 md:gap-3 lg:w-[calc(100%-115px)]\">\n<div class=\"flex flex-grow flex-col gap-3\">\n<div class=\"min-h-[20px] flex items-start overflow-x-auto whitespace-pre-wrap break-words flex-col gap-4\">\n<div class=\"markdown prose w-full break-words dark:prose-invert light\">\n<p>Alta Tensi\u00f3n es un juego de mesa galardonado con numerosos premios, entre ellos:<\/p>\n<ul>\n<li>2010 Gouden Ludo (Flandes): Ganador<\/li>\n<li>2010 Nederlandse Spellenprijs (Pa\u00edses Bajos): Ganador<\/li>\n<li>2010 BoardGameGeek Geek Madness Tournament Champion y Aldie Award: Ganador<\/li>\n<li>2009 Juego del a\u00f1o (Espa\u00f1a): Nominaci\u00f3n<\/li>\n<li>2008 BoardGameGeek Geek Madness Tournament Champion y Aldie Award: Ganador<\/li>\n<li>2008 Lucca Games Best of Show (Italia): Ganador, Mejor juego de mesa<\/li>\n<li>2008 Lucca Games Best of Show (Italia): Premio secundario, Mejor mec\u00e1nica de juego<\/li>\n<li>2007 BoardGameGeek Geek Madness Tournament Champion y Aldie Award: Ganador<\/li>\n<li>2007 Gra Roku (Polonia): Ganador<\/li>\n<li>2006 BoardGameGeek Geek Madness Tournament Champion y Aldie Award: Ganador<\/li>\n<li>2005 Spiel des Jahres: Recomendaci\u00f3n<\/li>\n<li>2004 Meeples&#8217; Choice Award: Ganador<\/li>\n<li>2004 Tric Trac d&#8217;or (Francia): Juego del A\u00f1o, Tric Trac d&#8217;argent (segundo lugar)<\/li>\n<\/ul>\n<p>Estos reconocimientos son un testimonio del \u00e9xito y la calidad de Alta Tensi\u00f3n como juego de mesa.<\/p>\n<\/div>\n<\/div>\n<\/div>\n<div class=\"flex justify-between lg:block\">\n<div class=\"text-gray-400 flex self-end lg:self-center justify-center mt-2 gap-2 md:gap-3 lg:gap-1 lg:absolute lg:top-0 lg:translate-x-full lg:right-0 lg:mt-0 lg:pl-2 visible\"><button class=\"flex ml-auto gap-2 rounded-md p-1 hover:bg-gray-100 hover:text-gray-700 dark:text-gray-400 dark:hover:bg-gray-700 dark:hover:text-gray-200 disabled:dark:hover:text-gray-400\"><\/button><\/p>\n<div class=\"flex gap-1\"><\/div>\n<\/div>\n<\/div>\n<\/div>\n<\/div>\n<\/div>\n","protected":false},"excerpt":{"rendered":"<p>Alta Tensi\u00f3n Reenergizado es un emocionante juego de mesa para 2 a 6 jugadores, considerado uno de los mejores juegos de tablero de todos los tiempos y creado por el reconocido autor alem\u00e1n Friedemann Friese. Esta versi\u00f3n de Alta Tensi\u00f3n presenta peque\u00f1os cambios y mejoras que enriquecen la experiencia de juego.<\/p>\n<table class=\"table-data-sheet\">\n<tbody>\n<tr class=\"odd\">\n<td>N\u00famero de jugadores:<\/td>\n<td>De 2 a 6 jugadores<\/td>\n<\/tr>\n<tr class=\"even\">\n<td>Duraci\u00f3n aproximada del juego:<\/td>\n<td>120 minutos<\/td>\n<\/tr>\n<tr class=\"odd\">\n<td>Edad m\u00ednima recomendada:<\/td>\n<td>12 a\u00f1os<\/td>\n<\/tr>\n<tr class=\"even\">\n<td>Tipo:<\/td>\n<td>Juego de tablero<\/td>\n<\/tr>\n<tr class=\"odd\">\n<td>G\u00e9nero:<\/td>\n<td>Estrategia<\/td>\n<\/tr>\n<tr class=\"even\">\n<td>Idioma:<\/td>\n<td>Espa\u00f1ol<\/td>\n<\/tr>\n<tr class=\"odd\">\n<td>Marca:<\/td>\n<td>Edge Entertainment<\/td>\n<\/tr>\n<\/tbody>\n<\/table>\n","protected":false},"featured_media":4318,"comment_status":"open","ping_status":"closed","template":"","meta":{"_themeisle_gutenberg_block_has_review":false},"product_brand":[],"product_cat":[29,104],"product_tag":[775,411,155],"class_list":{"0":"post-4317","1":"product","2":"type-product","3":"status-publish","4":"has-post-thumbnail","6":"product_cat-juegos-de-mesa","7":"product_cat-edge","8":"product_tag-altatension","9":"product_tag-edgee","10":"product_tag-juegosdemesa","12":"first","13":"outofstock","14":"shipping-taxable","15":"purchasable","16":"product-type-simple"},"_links":{"self":[{"href":"https:\/\/magicgamesbolivia.com\/index.php\/wp-json\/wp\/v2\/product\/4317","targetHints":{"allow":["GET"]}}],"collection":[{"href":"https:\/\/magicgamesbolivia.com\/index.php\/wp-json\/wp\/v2\/product"}],"about":[{"href":"https:\/\/magicgamesbolivia.com\/index.php\/wp-json\/wp\/v2\/types\/product"}],"replies":[{"embeddable":true,"href":"https:\/\/magicgamesbolivia.com\/index.php\/wp-json\/wp\/v2\/comments?post=4317"}],"version-history":[{"count":1,"href":"https:\/\/magicgamesbolivia.com\/index.php\/wp-json\/wp\/v2\/product\/4317\/revisions"}],"predecessor-version":[{"id":4320,"href":"https:\/\/magicgamesbolivia.com\/index.php\/wp-json\/wp\/v2\/product\/4317\/revisions\/4320"}],"wp:featuredmedia":[{"embeddable":true,"href":"https:\/\/magicgamesbolivia.com\/index.php\/wp-json\/wp\/v2\/media\/4318"}],"wp:attachment":[{"href":"https:\/\/magicgamesbolivia.com\/index.php\/wp-json\/wp\/v2\/media?parent=4317"}],"wp:term":[{"taxonomy":"product_brand","embeddable":true,"href":"https:\/\/magicgamesbolivia.com\/index.php\/wp-json\/wp\/v2\/product_brand?post=4317"},{"taxonomy":"product_cat","embeddable":true,"href":"https:\/\/magicgamesbolivia.com\/index.php\/wp-json\/wp\/v2\/product_cat?post=4317"},{"taxonomy":"product_tag","embeddable":true,"href":"https:\/\/magicgamesbolivia.com\/index.php\/wp-json\/wp\/v2\/product_tag?post=4317"}],"curies":[{"name":"wp","href":"https:\/\/api.w.org\/{rel}","templated":true}]}}