{"id":4313,"date":"2023-07-17T15:14:13","date_gmt":"2023-07-17T15:14:13","guid":{"rendered":"http:\/\/magicgamesbolivia.com\/?post_type=product&#038;p=4313"},"modified":"2026-02-21T21:45:19","modified_gmt":"2026-02-21T21:45:19","slug":"happy-salmon","status":"publish","type":"product","link":"https:\/\/magicgamesbolivia.com\/index.php\/product\/happy-salmon\/","title":{"rendered":"Happy Salmon"},"content":{"rendered":"<p>Happy Salmon es un juego de cartas r\u00e1pido y divertido para hasta 6 jugadores. Los participantes se convierten en felices salmones y compiten por deshacerse de sus cartas lo m\u00e1s r\u00e1pido posible. Cada jugador recibe 12 cartas del mismo color con 4 acciones diferentes. Durante la fase de mercado de acciones, los jugadores buscan parejas con la misma acci\u00f3n y realizan la acci\u00f3n juntos para descartar sus cartas. Las acciones incluyen toque de pu\u00f1os, aletear felizmente, cambio de r\u00edo y chocar los cinco. El primer jugador en quedarse sin cartas gana la partida. \u00a1Divi\u00e9rtete y s\u00e9 el salm\u00f3n m\u00e1s r\u00e1pido en Happy Salmon!<\/p>\n<p><strong>Las acciones son:<\/strong><\/p>\n<p><strong>Toque de pu\u00f1os<\/strong>\u00a0&#8211; choca pu\u00f1os con otro salm\u00f3n<\/p>\n<p><strong>Happy Salmon<\/strong>\u00a0&#8211; aletea felizmente con otro salm\u00f3n<\/p>\n<p><strong>Cambio de r\u00edo<\/strong>\u00a0&#8211; intercambiate de lugar con otro salm\u00f3n<\/p>\n<p><strong>Choca los cinco<\/strong>\u00a0&#8211; choca los cinco con otro salm\u00f3n<\/p>\n<p>El primer jugador que se quede sin cartas, gana la partida.<\/p>\n","protected":false},"excerpt":{"rendered":"<p>Happy Salmon es un juego de cartas r\u00e1pido y divertido para hasta 6 jugadores. Cada jugador se convierte en un feliz salm\u00f3n y debe realizar las acciones de sus cartas lo m\u00e1s r\u00e1pido posible para deshacerse de ellas y ser el ganador.<\/p>\n<table class=\"table-data-sheet\">\n<tbody>\n<tr class=\"odd\">\n<td>N\u00famero de jugadores:<\/td>\n<td>De 3 a 8 jugadores<\/td>\n<\/tr>\n<tr class=\"even\">\n<td>Duraci\u00f3n aproximada del juego:<\/td>\n<td>15 Minutos<\/td>\n<\/tr>\n<tr class=\"odd\">\n<td>Edad m\u00ednima recomendada:<\/td>\n<td>6 a\u00f1os<\/td>\n<\/tr>\n<tr class=\"even\">\n<td>Tipo:<\/td>\n<td>Juego de cartas<\/td>\n<\/tr>\n<tr class=\"odd\">\n<td>G\u00e9nero:<\/td>\n<td>Humor<\/td>\n<\/tr>\n<tr class=\"even\">\n<td>Idioma:<\/td>\n<td>Espa\u00f1ol<\/td>\n<\/tr>\n<tr class=\"odd\">\n<td>Marca:<\/td>\n<td>Asmodee<\/td>\n<\/tr>\n<\/tbody>\n<\/table>\n","protected":false},"featured_media":4314,"comment_status":"open","ping_status":"closed","template":"","meta":{"_themeisle_gutenberg_block_has_review":false},"product_brand":[],"product_cat":[352,29],"product_tag":[279,157,612,158,774,773,308],"class_list":{"0":"post-4313","1":"product","2":"type-product","3":"status-publish","4":"has-post-thumbnail","6":"product_cat-asmodee","7":"product_cat-juegos-de-mesa","8":"product_tag-asmodee","9":"product_tag-bolivia","10":"product_tag-cartas","11":"product_tag-cochabamba","12":"product_tag-happysalmon","13":"product_tag-humor","14":"product_tag-partygame","16":"first","17":"instock","18":"shipping-taxable","19":"purchasable","20":"product-type-simple"},"_links":{"self":[{"href":"https:\/\/magicgamesbolivia.com\/index.php\/wp-json\/wp\/v2\/product\/4313","targetHints":{"allow":["GET"]}}],"collection":[{"href":"https:\/\/magicgamesbolivia.com\/index.php\/wp-json\/wp\/v2\/product"}],"about":[{"href":"https:\/\/magicgamesbolivia.com\/index.php\/wp-json\/wp\/v2\/types\/product"}],"replies":[{"embeddable":true,"href":"https:\/\/magicgamesbolivia.com\/index.php\/wp-json\/wp\/v2\/comments?post=4313"}],"version-history":[{"count":1,"href":"https:\/\/magicgamesbolivia.com\/index.php\/wp-json\/wp\/v2\/product\/4313\/revisions"}],"predecessor-version":[{"id":4316,"href":"https:\/\/magicgamesbolivia.com\/index.php\/wp-json\/wp\/v2\/product\/4313\/revisions\/4316"}],"wp:featuredmedia":[{"embeddable":true,"href":"https:\/\/magicgamesbolivia.com\/index.php\/wp-json\/wp\/v2\/media\/4314"}],"wp:attachment":[{"href":"https:\/\/magicgamesbolivia.com\/index.php\/wp-json\/wp\/v2\/media?parent=4313"}],"wp:term":[{"taxonomy":"product_brand","embeddable":true,"href":"https:\/\/magicgamesbolivia.com\/index.php\/wp-json\/wp\/v2\/product_brand?post=4313"},{"taxonomy":"product_cat","embeddable":true,"href":"https:\/\/magicgamesbolivia.com\/index.php\/wp-json\/wp\/v2\/product_cat?post=4313"},{"taxonomy":"product_tag","embeddable":true,"href":"https:\/\/magicgamesbolivia.com\/index.php\/wp-json\/wp\/v2\/product_tag?post=4313"}],"curies":[{"name":"wp","href":"https:\/\/api.w.org\/{rel}","templated":true}]}}