{"id":4303,"date":"2023-07-17T12:40:28","date_gmt":"2023-07-17T12:40:28","guid":{"rendered":"http:\/\/magicgamesbolivia.com\/?post_type=product&#038;p=4303"},"modified":"2025-06-09T21:02:17","modified_gmt":"2025-06-09T21:02:17","slug":"carcassonne-la-torre","status":"publish","type":"product","link":"https:\/\/magicgamesbolivia.com\/index.php\/product\/carcassonne-la-torre\/","title":{"rendered":"CARCASSONNE: LA TORRE"},"content":{"rendered":"<p>Carcassonne: La Torre es una emocionante expansi\u00f3n para el juego de mesa Carcassonne que introduce una nueva mec\u00e1nica: \u00a1construir hacia arriba!<\/p>\n<p>En esta expansi\u00f3n, los se\u00f1ores de la regi\u00f3n de Carcassonne erigen torres para fortalecer su poder e influencia, y utilizan seguidores para protegerlas y mantenerse informados sobre los movimientos en el \u00e1rea.<\/p>\n<p>En Carcassonne: La Torre, los jugadores tienen la tarea de capturar a los seguidores de sus oponentes y mantenerlos prisioneros. Estos seguidores solo pueden ser liberados cuando su due\u00f1o pague un rescate por ellos.<\/p>\n<p>Los fans del juego de mesa Carcassonne disfrutar\u00e1n de las nuevas oportunidades t\u00e1cticas que ofrece esta expansi\u00f3n, as\u00ed como de las ventajas de la torre especial incluida, que permite almacenar las fichas de terreno de manera estrat\u00e9gica.<\/p>\n<p>Es importante tener en cuenta que Carcassonne: La Torre es una expansi\u00f3n y requiere el juego b\u00e1sico de Carcassonne para poder ser jugada.<\/p>\n","protected":false},"excerpt":{"rendered":"<p><strong>Carcassonne la torre<\/strong>\u00a0es una expansi\u00f3n para el juego de mesa<strong>\u00a0Carcassone<\/strong>\u00a0con la que los jugadores tienen la oportunidad de\u00a0<strong>\u00a1construir hacia arriba!\u00a0<\/strong>En\u00a0<strong>Carcassonne la torre<\/strong>\u00a0los jugadores deben\u00a0<strong>capturar a los seguidores de sus oponentes<\/strong>\u00a0manteni\u00e9ndolos en la prisi\u00f3n. Estos seguidores solo podr\u00e1n ser liberados cuando su propietario\u00a0<strong>pague un rescate por ellos.<\/strong><\/p>\n","protected":false},"featured_media":4304,"comment_status":"open","ping_status":"closed","template":"","meta":{"_themeisle_gutenberg_block_has_review":false},"product_brand":[],"product_cat":[29,30],"product_tag":[157,60,158,31,288,218],"class_list":{"0":"post-4303","1":"product","2":"type-product","3":"status-publish","4":"has-post-thumbnail","6":"product_cat-juegos-de-mesa","7":"product_cat-devir","8":"product_tag-bolivia","9":"product_tag-carcassonne","10":"product_tag-cochabamba","11":"product_tag-devir","12":"product_tag-expansion","13":"product_tag-juegodemesa","15":"first","16":"instock","17":"shipping-taxable","18":"purchasable","19":"product-type-simple"},"_links":{"self":[{"href":"https:\/\/magicgamesbolivia.com\/index.php\/wp-json\/wp\/v2\/product\/4303","targetHints":{"allow":["GET"]}}],"collection":[{"href":"https:\/\/magicgamesbolivia.com\/index.php\/wp-json\/wp\/v2\/product"}],"about":[{"href":"https:\/\/magicgamesbolivia.com\/index.php\/wp-json\/wp\/v2\/types\/product"}],"replies":[{"embeddable":true,"href":"https:\/\/magicgamesbolivia.com\/index.php\/wp-json\/wp\/v2\/comments?post=4303"}],"version-history":[{"count":1,"href":"https:\/\/magicgamesbolivia.com\/index.php\/wp-json\/wp\/v2\/product\/4303\/revisions"}],"predecessor-version":[{"id":4306,"href":"https:\/\/magicgamesbolivia.com\/index.php\/wp-json\/wp\/v2\/product\/4303\/revisions\/4306"}],"wp:featuredmedia":[{"embeddable":true,"href":"https:\/\/magicgamesbolivia.com\/index.php\/wp-json\/wp\/v2\/media\/4304"}],"wp:attachment":[{"href":"https:\/\/magicgamesbolivia.com\/index.php\/wp-json\/wp\/v2\/media?parent=4303"}],"wp:term":[{"taxonomy":"product_brand","embeddable":true,"href":"https:\/\/magicgamesbolivia.com\/index.php\/wp-json\/wp\/v2\/product_brand?post=4303"},{"taxonomy":"product_cat","embeddable":true,"href":"https:\/\/magicgamesbolivia.com\/index.php\/wp-json\/wp\/v2\/product_cat?post=4303"},{"taxonomy":"product_tag","embeddable":true,"href":"https:\/\/magicgamesbolivia.com\/index.php\/wp-json\/wp\/v2\/product_tag?post=4303"}],"curies":[{"name":"wp","href":"https:\/\/api.w.org\/{rel}","templated":true}]}}