{"id":4298,"date":"2023-07-17T12:36:29","date_gmt":"2023-07-17T12:36:29","guid":{"rendered":"http:\/\/magicgamesbolivia.com\/?post_type=product&#038;p=4298"},"modified":"2025-01-10T22:53:06","modified_gmt":"2025-01-10T22:53:06","slug":"carcassonne-posadas-y-catedrales","status":"publish","type":"product","link":"https:\/\/magicgamesbolivia.com\/index.php\/product\/carcassonne-posadas-y-catedrales\/","title":{"rendered":"CARCASSONNE POSADAS Y CATEDRALES"},"content":{"rendered":"<p>Carcassonne Espa\u00f1ol Posadas y Catedrales es la primera expansi\u00f3n del juego de mesa Carcassonne. Esta expansi\u00f3n permite ampliar el n\u00famero de jugadores a seis e introduce dos catedrales y ocho posadas en el juego.<\/p>\n<p>Con esta expansi\u00f3n, el juego incluye componentes suficientes para que puedan participar hasta seis jugadores, y es totalmente compatible con todas las expansiones de Carcassonne. Esto significa que se puede jugar con el juego b\u00e1sico de Carcassonne y tambi\u00e9n con cualquier otra expansi\u00f3n disponible.<\/p>\n<p>Es importante destacar que se requiere el juego b\u00e1sico Carcassonne para poder jugar a esta expansi\u00f3n, o en su defecto, la edici\u00f3n 10\u00ba aniversario del juego.<\/p>\n","protected":false},"excerpt":{"rendered":"<p><strong>Carcassonne Posadas y Catedrales<\/strong>, es la\u00a0<strong>primera expansi\u00f3n<\/strong>\u00a0para el juego de mesa\u00a0<a href=\"http:\/\/juegosdelamesaredonda.com\/70-carcassonne.html\" target=\"_blank\" rel=\"noopener\"><strong>Carcassonne,<\/strong><\/a>\u00a0que permite ampliar el juego a seis jugadores e introduce 2 catedrales y 8 posadas.<\/p>\n<table class=\"table-data-sheet\">\n<tbody>\n<tr class=\"odd\">\n<td>N\u00famero de jugadores:<\/td>\n<td>De 2 a 6 jugadores<\/td>\n<\/tr>\n<tr class=\"even\">\n<td>Duraci\u00f3n aproximada del juego:<\/td>\n<td>60 minutos<\/td>\n<\/tr>\n<tr class=\"odd\">\n<td>Edad m\u00ednima recomendada:<\/td>\n<td>10 a\u00f1os<\/td>\n<\/tr>\n<tr class=\"even\">\n<td>Tipo:<\/td>\n<td>Expansiones de Juegos<\/td>\n<\/tr>\n<tr class=\"odd\">\n<td>G\u00e9nero:<\/td>\n<td>Estrategia<\/td>\n<\/tr>\n<tr class=\"even\">\n<td>Idioma:<\/td>\n<td>Espa\u00f1ol<\/td>\n<\/tr>\n<tr class=\"odd\">\n<td>Marca:<\/td>\n<td>Devir<\/td>\n<\/tr>\n<\/tbody>\n<\/table>\n","protected":false},"featured_media":4300,"comment_status":"open","ping_status":"closed","template":"","meta":{"_themeisle_gutenberg_block_has_review":false},"product_brand":[],"product_cat":[29,30],"product_tag":[157,60,296,158,31,288,267],"class_list":{"0":"post-4298","1":"product","2":"type-product","3":"status-publish","4":"has-post-thumbnail","6":"product_cat-juegos-de-mesa","7":"product_cat-devir","8":"product_tag-bolivia","9":"product_tag-carcassonne","10":"product_tag-clasico","11":"product_tag-cochabamba","12":"product_tag-devir","13":"product_tag-expansion","14":"product_tag-familiar","16":"first","17":"outofstock","18":"shipping-taxable","19":"purchasable","20":"product-type-simple"},"_links":{"self":[{"href":"https:\/\/magicgamesbolivia.com\/index.php\/wp-json\/wp\/v2\/product\/4298","targetHints":{"allow":["GET"]}}],"collection":[{"href":"https:\/\/magicgamesbolivia.com\/index.php\/wp-json\/wp\/v2\/product"}],"about":[{"href":"https:\/\/magicgamesbolivia.com\/index.php\/wp-json\/wp\/v2\/types\/product"}],"replies":[{"embeddable":true,"href":"https:\/\/magicgamesbolivia.com\/index.php\/wp-json\/wp\/v2\/comments?post=4298"}],"version-history":[{"count":1,"href":"https:\/\/magicgamesbolivia.com\/index.php\/wp-json\/wp\/v2\/product\/4298\/revisions"}],"predecessor-version":[{"id":4301,"href":"https:\/\/magicgamesbolivia.com\/index.php\/wp-json\/wp\/v2\/product\/4298\/revisions\/4301"}],"wp:featuredmedia":[{"embeddable":true,"href":"https:\/\/magicgamesbolivia.com\/index.php\/wp-json\/wp\/v2\/media\/4300"}],"wp:attachment":[{"href":"https:\/\/magicgamesbolivia.com\/index.php\/wp-json\/wp\/v2\/media?parent=4298"}],"wp:term":[{"taxonomy":"product_brand","embeddable":true,"href":"https:\/\/magicgamesbolivia.com\/index.php\/wp-json\/wp\/v2\/product_brand?post=4298"},{"taxonomy":"product_cat","embeddable":true,"href":"https:\/\/magicgamesbolivia.com\/index.php\/wp-json\/wp\/v2\/product_cat?post=4298"},{"taxonomy":"product_tag","embeddable":true,"href":"https:\/\/magicgamesbolivia.com\/index.php\/wp-json\/wp\/v2\/product_tag?post=4298"}],"curies":[{"name":"wp","href":"https:\/\/api.w.org\/{rel}","templated":true}]}}