{"id":4279,"date":"2023-07-14T13:30:09","date_gmt":"2023-07-14T13:30:09","guid":{"rendered":"http:\/\/magicgamesbolivia.com\/?post_type=product&#038;p=4279"},"modified":"2026-01-14T14:14:27","modified_gmt":"2026-01-14T14:14:27","slug":"carcassonne-nueva-edicion","status":"publish","type":"product","link":"https:\/\/magicgamesbolivia.com\/index.php\/product\/carcassonne-nueva-edicion\/","title":{"rendered":"CARCASSONNE NUEVA EDICION"},"content":{"rendered":"<p>La edici\u00f3n b\u00e1sica del juego de mesa Carcassonne es la piedra angular para construir la ciudad amurallada francesa y todo su entorno, incluyendo caminos, r\u00edos, campos, monasterios, castillos y ciudades amuralladas. El objetivo es obtener m\u00e1s puntos que tus oponentes, colocando estrat\u00e9gicamente tus meeples y aprovechando al m\u00e1ximo su ubicaci\u00f3n.<\/p>\n<p>Carcassonne es un juego \u00e1gil para 2 a 5 jugadores (con las expansiones, se puede llegar a jugar con seis jugadores), en el que las partidas se desarrollan r\u00e1pidamente y te dejan con ganas de jugar una m\u00e1s. La din\u00e1mica del juego y sus expansiones garantizan que cada partida sea diferente a la anterior.<\/p>\n","protected":false},"excerpt":{"rendered":"<p>La edici\u00f3n b\u00e1sica del juego de mesa Carcassonne es el comienzo del nacimiento de una leyenda en los juegos de mesa. Es divertido, estrat\u00e9gico y apto para todos debido a sus reglas sencillas. Construye ciudades, controla granjas y s\u00e9 el rey de los caminos para obtener la puntuaci\u00f3n m\u00e1s alta.<\/p>\n<table class=\"table-data-sheet\">\n<tbody>\n<tr class=\"odd\">\n<td>N\u00famero de jugadores:<\/td>\n<td>De 2 a 5 jugadores<\/td>\n<\/tr>\n<tr class=\"even\">\n<td>Duraci\u00f3n aproximada del juego:<\/td>\n<td>30 minutos<\/td>\n<\/tr>\n<tr class=\"odd\">\n<td>Edad m\u00ednima recomendada:<\/td>\n<td>8 a\u00f1os<\/td>\n<\/tr>\n<tr class=\"even\">\n<td>Tipo:<\/td>\n<td>Juego de tablero<\/td>\n<\/tr>\n<tr class=\"odd\">\n<td>G\u00e9nero:<\/td>\n<td>Estrategia<\/td>\n<\/tr>\n<tr class=\"even\">\n<td>Idioma:<\/td>\n<td>Espa\u00f1ol<\/td>\n<\/tr>\n<tr class=\"odd\">\n<td>Marca:<\/td>\n<td>Devir<\/td>\n<\/tr>\n<\/tbody>\n<\/table>\n<div id=\"idTab5\">\n<div id=\"product_comments_block_tab\">\n<div class=\"comments_note\">\n<h3 class=\"page-product-heading\"><\/h3>\n<\/div>\n<\/div>\n<\/div>\n","protected":false},"featured_media":4280,"comment_status":"open","ping_status":"closed","template":"","meta":{"_themeisle_gutenberg_block_has_review":false},"product_brand":[],"product_cat":[29,30],"product_tag":[60,31,267,155],"class_list":{"0":"post-4279","1":"product","2":"type-product","3":"status-publish","4":"has-post-thumbnail","6":"product_cat-juegos-de-mesa","7":"product_cat-devir","8":"product_tag-carcassonne","9":"product_tag-devir","10":"product_tag-familiar","11":"product_tag-juegosdemesa","13":"first","14":"instock","15":"shipping-taxable","16":"purchasable","17":"product-type-simple"},"_links":{"self":[{"href":"https:\/\/magicgamesbolivia.com\/index.php\/wp-json\/wp\/v2\/product\/4279","targetHints":{"allow":["GET"]}}],"collection":[{"href":"https:\/\/magicgamesbolivia.com\/index.php\/wp-json\/wp\/v2\/product"}],"about":[{"href":"https:\/\/magicgamesbolivia.com\/index.php\/wp-json\/wp\/v2\/types\/product"}],"replies":[{"embeddable":true,"href":"https:\/\/magicgamesbolivia.com\/index.php\/wp-json\/wp\/v2\/comments?post=4279"}],"version-history":[{"count":1,"href":"https:\/\/magicgamesbolivia.com\/index.php\/wp-json\/wp\/v2\/product\/4279\/revisions"}],"predecessor-version":[{"id":4283,"href":"https:\/\/magicgamesbolivia.com\/index.php\/wp-json\/wp\/v2\/product\/4279\/revisions\/4283"}],"wp:featuredmedia":[{"embeddable":true,"href":"https:\/\/magicgamesbolivia.com\/index.php\/wp-json\/wp\/v2\/media\/4280"}],"wp:attachment":[{"href":"https:\/\/magicgamesbolivia.com\/index.php\/wp-json\/wp\/v2\/media?parent=4279"}],"wp:term":[{"taxonomy":"product_brand","embeddable":true,"href":"https:\/\/magicgamesbolivia.com\/index.php\/wp-json\/wp\/v2\/product_brand?post=4279"},{"taxonomy":"product_cat","embeddable":true,"href":"https:\/\/magicgamesbolivia.com\/index.php\/wp-json\/wp\/v2\/product_cat?post=4279"},{"taxonomy":"product_tag","embeddable":true,"href":"https:\/\/magicgamesbolivia.com\/index.php\/wp-json\/wp\/v2\/product_tag?post=4279"}],"curies":[{"name":"wp","href":"https:\/\/api.w.org\/{rel}","templated":true}]}}