{"id":4259,"date":"2023-06-14T00:56:40","date_gmt":"2023-06-14T00:56:40","guid":{"rendered":"https:\/\/magicgamesbolivia.com\/?post_type=product&#038;p=4259"},"modified":"2026-01-03T20:26:37","modified_gmt":"2026-01-03T20:26:37","slug":"dune-imperium","status":"publish","type":"product","link":"https:\/\/magicgamesbolivia.com\/index.php\/product\/dune-imperium\/","title":{"rendered":"DUNE IMPERIUM"},"content":{"rendered":"<p>\u00abDune: Imperium\u00bb es un emocionante juego de mesa que rinde homenaje al legado de Dune, tanto a trav\u00e9s de la nueva pel\u00edcula de Legendary Pictures como de la serie literaria de Frank Herbert. En este juego, te convertir\u00e1s en el l\u00edder de una de las Grandes Casas del Landsraad, donde deber\u00e1s alzar tu estandarte y reunir a tus fuerzas y esp\u00edas en preparaci\u00f3n para la inminente guerra. Todo esto tiene lugar en el centro del conflicto: Arrakis, el des\u00e9rtico planeta conocido como Dune.<\/p>\n<p>En \u00abDune: Imperium\u00bb, se implementa la mec\u00e1nica de construcci\u00f3n de mazos para agregar un elemento de informaci\u00f3n oculta a la tradicional colocaci\u00f3n de trabajadores. Comienzas con una carta de l\u00edder \u00fanica y un mazo id\u00e9ntico al de tus oponentes. A medida que adquieres cartas y mejoras tu mazo, tus elecciones definir\u00e1n tus fortalezas y debilidades estrat\u00e9gicas. Estas cartas te permiten enviar a tus agentes a ubicaciones espec\u00edficas del tablero, lo que significa que la evoluci\u00f3n de tu mazo afecta directamente tu estrategia. Podr\u00edas volverte m\u00e1s poderoso militarmente, permiti\u00e9ndote desplegar m\u00e1s tropas que tus oponentes. O podr\u00edas adquirir cartas que te otorguen ventajas con las cuatro facciones pol\u00edticas representadas en el juego: el Emperador, el Gremio Espacial, las Bene Gesserit y los Fremen.<\/p>\n<p>A diferencia de muchos juegos de construcci\u00f3n de mazos, en \u00abDune: Imperium\u00bb no juegas todas tus cartas en un solo turno. En su lugar, al comienzo de cada ronda, robas una mano de cartas y te alternas con los otros jugadores, realizando un turno de Agente cada vez, lo que implica jugar una carta para enviar a uno de tus Agentes al tablero. Cuando sea tu turno y ya no tengas Agentes disponibles para colocar, realizar\u00e1s un turno de Revelaci\u00f3n, revelando el resto de tus cartas. Estas cartas te proporcionar\u00e1n puntos de Persuasi\u00f3n y Espadas. La Persuasi\u00f3n se utiliza para adquirir m\u00e1s cartas, mientras que las Espadas ayudan a tus tropas a luchar por las recompensas de la ronda actual, como se muestra en la carta de Conflicto revelada.<\/p>\n<p>Tu objetivo ser\u00e1 derrotar a tus rivales en combate, maniobrar con astucia entre las facciones pol\u00edticas y adquirir las valiosas cartas de \u00abLa especia debe fluir\u00bb para llevar a tu Casa a la victoria. \u00a1Prep\u00e1rate para sumergirte en el intrigante y peligroso universo de Dune y demostrar tu habilidad estrat\u00e9gica en \u00abDune: Imperium\u00bb!<\/p>\n","protected":false},"excerpt":{"rendered":"<p>\u00abDune: Imperium\u00bb es un apasionante juego de mesa que se nutre de elementos y personajes del ic\u00f3nico universo de Dune, abarcando tanto la nueva pel\u00edcula de Legendary Pictures como la reconocida serie literaria de Frank Herbert. En este juego, asumes el papel de un l\u00edder de una de las Grandes Casas del Landsraad, y tu objetivo es alzar tu estandarte, reunir fuerzas y esp\u00edas estrat\u00e9gicamente. Todo mientras te enfrentas a la inminente guerra que se avecina, con Arrakis &#8211; Dune, el planeta des\u00e9rtico, en el epicentro del conflicto.<\/p>\n<table class=\"table-data-sheet\">\n<tbody>\n<tr class=\"odd\">\n<td>N\u00famero de jugadores:<\/td>\n<td>De 1 a 4 jugadores<\/td>\n<\/tr>\n<tr class=\"even\">\n<td>Duraci\u00f3n aproximada del juego:<\/td>\n<td>90 minutos<\/td>\n<\/tr>\n<tr class=\"odd\">\n<td>Edad m\u00ednima recomendada:<\/td>\n<td>14 a\u00f1os<\/td>\n<\/tr>\n<tr class=\"even\">\n<td>Tipo:<\/td>\n<td>Juego de tablero<\/td>\n<\/tr>\n<tr class=\"odd\">\n<td>G\u00e9nero:<\/td>\n<td>Estrategia<\/td>\n<\/tr>\n<tr class=\"even\">\n<td>Idioma:<\/td>\n<td>Espa\u00f1ol<\/td>\n<\/tr>\n<tr class=\"odd\">\n<td>Marca:<\/td>\n<td>Asmodee<\/td>\n<\/tr>\n<\/tbody>\n<\/table>\n","protected":false},"featured_media":4260,"comment_status":"open","ping_status":"closed","template":"","meta":{"_themeisle_gutenberg_block_has_review":false},"product_brand":[],"product_cat":[352,29],"product_tag":[156,765,218],"class_list":{"0":"post-4259","1":"product","2":"type-product","3":"status-publish","4":"has-post-thumbnail","6":"product_cat-asmodee","7":"product_cat-juegos-de-mesa","8":"product_tag-boardgames","9":"product_tag-duneimperium","10":"product_tag-juegodemesa","12":"first","13":"outofstock","14":"shipping-taxable","15":"purchasable","16":"product-type-simple"},"_links":{"self":[{"href":"https:\/\/magicgamesbolivia.com\/index.php\/wp-json\/wp\/v2\/product\/4259","targetHints":{"allow":["GET"]}}],"collection":[{"href":"https:\/\/magicgamesbolivia.com\/index.php\/wp-json\/wp\/v2\/product"}],"about":[{"href":"https:\/\/magicgamesbolivia.com\/index.php\/wp-json\/wp\/v2\/types\/product"}],"replies":[{"embeddable":true,"href":"https:\/\/magicgamesbolivia.com\/index.php\/wp-json\/wp\/v2\/comments?post=4259"}],"version-history":[{"count":1,"href":"https:\/\/magicgamesbolivia.com\/index.php\/wp-json\/wp\/v2\/product\/4259\/revisions"}],"predecessor-version":[{"id":4263,"href":"https:\/\/magicgamesbolivia.com\/index.php\/wp-json\/wp\/v2\/product\/4259\/revisions\/4263"}],"wp:featuredmedia":[{"embeddable":true,"href":"https:\/\/magicgamesbolivia.com\/index.php\/wp-json\/wp\/v2\/media\/4260"}],"wp:attachment":[{"href":"https:\/\/magicgamesbolivia.com\/index.php\/wp-json\/wp\/v2\/media?parent=4259"}],"wp:term":[{"taxonomy":"product_brand","embeddable":true,"href":"https:\/\/magicgamesbolivia.com\/index.php\/wp-json\/wp\/v2\/product_brand?post=4259"},{"taxonomy":"product_cat","embeddable":true,"href":"https:\/\/magicgamesbolivia.com\/index.php\/wp-json\/wp\/v2\/product_cat?post=4259"},{"taxonomy":"product_tag","embeddable":true,"href":"https:\/\/magicgamesbolivia.com\/index.php\/wp-json\/wp\/v2\/product_tag?post=4259"}],"curies":[{"name":"wp","href":"https:\/\/api.w.org\/{rel}","templated":true}]}}