{"id":4238,"date":"2023-05-30T17:22:01","date_gmt":"2023-05-30T17:22:01","guid":{"rendered":"http:\/\/magicgamesbolivia.com\/?post_type=product&#038;p=4238"},"modified":"2025-01-09T02:14:59","modified_gmt":"2025-01-09T02:14:59","slug":"love-letter-blister","status":"publish","type":"product","link":"https:\/\/magicgamesbolivia.com\/index.php\/product\/love-letter-blister\/","title":{"rendered":"Love Letter Blister"},"content":{"rendered":"<p>Love Letter: El juego de cartas que desaf\u00eda tus habilidades de riesgo, deducci\u00f3n y suerte<\/p>\n<p>\u00bfEst\u00e1s listo para embarcarte en una emocionante aventura de amor y estrategia? Love Letter es un fascinante juego de cartas dise\u00f1ado para 2-6 jugadores. Sum\u00e9rgete en el intrigante mundo del romance y s\u00e9 el primero en lograr que tu carta de amor llegue a las delicadas manos de la encantadora Princesa Annette, mientras desv\u00edas las cartas de tus rivales pretendientes.<\/p>\n<p>Con solo diecis\u00e9is cartas en una terraza llena de posibilidades, cada jugador comienza con una sola carta en su mano y elimina una carta del juego. En cada turno, deber\u00e1s elegir sabiamente una carta y jugarla estrat\u00e9gicamente, con el objetivo de exponer a los dem\u00e1s jugadores y eliminarlos del juego. Pero cuidado, las cartas de sentimientos poderosos pueden llevarte hacia la victoria, \u00a1pero tambi\u00e9n te convierten en un blanco f\u00e1cil para tus adversarios!<\/p>\n<p>A medida que avanzas en el juego, aprender\u00e1s a confiar en los mensajes m\u00e1s sutiles y d\u00e9biles durante un tiempo, ya que transmiten menos sospechas. Sin embargo, debes tener cuidado, ya que tu carta de amor puede ser lanzada al fuego si no logra comunicar los sentimientos adecuados. Mant\u00e9n tu mente aguda, eval\u00faa cada movimiento y aprovecha al m\u00e1ximo las oportunidades que se presenten.<\/p>\n<p>Love Letter combina la emoci\u00f3n de la estrategia con la incertidumbre de la suerte, creando una experiencia de juego \u00fanica y adictiva. \u00bfTienes lo necesario para ganar el coraz\u00f3n de la Princesa Annette y convertirte en el pretendiente victorioso? \u00a1Prep\u00e1rate para demostrar tus habilidades y disfrutar de innumerables momentos de diversi\u00f3n con Love Letter!<\/p>\n","protected":false},"excerpt":{"rendered":"<p>En el juego de cartas Love Letter todos los j\u00f3venes del castillo (y muchos de los no tan j\u00f3venes) tratan de conquistar a la princesa Annette. Por desgracia, se ha encerrado en el palacio, y debes depender de otros para entregarle tus cartas rom\u00e1nticas. Tu objetivo ser\u00e1 conquistarla el primero.<\/p>\n<table class=\"table-data-sheet\">\n<tbody>\n<tr class=\"odd\">\n<td>N\u00famero de jugadores:<\/td>\n<td>De 2 a 6 jugadores<\/td>\n<\/tr>\n<tr class=\"even\">\n<td>Duraci\u00f3n aproximada del juego:<\/td>\n<td>20 minutos<\/td>\n<\/tr>\n<tr class=\"odd\">\n<td>Edad m\u00ednima recomendada:<\/td>\n<td>8 a\u00f1os<\/td>\n<\/tr>\n<tr class=\"even\">\n<td>Tipo:<\/td>\n<td>Juego de cartas<\/td>\n<\/tr>\n<tr class=\"odd\">\n<td>G\u00e9nero:<\/td>\n<td>Familiar<\/td>\n<\/tr>\n<tr class=\"even\">\n<td>Idioma:<\/td>\n<td>Espa\u00f1ol<\/td>\n<\/tr>\n<tr class=\"odd\">\n<td>Marca:<\/td>\n<td>Z-MAN games<\/td>\n<\/tr>\n<\/tbody>\n<\/table>\n","protected":false},"featured_media":4240,"comment_status":"open","ping_status":"closed","template":"","meta":{"_themeisle_gutenberg_block_has_review":false},"product_brand":[],"product_cat":[123,29],"product_tag":[219,762,308],"class_list":{"0":"post-4238","1":"product","2":"type-product","3":"status-publish","4":"has-post-thumbnail","6":"product_cat-otros-juegos","7":"product_cat-juegos-de-mesa","8":"product_tag-juegodecartas","9":"product_tag-loveletter","10":"product_tag-partygame","12":"first","13":"outofstock","14":"shipping-taxable","15":"purchasable","16":"product-type-simple"},"_links":{"self":[{"href":"https:\/\/magicgamesbolivia.com\/index.php\/wp-json\/wp\/v2\/product\/4238","targetHints":{"allow":["GET"]}}],"collection":[{"href":"https:\/\/magicgamesbolivia.com\/index.php\/wp-json\/wp\/v2\/product"}],"about":[{"href":"https:\/\/magicgamesbolivia.com\/index.php\/wp-json\/wp\/v2\/types\/product"}],"replies":[{"embeddable":true,"href":"https:\/\/magicgamesbolivia.com\/index.php\/wp-json\/wp\/v2\/comments?post=4238"}],"version-history":[{"count":1,"href":"https:\/\/magicgamesbolivia.com\/index.php\/wp-json\/wp\/v2\/product\/4238\/revisions"}],"predecessor-version":[{"id":4242,"href":"https:\/\/magicgamesbolivia.com\/index.php\/wp-json\/wp\/v2\/product\/4238\/revisions\/4242"}],"wp:featuredmedia":[{"embeddable":true,"href":"https:\/\/magicgamesbolivia.com\/index.php\/wp-json\/wp\/v2\/media\/4240"}],"wp:attachment":[{"href":"https:\/\/magicgamesbolivia.com\/index.php\/wp-json\/wp\/v2\/media?parent=4238"}],"wp:term":[{"taxonomy":"product_brand","embeddable":true,"href":"https:\/\/magicgamesbolivia.com\/index.php\/wp-json\/wp\/v2\/product_brand?post=4238"},{"taxonomy":"product_cat","embeddable":true,"href":"https:\/\/magicgamesbolivia.com\/index.php\/wp-json\/wp\/v2\/product_cat?post=4238"},{"taxonomy":"product_tag","embeddable":true,"href":"https:\/\/magicgamesbolivia.com\/index.php\/wp-json\/wp\/v2\/product_tag?post=4238"}],"curies":[{"name":"wp","href":"https:\/\/api.w.org\/{rel}","templated":true}]}}