{"id":4216,"date":"2023-05-26T13:57:22","date_gmt":"2023-05-26T13:57:22","guid":{"rendered":"http:\/\/magicgamesbolivia.com\/?post_type=product&#038;p=4216"},"modified":"2025-03-22T13:00:50","modified_gmt":"2025-03-22T13:00:50","slug":"caverna-para-2-jugadores-edicion-definitiva","status":"publish","type":"product","link":"https:\/\/magicgamesbolivia.com\/index.php\/product\/caverna-para-2-jugadores-edicion-definitiva\/","title":{"rendered":"CAVERNA: PARA 2 JUGADORES &#8211; EDICION DEFINITIVA"},"content":{"rendered":"<p>Caverna: Caverna vs. Caverna. Era I: Primera Riqueza fue lanzado originalmente en 2016, y su expansi\u00f3n Era II: la Edad de Hierro en 2018. Esta nueva \u00abEdici\u00f3n definitiva\u00bb combina el juego base y su expansi\u00f3n en una sola caja. Se han realizado peque\u00f1as modificaciones a los componentes, pero las reglas de la versi\u00f3n original se mantienen sin cambios. Adem\u00e1s, esta edici\u00f3n ahora incluye un completo ap\u00e9ndice que detalla todas las fichas y sus acciones.<\/p>\n<p>Incluye modo solitario.<\/p>\n<p>Ad\u00e9ntrate en la monta\u00f1a con tus dos enanos, listos para construir una cueva en su interior. \u00a1Hay mucho trabajo por hacer y el tiempo apremia! Pero no son los \u00fanicos que desean instalarse en esta confortable monta\u00f1a&#8230; \u00a1otros enanos tambi\u00e9n tienen el mismo objetivo!<\/p>\n<p>De los creadores del juego Caverna, llega Caverna: Para 2 jugadores, un emocionante juego de mesa donde cada jugador comienza con dos enanos y una peque\u00f1a excavaci\u00f3n junto a la monta\u00f1a. A lo largo de ocho rondas, duplicar\u00e1n su fuerza de trabajo, crear\u00e1n nuevos espacios habitables dentro de la monta\u00f1a, construir\u00e1n edificios y excavar\u00e1n en busca de metales preciosos.<\/p>\n<p>Cada jugador comienza con un tablero individual cubierto por losetas de habitaciones boca abajo, dejando solo un espacio visible. Algunas losetas est\u00e1n boca arriba y se pueden adquirir al comienzo del juego. Tambi\u00e9n hay 4 losetas de acci\u00f3n visibles.<\/p>\n<p>Cada turno se divide en tres fases:<\/p>\n<ul>\n<li>Nueva acci\u00f3n: se revela la siguiente acci\u00f3n en el tablero de acciones.<\/li>\n<li>Fase de acci\u00f3n: los jugadores seleccionan y llevan a cabo una de las losetas de acci\u00f3n en orden.<\/li>\n<li>Final de la ronda: las losetas de acci\u00f3n se devuelven y comienza una nueva ronda.<\/li>\n<\/ul>\n<p>Los jugadores realizan acciones de forma alternada en la fase de acci\u00f3n. El n\u00famero de acciones aumenta de dos a cuatro a lo largo del juego. Dependiendo de las acciones seleccionadas, podr\u00e1n recolectar recursos, realizar intercambios, construir, ampliar la caverna, mejorarla y m\u00e1s. Adem\u00e1s, el orden de selecci\u00f3n de las losetas de acci\u00f3n es importante, ya que el primer jugador en elegir puede limitar la capacidad de realizar esa acci\u00f3n al resto de los oponentes.<\/p>\n<p>A medida que los jugadores excavan en su tablero de monta\u00f1a, se a\u00f1aden nuevos edificios y losetas de habitaciones. Algunas habitaciones se pueden utilizar inmediatamente al obtenerlas, mientras que otras requieren el uso de una loseta de acci\u00f3n.<\/p>\n<p>Al finalizar las ocho rondas, los jugadores cuentan sus puntos seg\u00fan los edificios construidos y el oro recolectado. \u00a1El jugador con m\u00e1s puntos ser\u00e1 el ganador!<\/p>\n","protected":false},"excerpt":{"rendered":"<p>Caverna: Para 2 jugadores es un juego de mesa en el que cada jugador controla dos enanos y una peque\u00f1a excavaci\u00f3n junto a la monta\u00f1a. El objetivo es excavar en la monta\u00f1a y obtener recursos para construir la mejor caverna. \u00a1Pero cuidado! Otros enanos tambi\u00e9n compiten por asentarse en la monta\u00f1a.<\/p>\n<table class=\"table-data-sheet\">\n<tbody>\n<tr class=\"odd\">\n<td>N\u00famero de jugadores:<\/td>\n<td>De 1 a 2 jugadores<\/td>\n<\/tr>\n<tr class=\"even\">\n<td>Duraci\u00f3n aproximada del juego:<\/td>\n<td>30 minutos<\/td>\n<\/tr>\n<tr class=\"odd\">\n<td>Edad m\u00ednima recomendada:<\/td>\n<td>10 a\u00f1os<\/td>\n<\/tr>\n<tr class=\"even\">\n<td>Tipo:<\/td>\n<td>Juego de tablero<\/td>\n<\/tr>\n<tr class=\"odd\">\n<td>G\u00e9nero:<\/td>\n<td>Estrategia<\/td>\n<\/tr>\n<tr class=\"even\">\n<td>Idioma:<\/td>\n<td>Espa\u00f1ol<\/td>\n<\/tr>\n<tr class=\"odd\">\n<td>Marca:<\/td>\n<td>Asmodee<\/td>\n<\/tr>\n<\/tbody>\n<\/table>\n","protected":false},"featured_media":4217,"comment_status":"open","ping_status":"closed","template":"","meta":{"_themeisle_gutenberg_block_has_review":false},"product_brand":[],"product_cat":[352,29],"product_tag":[629,300,679,155],"class_list":{"0":"post-4216","1":"product","2":"type-product","3":"status-publish","4":"has-post-thumbnail","6":"product_cat-asmodee","7":"product_cat-juegos-de-mesa","8":"product_tag-2jugadores","9":"product_tag-caverna","10":"product_tag-eurogame","11":"product_tag-juegosdemesa","13":"first","14":"instock","15":"shipping-taxable","16":"purchasable","17":"product-type-simple"},"_links":{"self":[{"href":"https:\/\/magicgamesbolivia.com\/index.php\/wp-json\/wp\/v2\/product\/4216","targetHints":{"allow":["GET"]}}],"collection":[{"href":"https:\/\/magicgamesbolivia.com\/index.php\/wp-json\/wp\/v2\/product"}],"about":[{"href":"https:\/\/magicgamesbolivia.com\/index.php\/wp-json\/wp\/v2\/types\/product"}],"replies":[{"embeddable":true,"href":"https:\/\/magicgamesbolivia.com\/index.php\/wp-json\/wp\/v2\/comments?post=4216"}],"version-history":[{"count":1,"href":"https:\/\/magicgamesbolivia.com\/index.php\/wp-json\/wp\/v2\/product\/4216\/revisions"}],"predecessor-version":[{"id":4219,"href":"https:\/\/magicgamesbolivia.com\/index.php\/wp-json\/wp\/v2\/product\/4216\/revisions\/4219"}],"wp:featuredmedia":[{"embeddable":true,"href":"https:\/\/magicgamesbolivia.com\/index.php\/wp-json\/wp\/v2\/media\/4217"}],"wp:attachment":[{"href":"https:\/\/magicgamesbolivia.com\/index.php\/wp-json\/wp\/v2\/media?parent=4216"}],"wp:term":[{"taxonomy":"product_brand","embeddable":true,"href":"https:\/\/magicgamesbolivia.com\/index.php\/wp-json\/wp\/v2\/product_brand?post=4216"},{"taxonomy":"product_cat","embeddable":true,"href":"https:\/\/magicgamesbolivia.com\/index.php\/wp-json\/wp\/v2\/product_cat?post=4216"},{"taxonomy":"product_tag","embeddable":true,"href":"https:\/\/magicgamesbolivia.com\/index.php\/wp-json\/wp\/v2\/product_tag?post=4216"}],"curies":[{"name":"wp","href":"https:\/\/api.w.org\/{rel}","templated":true}]}}