{"id":4206,"date":"2023-05-26T02:47:12","date_gmt":"2023-05-26T02:47:12","guid":{"rendered":"http:\/\/magicgamesbolivia.com\/?post_type=product&#038;p=4206"},"modified":"2025-12-02T20:29:29","modified_gmt":"2025-12-02T20:29:29","slug":"zombie-kittens","status":"publish","type":"product","link":"https:\/\/magicgamesbolivia.com\/index.php\/product\/zombie-kittens\/","title":{"rendered":"ZOMBIE KITTENS"},"content":{"rendered":"<p>\u00a1Descubre Zombie Kittens, una expansi\u00f3n \u00e9pica y un juego independiente en s\u00ed mismo! Compatible con otras versiones de Exploding Kittens, Zombie Kittens te sumergir\u00e1 en un mundo de diversi\u00f3n y emoci\u00f3n.<\/p>\n<p>Ya sea que lo juegues como expansi\u00f3n o como juego base, Zombie Kittens te ofrece una experiencia \u00fanica. Utiliza las cartas de acci\u00f3n para moverte estrat\u00e9gicamente y evitar encontrarte con el temible Exploding Kitten. Pero eso no es todo, con la carta Zombie Kitten podr\u00e1s resucitar y vengarte de una manera espectacular.<\/p>\n<p>\u00a1Prep\u00e1rate para adentrarte en un universo lleno de gatos zombis y explosiones! Zombie Kittens es el complemento perfecto para tus partidas de Exploding Kittens y te garantiza horas interminables de diversi\u00f3n y entretenimiento.<\/p>\n<p>A\u00f1ade Zombie Kittens a tu colecci\u00f3n de juegos de mesa y experimenta la emoci\u00f3n de este juego vers\u00e1til y emocionante. \u00a1No te pierdas la oportunidad de vivir una aventura \u00fanica con Zombie Kittens!<\/p>\n","protected":false},"excerpt":{"rendered":"<p><strong>Zombie Kittens<\/strong>\u00a0es una\u00a0<strong>expansi\u00f3n<\/strong>\u00a0para el\u00a0<strong>juego de cartas Exploding Kittens,<\/strong>\u00a0independiente y\u00a0<strong>al mismo tiempo compatible con otras versiones<\/strong>\u00a0de Exploding Kittens para\u00a0<strong>crear partidas \u00e9picas.<\/strong><\/p>\n<table class=\"table-data-sheet\">\n<tbody>\n<tr class=\"odd\">\n<td>N\u00famero de jugadores:<\/td>\n<td>De 2 a 5 jugadores<\/td>\n<\/tr>\n<tr class=\"even\">\n<td>Duraci\u00f3n aproximada del juego:<\/td>\n<td>15 Minutos<\/td>\n<\/tr>\n<tr class=\"odd\">\n<td>Edad m\u00ednima recomendada:<\/td>\n<td>7 a\u00f1os<\/td>\n<\/tr>\n<tr class=\"even\">\n<td>Tipo:<\/td>\n<td>Juego de cartas<\/td>\n<\/tr>\n<tr class=\"odd\">\n<td>G\u00e9nero:<\/td>\n<td>Estrategia<\/td>\n<\/tr>\n<tr class=\"even\">\n<td>Idioma:<\/td>\n<td>Espa\u00f1ol<\/td>\n<\/tr>\n<tr class=\"odd\">\n<td>Marca:<\/td>\n<td>Asmodee<\/td>\n<\/tr>\n<\/tbody>\n<\/table>\n","protected":false},"featured_media":4214,"comment_status":"open","ping_status":"closed","template":"","meta":{"_themeisle_gutenberg_block_has_review":false},"product_brand":[],"product_cat":[352,29],"product_tag":[266,155,392,192],"class_list":{"0":"post-4206","1":"product","2":"type-product","3":"status-publish","4":"has-post-thumbnail","6":"product_cat-asmodee","7":"product_cat-juegos-de-mesa","8":"product_tag-gatos","9":"product_tag-juegosdemesa","10":"product_tag-kittens","11":"product_tag-zombies","13":"first","14":"outofstock","15":"shipping-taxable","16":"purchasable","17":"product-type-simple"},"_links":{"self":[{"href":"https:\/\/magicgamesbolivia.com\/index.php\/wp-json\/wp\/v2\/product\/4206","targetHints":{"allow":["GET"]}}],"collection":[{"href":"https:\/\/magicgamesbolivia.com\/index.php\/wp-json\/wp\/v2\/product"}],"about":[{"href":"https:\/\/magicgamesbolivia.com\/index.php\/wp-json\/wp\/v2\/types\/product"}],"replies":[{"embeddable":true,"href":"https:\/\/magicgamesbolivia.com\/index.php\/wp-json\/wp\/v2\/comments?post=4206"}],"version-history":[{"count":1,"href":"https:\/\/magicgamesbolivia.com\/index.php\/wp-json\/wp\/v2\/product\/4206\/revisions"}],"predecessor-version":[{"id":4211,"href":"https:\/\/magicgamesbolivia.com\/index.php\/wp-json\/wp\/v2\/product\/4206\/revisions\/4211"}],"wp:featuredmedia":[{"embeddable":true,"href":"https:\/\/magicgamesbolivia.com\/index.php\/wp-json\/wp\/v2\/media\/4214"}],"wp:attachment":[{"href":"https:\/\/magicgamesbolivia.com\/index.php\/wp-json\/wp\/v2\/media?parent=4206"}],"wp:term":[{"taxonomy":"product_brand","embeddable":true,"href":"https:\/\/magicgamesbolivia.com\/index.php\/wp-json\/wp\/v2\/product_brand?post=4206"},{"taxonomy":"product_cat","embeddable":true,"href":"https:\/\/magicgamesbolivia.com\/index.php\/wp-json\/wp\/v2\/product_cat?post=4206"},{"taxonomy":"product_tag","embeddable":true,"href":"https:\/\/magicgamesbolivia.com\/index.php\/wp-json\/wp\/v2\/product_tag?post=4206"}],"curies":[{"name":"wp","href":"https:\/\/api.w.org\/{rel}","templated":true}]}}