{"id":4191,"date":"2023-05-24T18:09:22","date_gmt":"2023-05-24T18:09:22","guid":{"rendered":"http:\/\/magicgamesbolivia.com\/?post_type=product&#038;p=4191"},"modified":"2026-01-08T13:01:23","modified_gmt":"2026-01-08T13:01:23","slug":"monopoly-super-banco-electronico","status":"publish","type":"product","link":"https:\/\/magicgamesbolivia.com\/index.php\/product\/monopoly-super-banco-electronico\/","title":{"rendered":"MONOPOLY S\u00daPER BANCO ELECTR\u00d3NICO"},"content":{"rendered":"<p>El juego Monopoly Recompensas Exclusivas ofrece una experiencia \u00fanica y emocionante para los jugadores. Este juego incluye una unidad bancaria electr\u00f3nica multifuncional y recompensas exclusivas que agregan m\u00e1s diversi\u00f3n a la partida.<\/p>\n<p>Cada jugador selecciona una tarjeta bancaria personalizada que les otorga recompensas especiales al realizar acciones espec\u00edficas, como obtener un n\u00famero determinado en los dados, caer en una casilla en particular o adquirir una propiedad espec\u00edfica. Los jugadores tambi\u00e9n tienen la opci\u00f3n de volar directamente a una propiedad en el tablero y obligar a otro jugador a intercambiar una de sus valiosas propiedades.<\/p>\n<p>En esta edici\u00f3n del juego Monopoly, no se utiliza dinero en efectivo. Las tarjetas y la unidad bancaria se encargan de llevar el registro del dinero de cada jugador. Compra propiedades, cobra rentas y \u00a1disfruta de las recompensas! Al final del juego, el jugador con m\u00e1s dinero es el ganador.<\/p>\n<p>El juego de Monopoly Recompensas Exclusivas cuenta con las marcas y logotipos de Hasbro, HASBRO GAMING, Parker Brothers y Monopoly, as\u00ed como el dise\u00f1o distintivo del tablero, los cuadrados de las esquinas, el personaje Mr. Monopoly y cada elemento \u00fanico del juego. Estas marcas de comercio de Hasbro son reconocidas en el juego de negociaci\u00f3n de propiedades y sus accesorios.<\/p>\n","protected":false},"excerpt":{"rendered":"<ol>\n<li>OBT\u00c9N RECOMPENSAS: Cada token tiene su tarjeta bancaria correspondiente, que ofrece recompensas \u00fanicas que se obtienen al realizar acciones espec\u00edficas durante la partida.<\/li>\n<li>UNIDAD BANCARIA: El juego incluye una unidad bancaria multifuncional con tecnolog\u00eda t\u00e1ctil, que agrega dinamismo a la experiencia de juego. Las partidas son m\u00e1s r\u00e1pidas que en el Monopoly cl\u00e1sico.<\/li>\n<li>CASILLAS DE VUELO: En lugar de comprar ferrocarriles, los jugadores tienen la opci\u00f3n de tomar vuelos hacia cualquier propiedad del tablero, lo que a\u00f1ade m\u00e1s estrategia y oportunidades.<\/li>\n<li>CASILLAS DE INTERCAMBIO FORZADO: Al caer en una casilla de Intercambio Forzado, los jugadores pueden elegir una de sus propiedades y cambiarla inmediatamente por una propiedad de otro jugador.<\/li>\n<\/ol>\n<p>\u00a1Prep\u00e1rate para disfrutar de una nueva y emocionante versi\u00f3n del cl\u00e1sico juego Monopoly con recompensas exclusivas y una experiencia de juego renovada!<\/p>\n<p>Edad Recomendada 8 +<\/p>\n<p>Material Pl\u00e1stico<\/p>\n<p>Marca Hasbro<\/p>\n<p>Pa\u00eds de origen USA<\/p>\n<p>Cantidad de JugadoresPara 2 a 4 Jugadores<\/p>\n","protected":false},"featured_media":4193,"comment_status":"open","ping_status":"closed","template":"","meta":{"_themeisle_gutenberg_block_has_review":false},"product_brand":[],"product_cat":[812,29],"product_tag":[758,325,203],"class_list":{"0":"post-4191","1":"product","2":"type-product","3":"status-publish","4":"has-post-thumbnail","6":"product_cat-hasbro","7":"product_cat-juegos-de-mesa","8":"product_tag-electronico","9":"product_tag-hasbro","10":"product_tag-monopoly","12":"first","13":"outofstock","14":"shipping-taxable","15":"purchasable","16":"product-type-simple"},"_links":{"self":[{"href":"https:\/\/magicgamesbolivia.com\/index.php\/wp-json\/wp\/v2\/product\/4191","targetHints":{"allow":["GET"]}}],"collection":[{"href":"https:\/\/magicgamesbolivia.com\/index.php\/wp-json\/wp\/v2\/product"}],"about":[{"href":"https:\/\/magicgamesbolivia.com\/index.php\/wp-json\/wp\/v2\/types\/product"}],"replies":[{"embeddable":true,"href":"https:\/\/magicgamesbolivia.com\/index.php\/wp-json\/wp\/v2\/comments?post=4191"}],"version-history":[{"count":1,"href":"https:\/\/magicgamesbolivia.com\/index.php\/wp-json\/wp\/v2\/product\/4191\/revisions"}],"predecessor-version":[{"id":4192,"href":"https:\/\/magicgamesbolivia.com\/index.php\/wp-json\/wp\/v2\/product\/4191\/revisions\/4192"}],"wp:featuredmedia":[{"embeddable":true,"href":"https:\/\/magicgamesbolivia.com\/index.php\/wp-json\/wp\/v2\/media\/4193"}],"wp:attachment":[{"href":"https:\/\/magicgamesbolivia.com\/index.php\/wp-json\/wp\/v2\/media?parent=4191"}],"wp:term":[{"taxonomy":"product_brand","embeddable":true,"href":"https:\/\/magicgamesbolivia.com\/index.php\/wp-json\/wp\/v2\/product_brand?post=4191"},{"taxonomy":"product_cat","embeddable":true,"href":"https:\/\/magicgamesbolivia.com\/index.php\/wp-json\/wp\/v2\/product_cat?post=4191"},{"taxonomy":"product_tag","embeddable":true,"href":"https:\/\/magicgamesbolivia.com\/index.php\/wp-json\/wp\/v2\/product_tag?post=4191"}],"curies":[{"name":"wp","href":"https:\/\/api.w.org\/{rel}","templated":true}]}}