{"id":4186,"date":"2023-05-24T17:18:23","date_gmt":"2023-05-24T17:18:23","guid":{"rendered":"http:\/\/magicgamesbolivia.com\/?post_type=product&#038;p=4186"},"modified":"2024-12-20T13:20:32","modified_gmt":"2024-12-20T13:20:32","slug":"el-juego-de-life-edicion-super-mario","status":"publish","type":"product","link":"https:\/\/magicgamesbolivia.com\/index.php\/product\/el-juego-de-life-edicion-super-mario\/","title":{"rendered":"El juego de Life: Edici\u00f3n Super Mario"},"content":{"rendered":"<p>El juego de mesa \u00abEl juego de Life: Edici\u00f3n Super Mario\u00bb es una emocionante aventura basada en el popular universo de Super Mario. Los jugadores asumen los roles de Mario, Luigi, Peach o Yoshi, y se embarcan en un viaje a trav\u00e9s del Reino de los hongos. Su objetivo final es derrotar a Bowser girando la ruleta. A lo largo del tablero, los jugadores recolectan monedas, adquieren habilidades con art\u00edculos y Compa\u00f1eros, y participan en divertidos minijuegos como Piedra Papel o Tijeras y Guerra de Pulgares. A medida que se acercan al Castillo de Bowser, los jugadores pueden comprar estrellas para fortalecer su capacidad de combate. Cada estrella obtenida suma un punto al giro total, y necesitar\u00e1n obtener m\u00e1s de 12 puntos para derrotar a Bowser y ganar el juego. Este juego es adecuado para toda la familia y est\u00e1 recomendado para ni\u00f1os a partir de 8 a\u00f1os. Puede ser jugado por 2 a 4 jugadores. \u00abEl juego de Life: Edici\u00f3n Super Mario\u00bb es una marca registrada y tiene derechos de autor de 2021 por Nintendo. Hasbro Gaming y todas las marcas y logotipos relacionados son marcas registradas de Hasbro, Inc.<\/p>\n","protected":false},"excerpt":{"rendered":"<p>\u00abMario es una fant\u00e1stica opci\u00f3n para la noche de juego en familia, ofreciendo diversi\u00f3n tanto para ni\u00f1os a partir de los 8 a\u00f1os como para adultos. El juego puede ser disfrutado por 2 a 4 jugadores, lo que lo convierte en una actividad perfecta para reuniones con amigos o en familia.<\/p>\n<p>El juego incluye un tablero emocionante, una ruleta completa con disco, base, puntero y l\u00e1mina de cart\u00f3n, 4 tokens de personaje que representan a Mario, Luigi, Peach y Yoshi, 24 clavijas de estrella en 4 colores diferentes, 60 tarjetas que incluyen 26 de Acci\u00f3n, 10 de Minijuego, 10 de Acompa\u00f1ante, 10 de Objeto y 4 de Referencia. Tambi\u00e9n se incluyen 95 monedas de cart\u00f3n para usar durante el juego.<\/p>\n","protected":false},"featured_media":4187,"comment_status":"open","ping_status":"closed","template":"","meta":{"_themeisle_gutenberg_block_has_review":false},"product_brand":[],"product_cat":[123,29],"product_tag":[757,325,755,756],"class_list":{"0":"post-4186","1":"product","2":"type-product","3":"status-publish","4":"has-post-thumbnail","6":"product_cat-otros-juegos","7":"product_cat-juegos-de-mesa","8":"product_tag-eljuegodelavida","9":"product_tag-hasbro","10":"product_tag-mariobros","11":"product_tag-supermario","13":"first","14":"outofstock","15":"shipping-taxable","16":"purchasable","17":"product-type-simple"},"_links":{"self":[{"href":"https:\/\/magicgamesbolivia.com\/index.php\/wp-json\/wp\/v2\/product\/4186","targetHints":{"allow":["GET"]}}],"collection":[{"href":"https:\/\/magicgamesbolivia.com\/index.php\/wp-json\/wp\/v2\/product"}],"about":[{"href":"https:\/\/magicgamesbolivia.com\/index.php\/wp-json\/wp\/v2\/types\/product"}],"replies":[{"embeddable":true,"href":"https:\/\/magicgamesbolivia.com\/index.php\/wp-json\/wp\/v2\/comments?post=4186"}],"version-history":[{"count":1,"href":"https:\/\/magicgamesbolivia.com\/index.php\/wp-json\/wp\/v2\/product\/4186\/revisions"}],"predecessor-version":[{"id":4190,"href":"https:\/\/magicgamesbolivia.com\/index.php\/wp-json\/wp\/v2\/product\/4186\/revisions\/4190"}],"wp:featuredmedia":[{"embeddable":true,"href":"https:\/\/magicgamesbolivia.com\/index.php\/wp-json\/wp\/v2\/media\/4187"}],"wp:attachment":[{"href":"https:\/\/magicgamesbolivia.com\/index.php\/wp-json\/wp\/v2\/media?parent=4186"}],"wp:term":[{"taxonomy":"product_brand","embeddable":true,"href":"https:\/\/magicgamesbolivia.com\/index.php\/wp-json\/wp\/v2\/product_brand?post=4186"},{"taxonomy":"product_cat","embeddable":true,"href":"https:\/\/magicgamesbolivia.com\/index.php\/wp-json\/wp\/v2\/product_cat?post=4186"},{"taxonomy":"product_tag","embeddable":true,"href":"https:\/\/magicgamesbolivia.com\/index.php\/wp-json\/wp\/v2\/product_tag?post=4186"}],"curies":[{"name":"wp","href":"https:\/\/api.w.org\/{rel}","templated":true}]}}