{"id":4169,"date":"2023-05-20T21:15:26","date_gmt":"2023-05-20T21:15:26","guid":{"rendered":"http:\/\/magicgamesbolivia.com\/?post_type=product&#038;p=4169"},"modified":"2026-01-19T16:40:43","modified_gmt":"2026-01-19T16:40:43","slug":"exit-la-isla-olvidada","status":"publish","type":"product","link":"https:\/\/magicgamesbolivia.com\/index.php\/product\/exit-la-isla-olvidada\/","title":{"rendered":"EXIT: LA ISLA OLVIDADA"},"content":{"rendered":"<p>\u00a1Vive la experiencia de una \u00absala de escape\u00bb en la comodidad de tu hogar con el juego de mesa Exit 5: La isla olvidada! Parece que solo hay una forma de escapar de La Isla Olvidada y es a trav\u00e9s de un bote encadenado. Sin embargo, liberarlo no ser\u00e1 tan sencillo, ya que tendr\u00e1s que resolver numerosos misterios para lograrlo. Esta nueva aventura de Inka y Markus Brand tiene un nivel de dificultad intermedio. \u00bfSer\u00e1s capaz de escapar de La Isla Olvidada a tiempo?<\/p>\n<p>Los juegos de escape se han convertido en un aut\u00e9ntico fen\u00f3meno en nuestro pa\u00eds. Consisten en formar un equipo y resolver una serie de enigmas para poder escapar de una sala antes de que se acabe el tiempo. Ahora, gracias a la versi\u00f3n en juego de mesa, podemos vivir esta experiencia desde nuestras propias casas.<\/p>\n<p>La mec\u00e1nica de los juegos de mesa Exit es simple: tenemos un manual de reglas, un decodificador y un mazo de cartas. Podremos tomar una serie de cartas que nos presentar\u00e1n diferentes acertijos para resolver. Si creemos tener la respuesta correcta, la introduciremos en el decodificador. Nos dirigir\u00e1 a una carta del mazo y, si muestra una X, la respuesta es incorrecta, pero si es correcta&#8230; \u00a1podremos avanzar y enfrentar los siguientes enigmas! Tambi\u00e9n habr\u00e1 cartas de pistas que podr\u00e1n ayudarnos si nos quedamos atascados en alg\u00fan punto del juego.<\/p>\n<p>Exit 5: La isla olvidada es un juego de mesa emocionante, trepidante y fren\u00e9tico. El ingenio, la rapidez mental, la observaci\u00f3n, la comunicaci\u00f3n y el trabajo en equipo son vitales si t\u00fa y tus compa\u00f1eros quieren escapar de la isla antes de que se acabe el tiempo. \u00a1Apres\u00farense y est\u00e9n atentos, cualquier pista puede ser crucial!<\/p>\n<p>\u00bfSer\u00e1n capaces de resolver los rompecabezas y escapar antes de que se acabe el tiempo?<\/p>\n","protected":false},"excerpt":{"rendered":"<p>\u00a1Sum\u00e9rgete en la experiencia de una sala de escape desde la comodidad de tu hogar con el emocionante juego de mesa Exit 5: La isla olvidada! En esta incre\u00edble aventura, te enfrentar\u00e1s al desaf\u00edo de encontrar una \u00fanica v\u00eda de escape: un bote encadenado. Pero ten cuidado, liberarlo no ser\u00e1 una tarea sencilla, ya que te esperan numerosos misterios por resolver. \u00bfTendr\u00e1s la astucia y habilidad necesarias para escapar de La Isla Olvidada antes de que sea demasiado tarde?<\/p>\n<section class=\"tm-tabcontent\">\n<div class=\"center_bottom\">\n<div class=\"tab-content\">\n<table class=\"table-data-sheet\">\n<tbody>\n<tr class=\"odd\">\n<td>N\u00famero de jugadores:<\/td>\n<td>De 1 a 4 jugadores<\/td>\n<\/tr>\n<tr class=\"even\">\n<td>Duraci\u00f3n aproximada del juego:<\/td>\n<td>90 minutos<\/td>\n<\/tr>\n<tr class=\"odd\">\n<td>Edad m\u00ednima recomendada:<\/td>\n<td>12 a\u00f1os<\/td>\n<\/tr>\n<tr class=\"even\">\n<td>Tipo:<\/td>\n<td>Juego de tablero<\/td>\n<\/tr>\n<tr class=\"odd\">\n<td>G\u00e9nero:<\/td>\n<td>Misterio<\/td>\n<\/tr>\n<tr class=\"even\">\n<td>Idioma:<\/td>\n<td>Espa\u00f1ol<\/td>\n<\/tr>\n<tr class=\"odd\">\n<td>Marca:<\/td>\n<td>Devir<\/td>\n<\/tr>\n<\/tbody>\n<\/table>\n<\/div>\n<\/div>\n<\/section>\n<div class=\"center_bottom\">\n<div class=\"center_top1\"><\/div>\n<\/div>\n","protected":false},"featured_media":4170,"comment_status":"open","ping_status":"closed","template":"","meta":{"_themeisle_gutenberg_block_has_review":false},"product_brand":[],"product_cat":[123,29],"product_tag":[31,401,399,661],"class_list":{"0":"post-4169","1":"product","2":"type-product","3":"status-publish","4":"has-post-thumbnail","6":"product_cat-otros-juegos","7":"product_cat-juegos-de-mesa","8":"product_tag-devir","9":"product_tag-escaperoom","10":"product_tag-exit","11":"product_tag-misterio","13":"first","14":"instock","15":"shipping-taxable","16":"purchasable","17":"product-type-simple"},"_links":{"self":[{"href":"https:\/\/magicgamesbolivia.com\/index.php\/wp-json\/wp\/v2\/product\/4169","targetHints":{"allow":["GET"]}}],"collection":[{"href":"https:\/\/magicgamesbolivia.com\/index.php\/wp-json\/wp\/v2\/product"}],"about":[{"href":"https:\/\/magicgamesbolivia.com\/index.php\/wp-json\/wp\/v2\/types\/product"}],"replies":[{"embeddable":true,"href":"https:\/\/magicgamesbolivia.com\/index.php\/wp-json\/wp\/v2\/comments?post=4169"}],"version-history":[{"count":1,"href":"https:\/\/magicgamesbolivia.com\/index.php\/wp-json\/wp\/v2\/product\/4169\/revisions"}],"predecessor-version":[{"id":4171,"href":"https:\/\/magicgamesbolivia.com\/index.php\/wp-json\/wp\/v2\/product\/4169\/revisions\/4171"}],"wp:featuredmedia":[{"embeddable":true,"href":"https:\/\/magicgamesbolivia.com\/index.php\/wp-json\/wp\/v2\/media\/4170"}],"wp:attachment":[{"href":"https:\/\/magicgamesbolivia.com\/index.php\/wp-json\/wp\/v2\/media?parent=4169"}],"wp:term":[{"taxonomy":"product_brand","embeddable":true,"href":"https:\/\/magicgamesbolivia.com\/index.php\/wp-json\/wp\/v2\/product_brand?post=4169"},{"taxonomy":"product_cat","embeddable":true,"href":"https:\/\/magicgamesbolivia.com\/index.php\/wp-json\/wp\/v2\/product_cat?post=4169"},{"taxonomy":"product_tag","embeddable":true,"href":"https:\/\/magicgamesbolivia.com\/index.php\/wp-json\/wp\/v2\/product_tag?post=4169"}],"curies":[{"name":"wp","href":"https:\/\/api.w.org\/{rel}","templated":true}]}}