{"id":4161,"date":"2023-05-17T03:12:08","date_gmt":"2023-05-17T03:12:08","guid":{"rendered":"http:\/\/magicgamesbolivia.com\/?post_type=product&#038;p=4161"},"modified":"2025-06-23T23:09:53","modified_gmt":"2025-06-23T23:09:53","slug":"la-torre-encantada-version-lata","status":"publish","type":"product","link":"https:\/\/magicgamesbolivia.com\/index.php\/product\/la-torre-encantada-version-lata\/","title":{"rendered":"LA TORRE ENCANTADA: VERSION LATA"},"content":{"rendered":"<p>\u00a1Llega la nueva versi\u00f3n de \u00abLa Torre Encantada\u00bb! Este galardonado juego infantil del a\u00f1o 2013 (Kinderspiel des Jahres) regresa en una versi\u00f3n m\u00e1s compacta con una pr\u00e1ctica caja de lata, perfecta para llevar a cualquier lugar. Los m\u00e1s peque\u00f1os de la casa podr\u00e1n disfrutar nuevamente mientras se embarcan en la emocionante misi\u00f3n de encontrar la llave y liberar a la princesa de las garras del malvado hechicero.<\/p>\n<p>\u00a1Socorro! La joven princesa est\u00e1 prisionera en lo alto de la torre y ha vuelto a ser capturada por el malvado hechicero, quien ha escondido la llave en el bosque. \u00a1R\u00e1pido! \u00a1Apresur\u00e9monos! Busquemos incansablemente. Pero \u00a1tened cuidado!, el mago no est\u00e1 muy lejos y \u00e9l sabe d\u00f3nde est\u00e1 la llave. Si logr\u00e1is encontrarla, podr\u00e9is intentar liberar a la princesa.<\/p>\n<p>Pero espera, \u00bfqu\u00e9 es esto? \u00a1La torre est\u00e1 embrujada! Solo una de las cerraduras har\u00e1 que la princesa salte de alegr\u00eda al quedar finalmente libre.<\/p>\n<p>En \u00abLa Torre Encantada\u00bb, un jugador asume el papel del hechicero y esconde una llave debajo de uno de los 16 espacios del tablero. Los dem\u00e1s jugadores, en conjunto, interpretan a Robin y tratan de encontrar la llave antes de que el hechicero regrese. Para complicar a\u00fan m\u00e1s las cosas, hay seis cerraduras en las que se puede insertar la llave, \u00a1y solo una de ellas liberar\u00e1 a la princesa! As\u00ed que no ser\u00e1 nada f\u00e1cil adelantarse al hechicero&#8230;<\/p>\n<p>\u00abLa Torre Encantada\u00bb es un juego dise\u00f1ado para ni\u00f1os a partir de 5 a\u00f1os de edad, creado por Drei Magier Spiele, el autor de otros exitosos juegos infantiles como \u00abLa Noche de los Magos\u00bb, \u00abEl Laberinto M\u00e1gico\u00bb, \u00abLa Cuadrilla de los Cerditos\u00bb y \u00abLa Escalera Encantada\u00bb.<\/p>\n","protected":false},"excerpt":{"rendered":"<p>En \u00abLa Torre Encantada\u00bb, nos encontramos con la dif\u00edcil situaci\u00f3n de que la princesa ha sido nuevamente capturada por un malvado hechicero. Uno de los jugadores asume el papel del hechicero, quien esconde una llave en uno de los 16 espacios del tablero. Mientras tanto, los dem\u00e1s jugadores trabajan en equipo como Robin para encontrar la llave antes de que el hechicero regrese. Sin embargo, hay que tener mucho cuidado, ya que la torre est\u00e1 embrujada y liberar a la princesa no ser\u00e1 una tarea f\u00e1cil&#8230;<\/p>\n<table class=\"table-data-sheet\">\n<tbody>\n<tr class=\"odd\">\n<td>N\u00famero de jugadores:<\/td>\n<td>De 2 a 4 jugadores<\/td>\n<\/tr>\n<tr class=\"even\">\n<td>Duraci\u00f3n aproximada del juego:<\/td>\n<td>20 minutos<\/td>\n<\/tr>\n<tr class=\"odd\">\n<td>Edad m\u00ednima recomendada:<\/td>\n<td>5 a\u00f1os<\/td>\n<\/tr>\n<tr class=\"even\">\n<td>Tipo:<\/td>\n<td>Juego para ni\u00f1os<\/td>\n<\/tr>\n<tr class=\"odd\">\n<td>G\u00e9nero:<\/td>\n<td>Fantas\u00eda<\/td>\n<\/tr>\n<tr class=\"even\">\n<td>Idioma:<\/td>\n<td>Espa\u00f1ol<\/td>\n<\/tr>\n<tr class=\"odd\">\n<td>Marca:<\/td>\n<td>Devir<\/td>\n<\/tr>\n<\/tbody>\n<\/table>\n","protected":false},"featured_media":4162,"comment_status":"open","ping_status":"closed","template":"","meta":{"_themeisle_gutenberg_block_has_review":false},"product_brand":[],"product_cat":[29,30],"product_tag":[31,278,155,751],"class_list":{"0":"post-4161","1":"product","2":"type-product","3":"status-publish","4":"has-post-thumbnail","6":"product_cat-juegos-de-mesa","7":"product_cat-devir","8":"product_tag-devir","9":"product_tag-infantil","10":"product_tag-juegosdemesa","11":"product_tag-ninos","13":"first","14":"outofstock","15":"shipping-taxable","16":"purchasable","17":"product-type-simple"},"_links":{"self":[{"href":"https:\/\/magicgamesbolivia.com\/index.php\/wp-json\/wp\/v2\/product\/4161","targetHints":{"allow":["GET"]}}],"collection":[{"href":"https:\/\/magicgamesbolivia.com\/index.php\/wp-json\/wp\/v2\/product"}],"about":[{"href":"https:\/\/magicgamesbolivia.com\/index.php\/wp-json\/wp\/v2\/types\/product"}],"replies":[{"embeddable":true,"href":"https:\/\/magicgamesbolivia.com\/index.php\/wp-json\/wp\/v2\/comments?post=4161"}],"version-history":[{"count":1,"href":"https:\/\/magicgamesbolivia.com\/index.php\/wp-json\/wp\/v2\/product\/4161\/revisions"}],"predecessor-version":[{"id":4163,"href":"https:\/\/magicgamesbolivia.com\/index.php\/wp-json\/wp\/v2\/product\/4161\/revisions\/4163"}],"wp:featuredmedia":[{"embeddable":true,"href":"https:\/\/magicgamesbolivia.com\/index.php\/wp-json\/wp\/v2\/media\/4162"}],"wp:attachment":[{"href":"https:\/\/magicgamesbolivia.com\/index.php\/wp-json\/wp\/v2\/media?parent=4161"}],"wp:term":[{"taxonomy":"product_brand","embeddable":true,"href":"https:\/\/magicgamesbolivia.com\/index.php\/wp-json\/wp\/v2\/product_brand?post=4161"},{"taxonomy":"product_cat","embeddable":true,"href":"https:\/\/magicgamesbolivia.com\/index.php\/wp-json\/wp\/v2\/product_cat?post=4161"},{"taxonomy":"product_tag","embeddable":true,"href":"https:\/\/magicgamesbolivia.com\/index.php\/wp-json\/wp\/v2\/product_tag?post=4161"}],"curies":[{"name":"wp","href":"https:\/\/api.w.org\/{rel}","templated":true}]}}