{"id":4073,"date":"2023-04-19T01:39:27","date_gmt":"2023-04-19T01:39:27","guid":{"rendered":"http:\/\/magicgamesbolivia.com\/?post_type=product&#038;p=4073"},"modified":"2023-12-24T02:15:03","modified_gmt":"2023-12-24T02:15:03","slug":"rising-sun","status":"publish","type":"product","link":"https:\/\/magicgamesbolivia.com\/index.php\/product\/rising-sun\/","title":{"rendered":"RISING SUN"},"content":{"rendered":"<p>Rising Sun es un emocionante juego de mesa de estrategia, dise\u00f1ado por Eric M. Lang, que te transporta al Jap\u00f3n feudal. Tendr\u00e1s el honor de liderar uno de los grandes clanes, que han reunido poderosos kami para devolver al pa\u00eds sus tradiciones espirituales y reformarlo.<\/p>\n<p>En este juego, cada clan tiene habilidades \u00fanicas para expandir su territorio, construir fortalezas, recolectar recursos y luchar contra otros clanes. La estrategia es fundamental, y a medida que pasan las estaciones, podr\u00e1s mejorar tu clan y obtener poderosos aliados, como monstruos legendarios y dioses.<\/p>\n<p>La diplomacia es una herramienta clave, ya que puedes forjar alianzas y negociar con otros clanes para alcanzar la victoria. Pero ten cuidado, la traici\u00f3n puede ser tu perdici\u00f3n en este mundo donde el honor es m\u00e1s valioso que el oro.<\/p>\n<p>Convi\u00e9rtete en el gobernante de la tierra del Sol Naciente, elige sabiamente tus acciones y aliados. \u00bfEst\u00e1s listo para liderar a tu clan hacia la gloria en Rising Sun?<\/p>\n","protected":false},"excerpt":{"rendered":"<p>Sum\u00e9rgete en el mundo \u00e9pico de Rising Sun, el emocionante juego de mesa dise\u00f1ado por Eric M. Lang. Toma el mando de un gran clan y lidera tus fuerzas militares en la lucha contra otros clanes. Adem\u00e1s, construye fortalezas estrat\u00e9gicas para asegurar tu posici\u00f3n y dominar el campo de batalla. \u00a1Convi\u00e9rtete en un l\u00edder indiscutible y lleva a tu clan hacia la victoria en Rising Sun!<\/p>\n<table class=\"table-data-sheet\">\n<tbody>\n<tr class=\"odd\">\n<td>N\u00famero de jugadores:<\/td>\n<td>De 3 a 5 jugadores<\/td>\n<\/tr>\n<tr class=\"even\">\n<td>Duraci\u00f3n aproximada del juego:<\/td>\n<td>90 minutos<\/td>\n<\/tr>\n<tr class=\"odd\">\n<td>Edad m\u00ednima recomendada:<\/td>\n<td>13 a\u00f1os<\/td>\n<\/tr>\n<tr class=\"even\">\n<td>Tipo:<\/td>\n<td>Juego de tablero<\/td>\n<\/tr>\n<tr class=\"odd\">\n<td>G\u00e9nero:<\/td>\n<td>Estrategia<\/td>\n<\/tr>\n<tr class=\"even\">\n<td>Idioma:<\/td>\n<td>Espa\u00f1ol<\/td>\n<\/tr>\n<tr class=\"odd\">\n<td>Marca:<\/td>\n<td>Edge Entertainment<\/td>\n<\/tr>\n<\/tbody>\n<\/table>\n","protected":false},"featured_media":4074,"comment_status":"open","ping_status":"closed","template":"","meta":{"_themeisle_gutenberg_block_has_review":false},"product_brand":[],"product_cat":[29,104],"product_tag":[740,155,358,739],"class_list":{"0":"post-4073","1":"product","2":"type-product","3":"status-publish","4":"has-post-thumbnail","6":"product_cat-juegos-de-mesa","7":"product_cat-edge","8":"product_tag-japon","9":"product_tag-juegosdemesa","10":"product_tag-miniaturas","11":"product_tag-risingsun","13":"first","14":"outofstock","15":"shipping-taxable","16":"purchasable","17":"product-type-simple"},"_links":{"self":[{"href":"https:\/\/magicgamesbolivia.com\/index.php\/wp-json\/wp\/v2\/product\/4073","targetHints":{"allow":["GET"]}}],"collection":[{"href":"https:\/\/magicgamesbolivia.com\/index.php\/wp-json\/wp\/v2\/product"}],"about":[{"href":"https:\/\/magicgamesbolivia.com\/index.php\/wp-json\/wp\/v2\/types\/product"}],"replies":[{"embeddable":true,"href":"https:\/\/magicgamesbolivia.com\/index.php\/wp-json\/wp\/v2\/comments?post=4073"}],"version-history":[{"count":1,"href":"https:\/\/magicgamesbolivia.com\/index.php\/wp-json\/wp\/v2\/product\/4073\/revisions"}],"predecessor-version":[{"id":4083,"href":"https:\/\/magicgamesbolivia.com\/index.php\/wp-json\/wp\/v2\/product\/4073\/revisions\/4083"}],"wp:featuredmedia":[{"embeddable":true,"href":"https:\/\/magicgamesbolivia.com\/index.php\/wp-json\/wp\/v2\/media\/4074"}],"wp:attachment":[{"href":"https:\/\/magicgamesbolivia.com\/index.php\/wp-json\/wp\/v2\/media?parent=4073"}],"wp:term":[{"taxonomy":"product_brand","embeddable":true,"href":"https:\/\/magicgamesbolivia.com\/index.php\/wp-json\/wp\/v2\/product_brand?post=4073"},{"taxonomy":"product_cat","embeddable":true,"href":"https:\/\/magicgamesbolivia.com\/index.php\/wp-json\/wp\/v2\/product_cat?post=4073"},{"taxonomy":"product_tag","embeddable":true,"href":"https:\/\/magicgamesbolivia.com\/index.php\/wp-json\/wp\/v2\/product_tag?post=4073"}],"curies":[{"name":"wp","href":"https:\/\/api.w.org\/{rel}","templated":true}]}}