{"id":4058,"date":"2023-04-19T01:17:12","date_gmt":"2023-04-19T01:17:12","guid":{"rendered":"http:\/\/magicgamesbolivia.com\/?post_type=product&#038;p=4058"},"modified":"2024-11-27T20:42:42","modified_gmt":"2024-11-27T20:42:42","slug":"marvel-champions-el-juego-de-cartas","status":"publish","type":"product","link":"https:\/\/magicgamesbolivia.com\/index.php\/product\/marvel-champions-el-juego-de-cartas\/","title":{"rendered":"MARVEL CHAMPIONS: EL JUEGO DE CARTAS"},"content":{"rendered":"<p>\u00a1\u00danete a la lucha contra el mal en Marvel Champions: El juego de cartas, el juego de cartas cooperativo donde puedes encarnar a los superh\u00e9roes m\u00e1s emblem\u00e1ticos de Marvel! Con la caja b\u00e1sica, hasta cuatro jugadores pueden combinar sus habilidades para frustrar los perversos planes de tres villanos diferentes. Usa tus extraordinarios poderes para combatir el mal y experimenta el universo Marvel como nunca antes.<\/p>\n<p>Adem\u00e1s, al ser un Living Card Game, se lanzar\u00e1n nuevos personajes, desaf\u00edos y aventuras con regularidad, \u00a1as\u00ed que la diversi\u00f3n nunca se detiene!<\/p>\n<p>En Marvel Champions: el Juego de Cartas puedes comenzar tu viaje en el universo Marvel como Iron Man, Capitana Marvel, Spiderman, Pantera Negra o Hulka. Combina tus poderes con los de otros h\u00e9roes para derrotar al enfurecido Rino, al astuto Klaw o al aterrador Ultr\u00f3n. Cada villano tiene su propio mazo de encuentros lleno de esbirros y t\u00e1cticas listos para hostigar a los h\u00e9roes antes de que puedan salvar el mundo. \u00bfEst\u00e1s preparado para enfrentar el ataque de Rino cuando se asocie con el temido Conmocionador como nuevo aliado? \u00bfSer\u00e1s capaz de frustrar a Klaw cuando desate un devastador Estallido s\u00f3nico? \u00bfPodr\u00e1s derrotar a un ej\u00e9rcito de drones de Ultr\u00f3n? Estos desaf\u00edos y muchos m\u00e1s te esperan en cada escenario. \u00bfTienes lo que se necesita para convertirte en el h\u00e9roe que el mundo necesita y superar obst\u00e1culos imposibles? \u00a1\u00danete a la lucha y desc\u00fabrelo!<\/p>\n","protected":false},"excerpt":{"rendered":"<p>\u00a1Bienvenido al emocionante mundo de Marvel Champions: El juego de cartas! Prep\u00e1rate para encarnar a los superh\u00e9roes m\u00e1s ic\u00f3nicos de Marvel en este juego de cartas cooperativo. Con la caja b\u00e1sica, podr\u00e1s formar equipo con hasta tres amigos para frustrar los planes malvados de tres Villanos diferentes. \u00bfEst\u00e1s listo para salvar el mundo? \u00a1\u00danete a la lucha hoy mismo!<\/p>\n<table class=\"table-data-sheet\">\n<tbody>\n<tr class=\"odd\">\n<td>N\u00famero de jugadores:<\/td>\n<td>De 1 a 4 jugadores<\/td>\n<\/tr>\n<tr class=\"even\">\n<td>Duraci\u00f3n aproximada del juego:<\/td>\n<td>60 minutos<\/td>\n<\/tr>\n<tr class=\"odd\">\n<td>Edad m\u00ednima recomendada:<\/td>\n<td>12 a\u00f1os<\/td>\n<\/tr>\n<tr class=\"even\">\n<td>Tipo:<\/td>\n<td>Juego de cartas<\/td>\n<\/tr>\n<tr class=\"odd\">\n<td>G\u00e9nero:<\/td>\n<td>Cooperativo<\/td>\n<\/tr>\n<tr class=\"even\">\n<td>Idioma:<\/td>\n<td>Espa\u00f1ol<\/td>\n<\/tr>\n<tr class=\"odd\">\n<td>Marca:<\/td>\n<td>Fantasy Flight Games<\/td>\n<\/tr>\n<\/tbody>\n<\/table>\n","protected":false},"featured_media":4059,"comment_status":"open","ping_status":"closed","template":"","meta":{"_themeisle_gutenberg_block_has_review":false},"product_brand":[],"product_cat":[29,123],"product_tag":[219,734,696],"class_list":{"0":"post-4058","1":"product","2":"type-product","3":"status-publish","4":"has-post-thumbnail","6":"product_cat-juegos-de-mesa","7":"product_cat-otros-juegos","8":"product_tag-juegodecartas","9":"product_tag-marvelchampion","10":"product_tag-marvelchampions","12":"first","13":"instock","14":"shipping-taxable","15":"purchasable","16":"product-type-simple"},"_links":{"self":[{"href":"https:\/\/magicgamesbolivia.com\/index.php\/wp-json\/wp\/v2\/product\/4058","targetHints":{"allow":["GET"]}}],"collection":[{"href":"https:\/\/magicgamesbolivia.com\/index.php\/wp-json\/wp\/v2\/product"}],"about":[{"href":"https:\/\/magicgamesbolivia.com\/index.php\/wp-json\/wp\/v2\/types\/product"}],"replies":[{"embeddable":true,"href":"https:\/\/magicgamesbolivia.com\/index.php\/wp-json\/wp\/v2\/comments?post=4058"}],"version-history":[{"count":1,"href":"https:\/\/magicgamesbolivia.com\/index.php\/wp-json\/wp\/v2\/product\/4058\/revisions"}],"predecessor-version":[{"id":4064,"href":"https:\/\/magicgamesbolivia.com\/index.php\/wp-json\/wp\/v2\/product\/4058\/revisions\/4064"}],"wp:featuredmedia":[{"embeddable":true,"href":"https:\/\/magicgamesbolivia.com\/index.php\/wp-json\/wp\/v2\/media\/4059"}],"wp:attachment":[{"href":"https:\/\/magicgamesbolivia.com\/index.php\/wp-json\/wp\/v2\/media?parent=4058"}],"wp:term":[{"taxonomy":"product_brand","embeddable":true,"href":"https:\/\/magicgamesbolivia.com\/index.php\/wp-json\/wp\/v2\/product_brand?post=4058"},{"taxonomy":"product_cat","embeddable":true,"href":"https:\/\/magicgamesbolivia.com\/index.php\/wp-json\/wp\/v2\/product_cat?post=4058"},{"taxonomy":"product_tag","embeddable":true,"href":"https:\/\/magicgamesbolivia.com\/index.php\/wp-json\/wp\/v2\/product_tag?post=4058"}],"curies":[{"name":"wp","href":"https:\/\/api.w.org\/{rel}","templated":true}]}}