{"id":4053,"date":"2023-04-12T22:12:02","date_gmt":"2023-04-12T22:12:02","guid":{"rendered":"http:\/\/magicgamesbolivia.com\/?post_type=product&#038;p=4053"},"modified":"2026-01-19T16:36:11","modified_gmt":"2026-01-19T16:36:11","slug":"exit-vuelo-hacia-lo-desconocido","status":"publish","type":"product","link":"https:\/\/magicgamesbolivia.com\/index.php\/product\/exit-vuelo-hacia-lo-desconocido\/","title":{"rendered":"EXIT: VUELO HACIA LO DESCONOCIDO"},"content":{"rendered":"<p>\u00a1Claro! Aqu\u00ed te dejo una versi\u00f3n m\u00e1s ampliada del texto:<\/p>\n<p>\u00bfQuieres vivir una experiencia \u00fanica en la comodidad de tu hogar? Con el juego de mesa \u00abExit: Vuelo Hacia lo Desconocido\u00bb, podr\u00e1s sentir la emoci\u00f3n de estar en una escape room sin salir de casa. En esta ocasi\u00f3n, te unir\u00e1s a la tripulaci\u00f3n de un avi\u00f3n de pasajeros que se encuentra en medio de una terrible tormenta el\u00e9ctrica. El agua entra en el avi\u00f3n y comienza a fallar. \u00bfSer\u00e1s capaz de repararlo, tomar el control y aterrizar con seguridad?<\/p>\n<p>Este juego de mesa es parte de la saga \u00abExit\u00bb, en la que los jugadores deben trabajar juntos para descubrir objetos, descifrar c\u00f3digos, resolver rompecabezas y avanzar hacia su objetivo. Los jugadores deben tener un poco de dedicaci\u00f3n, esp\u00edritu de equipo y creatividad para tener \u00e9xito. Adem\u00e1s, en ocasiones, tendr\u00e1n que seguir caminos inusuales: es posible que pistas se escondan en los distintos materiales del juego, teniendo que doblar, etiquetar o incluso cortar elementos del juego. Esto hace que \u00abExit\u00bb sea un estilo de juego que transmite una experiencia realmente emocionante, \u00fanica y sorprendente.<\/p>\n<p>La mec\u00e1nica de \u00abExit\u00bb es simple: el juego viene con un manual de reglas, un decodificador y un mazo de cartas. Los jugadores pueden coger una serie de cartas que les ofrecer\u00e1n diferentes puzzles que deben resolver. Si creen tener la respuesta correcta, la introducen en el decodificador. Si la respuesta es incorrecta, el decodificador mostrar\u00e1 una X, pero si es correcta, podr\u00e1n continuar con los siguientes enigmas y avanzar. Adem\u00e1s, habr\u00e1 unas cartas de pistas, que podr\u00e1n ayudarles si se atascan en alg\u00fan punto del juego.<\/p>\n<p>En resumen, \u00abExit: Vuelo Hacia lo Desconocido\u00bb es un juego de mesa emocionante, trepidante y fren\u00e9tico que pondr\u00e1 a prueba tus habilidades para resolver rompecabezas y trabajar en equipo. \u00bfSer\u00e1s capaz de reparar el avi\u00f3n, tomar el control y aterrizar con seguridad antes de que sea demasiado tarde? \u00a1Atr\u00e9vete a descubrirlo!<\/p>\n","protected":false},"excerpt":{"rendered":"<p>Exit: Vuelo Hacia lo Desconocido es un juego de mesa de \u00abescape room\u00bb en el que formas parte de la tripulaci\u00f3n de un avi\u00f3n de pasajeros que se encuentra en una terrible tormenta el\u00e9ctrica. El agua entra en el aparato y comienza a fallar. \u00bfPodr\u00e1s reparar el avi\u00f3n, tomar el control y aterrizar con seguridad? \u00a1Desc\u00fabrelo en este emocionante juego de mesa!<\/p>\n<table class=\"table-data-sheet\">\n<tbody>\n<tr class=\"odd\">\n<td>N\u00famero de jugadores:<\/td>\n<td>De 1 a 4 jugadores<\/td>\n<\/tr>\n<tr class=\"even\">\n<td>Duraci\u00f3n aproximada del juego:<\/td>\n<td>90 minutos<\/td>\n<\/tr>\n<tr class=\"odd\">\n<td>Edad m\u00ednima recomendada:<\/td>\n<td>12 a\u00f1os<\/td>\n<\/tr>\n<tr class=\"even\">\n<td>Tipo:<\/td>\n<td>Juego de tablero<\/td>\n<\/tr>\n<tr class=\"odd\">\n<td>G\u00e9nero:<\/td>\n<td>Ingenio<\/td>\n<\/tr>\n<tr class=\"even\">\n<td>Idioma:<\/td>\n<td>Espa\u00f1ol<\/td>\n<\/tr>\n<tr class=\"odd\">\n<td>Marca:<\/td>\n<td>Devir<\/td>\n<\/tr>\n<\/tbody>\n<\/table>\n","protected":false},"featured_media":4054,"comment_status":"open","ping_status":"closed","template":"","meta":{"_themeisle_gutenberg_block_has_review":false},"product_brand":[],"product_cat":[29,30],"product_tag":[31,401,399,218],"class_list":{"0":"post-4053","1":"product","2":"type-product","3":"status-publish","4":"has-post-thumbnail","6":"product_cat-juegos-de-mesa","7":"product_cat-devir","8":"product_tag-devir","9":"product_tag-escaperoom","10":"product_tag-exit","11":"product_tag-juegodemesa","13":"first","14":"instock","15":"shipping-taxable","16":"purchasable","17":"product-type-simple"},"_links":{"self":[{"href":"https:\/\/magicgamesbolivia.com\/index.php\/wp-json\/wp\/v2\/product\/4053","targetHints":{"allow":["GET"]}}],"collection":[{"href":"https:\/\/magicgamesbolivia.com\/index.php\/wp-json\/wp\/v2\/product"}],"about":[{"href":"https:\/\/magicgamesbolivia.com\/index.php\/wp-json\/wp\/v2\/types\/product"}],"replies":[{"embeddable":true,"href":"https:\/\/magicgamesbolivia.com\/index.php\/wp-json\/wp\/v2\/comments?post=4053"}],"version-history":[{"count":1,"href":"https:\/\/magicgamesbolivia.com\/index.php\/wp-json\/wp\/v2\/product\/4053\/revisions"}],"predecessor-version":[{"id":4055,"href":"https:\/\/magicgamesbolivia.com\/index.php\/wp-json\/wp\/v2\/product\/4053\/revisions\/4055"}],"wp:featuredmedia":[{"embeddable":true,"href":"https:\/\/magicgamesbolivia.com\/index.php\/wp-json\/wp\/v2\/media\/4054"}],"wp:attachment":[{"href":"https:\/\/magicgamesbolivia.com\/index.php\/wp-json\/wp\/v2\/media?parent=4053"}],"wp:term":[{"taxonomy":"product_brand","embeddable":true,"href":"https:\/\/magicgamesbolivia.com\/index.php\/wp-json\/wp\/v2\/product_brand?post=4053"},{"taxonomy":"product_cat","embeddable":true,"href":"https:\/\/magicgamesbolivia.com\/index.php\/wp-json\/wp\/v2\/product_cat?post=4053"},{"taxonomy":"product_tag","embeddable":true,"href":"https:\/\/magicgamesbolivia.com\/index.php\/wp-json\/wp\/v2\/product_tag?post=4053"}],"curies":[{"name":"wp","href":"https:\/\/api.w.org\/{rel}","templated":true}]}}