{"id":4038,"date":"2023-04-12T20:29:31","date_gmt":"2023-04-12T20:29:31","guid":{"rendered":"http:\/\/magicgamesbolivia.com\/?post_type=product&#038;p=4038"},"modified":"2024-07-14T00:38:45","modified_gmt":"2024-07-14T00:38:45","slug":"pandemic-legacy-season-2-amarillo","status":"publish","type":"product","link":"https:\/\/magicgamesbolivia.com\/index.php\/product\/pandemic-legacy-season-2-amarillo\/","title":{"rendered":"PANDEMIC LEGACY SEASON 2 AMARILLO"},"content":{"rendered":"<p>Pandemic Legacy Season 2 Amarillo es la emocionante continuaci\u00f3n de la serie Pandemic Legacy. Ambientado 71 a\u00f1os despu\u00e9s de la devastadora pandemia de la primera temporada, este juego de mesa te sumerge en un mundo post-apocal\u00edptico en el que la plaga ha arrasado con la mayor\u00eda de la humanidad.<\/p>\n<p>La mayor\u00eda de las personas murieron en cuesti\u00f3n de d\u00edas, y aunque el mundo hizo todo lo posible para detener la propagaci\u00f3n de la plaga, no fue suficiente. Ahora, despu\u00e9s de tres generaciones, los pocos supervivientes restantes viven en estaciones flotantes llamadas \u00abcielos\u00bb y luchan por conseguir los suministros necesarios para sobrevivir.<\/p>\n<p>Para lograrlo, gestionamos una red de grandes ciudades que alguna vez fueron importantes. Pero con el paso del tiempo, estas ciudades han ca\u00eddo en manos de la plaga y se han convertido en zonas peligrosas. Ma\u00f1ana, un peque\u00f1o grupo de nosotros se aventurar\u00e1 a explorar el mundo en busca de recursos, aunque no sabemos con certeza qu\u00e9 encontraremos.<\/p>\n<p>En Pandemic Legacy Season 2 Amarillo, los jugadores trabajan juntos en un juego cooperativo en el que el juego mismo trabaja en contra de ellos. Adem\u00e1s, cada decisi\u00f3n que tomemos tendr\u00e1 un impacto en las partidas futuras. Nunca se repetir\u00e1 el mismo mundo y las decisiones que tomemos ser\u00e1n cruciales para asegurar nuestra supervivencia. \u00bfEst\u00e1s listo para luchar por tu supervivencia en este mundo post-apocal\u00edptico? \u00a1Juega ahora y descubre si tienes lo necesario para sobrevivir a la pandemia!<\/p>\n","protected":false},"excerpt":{"rendered":"<p>Bienvenido a Pandemic Legacy Season 2 Amarillo, el emocionante juego de mesa que te sumerge en un mundo post-apocal\u00edptico 71 a\u00f1os despu\u00e9s del desastre de la primera temporada de la saga. En este juego, te enfrentar\u00e1s a una plaga imparable y tendr\u00e1s que luchar por sobrevivir, obteniendo los suministros necesarios para mantenerte con vida. Tendr\u00e1s que ser astuto y estrat\u00e9gico para superar los obst\u00e1culos que se presenten y evitar que la plaga se propague a\u00fan m\u00e1s.En Pandemic Legacy Season 2 Amarillo, los jugadores asumen el papel de los \u00faltimos supervivientes de la sociedad y trabajar\u00e1n juntos para mantener a raya la plaga. \u00bfSer\u00e1s capaz de liderar tu equipo y tomar decisiones sabias para asegurar la supervivencia de todos? \u00a1S\u00f3lo hay una manera de averiguarlo! \u00a1Juega ahora y descubre si tienes lo necesario para superar esta pandemia apocal\u00edptica<\/p>\n<table class=\"table-data-sheet\">\n<tbody>\n<tr class=\"odd\">\n<td>N\u00famero de jugadores:<\/td>\n<td>De 2 a 4 jugadores<\/td>\n<\/tr>\n<tr class=\"even\">\n<td>Duraci\u00f3n aproximada del juego:<\/td>\n<td>60 minutos<\/td>\n<\/tr>\n<tr class=\"odd\">\n<td>Edad m\u00ednima recomendada:<\/td>\n<td>14 a\u00f1os<\/td>\n<\/tr>\n<tr class=\"even\">\n<td>Tipo:<\/td>\n<td>Juego de tablero<\/td>\n<\/tr>\n<tr class=\"odd\">\n<td>G\u00e9nero:<\/td>\n<td>Cooperativo<\/td>\n<\/tr>\n<tr class=\"even\">\n<td>Idioma:<\/td>\n<td>Espa\u00f1ol<\/td>\n<\/tr>\n<tr class=\"odd\">\n<td>Marca:<\/td>\n<td>Devir<\/td>\n<\/tr>\n<\/tbody>\n<\/table>\n","protected":false},"featured_media":4039,"comment_status":"open","ping_status":"closed","template":"","meta":{"_themeisle_gutenberg_block_has_review":false},"product_brand":[],"product_cat":[29,30],"product_tag":[228,155,422,173,731],"class_list":{"0":"post-4038","1":"product","2":"type-product","3":"status-publish","4":"has-post-thumbnail","6":"product_cat-juegos-de-mesa","7":"product_cat-devir","8":"product_tag-coperativos","9":"product_tag-juegosdemesa","10":"product_tag-legacy","11":"product_tag-pandemic","12":"product_tag-season2","14":"first","15":"instock","16":"shipping-taxable","17":"purchasable","18":"product-type-simple"},"_links":{"self":[{"href":"https:\/\/magicgamesbolivia.com\/index.php\/wp-json\/wp\/v2\/product\/4038","targetHints":{"allow":["GET"]}}],"collection":[{"href":"https:\/\/magicgamesbolivia.com\/index.php\/wp-json\/wp\/v2\/product"}],"about":[{"href":"https:\/\/magicgamesbolivia.com\/index.php\/wp-json\/wp\/v2\/types\/product"}],"replies":[{"embeddable":true,"href":"https:\/\/magicgamesbolivia.com\/index.php\/wp-json\/wp\/v2\/comments?post=4038"}],"version-history":[{"count":1,"href":"https:\/\/magicgamesbolivia.com\/index.php\/wp-json\/wp\/v2\/product\/4038\/revisions"}],"predecessor-version":[{"id":4041,"href":"https:\/\/magicgamesbolivia.com\/index.php\/wp-json\/wp\/v2\/product\/4038\/revisions\/4041"}],"wp:featuredmedia":[{"embeddable":true,"href":"https:\/\/magicgamesbolivia.com\/index.php\/wp-json\/wp\/v2\/media\/4039"}],"wp:attachment":[{"href":"https:\/\/magicgamesbolivia.com\/index.php\/wp-json\/wp\/v2\/media?parent=4038"}],"wp:term":[{"taxonomy":"product_brand","embeddable":true,"href":"https:\/\/magicgamesbolivia.com\/index.php\/wp-json\/wp\/v2\/product_brand?post=4038"},{"taxonomy":"product_cat","embeddable":true,"href":"https:\/\/magicgamesbolivia.com\/index.php\/wp-json\/wp\/v2\/product_cat?post=4038"},{"taxonomy":"product_tag","embeddable":true,"href":"https:\/\/magicgamesbolivia.com\/index.php\/wp-json\/wp\/v2\/product_tag?post=4038"}],"curies":[{"name":"wp","href":"https:\/\/api.w.org\/{rel}","templated":true}]}}