{"id":4031,"date":"2023-04-09T01:39:02","date_gmt":"2023-04-09T01:39:02","guid":{"rendered":"http:\/\/magicgamesbolivia.com\/?post_type=product&#038;p=4031"},"modified":"2023-12-18T23:21:18","modified_gmt":"2023-12-18T23:21:18","slug":"descent-leyendas-de-las-tinieblas","status":"publish","type":"product","link":"https:\/\/magicgamesbolivia.com\/index.php\/product\/descent-leyendas-de-las-tinieblas\/","title":{"rendered":"DESCENT: LEYENDAS DE LAS TINIEBLAS"},"content":{"rendered":"<p>Descent: Leyendas de las Tinieblas es un juego de mesa que nos lleva a trav\u00e9s del reino de fantas\u00eda de Terrinoth, aventur\u00e1ndote en bosques oscuros, ciudades sombr\u00edas, criptas antiguas y pantanos nebulosos donde tu leyenda est\u00e1 a punto de comenzar. Con 40 impresionantes miniaturas y 46 piezas de terreno en 3D que te sumergir\u00e1n como nunca en el mundo de Terrinoth.<\/p>\n<p>Forja tu propia leyenda junto con tus amigos mientras te aventuras en el vibrante reino de fantas\u00eda de Terrinoth en Descent: Leyendas de las Tinieblas, el juego de mesa cooperativo definitivo de mazmorreo. Con la ayuda de su aplicaci\u00f3n gratuita totalmente integrada, Descent: Legends of the Dark te pone en el papel de un h\u00e9roe en ciernes con su propio estilo de juego y habilidades. Junto con tus compa\u00f1eros, comenzar\u00e1s una aventura inesperada, una aventura que se cuenta a trav\u00e9s de las diecis\u00e9is misiones de la campa\u00f1a Blood and Flame.<\/p>\n<p>La din\u00e1mica de juego en Descent: Leyendas de las tinieblas es \u00e1gil e intuitiva. Puedes realizar hasta 3 acciones en cada turno: una acci\u00f3n de Maniobra y 2 acciones adicionales de tu elecci\u00f3n! Las acciones de Maniobra te dan puntos de movimiento, como se muestra en la esquina superior derecha de las cartas de H\u00e9roe y, como siempre tienes una acci\u00f3n de Maniobra, siempre podr\u00e1s moverte para situarte en una posici\u00f3n m\u00e1s ventajosa para el ataque.<\/p>\n<p>Adem\u00e1s de las maniobras, puedes usar una acci\u00f3n de Combate para atacar a un enemigo, tirando tus dados y utilizando las capacidades y armas de tu h\u00e9roe para infligir el m\u00e1ximo da\u00f1o o causar estados da\u00f1inos a tus enemigos. Tambi\u00e9n puedes realizar una acci\u00f3n de Exploraci\u00f3n para interactuar con un elemento de terreno tridimensional o una ficha usando la aplicaci\u00f3n. Tambi\u00e9n puedes usar tu acci\u00f3n para realizar una de las acciones m\u00e1s importantes en Leyendas de las tinieblas: la acci\u00f3n de Preparaci\u00f3n.<\/p>\n<p>La acci\u00f3n de Preparaci\u00f3n te permite darle la vuelta a 1 carta o a su carta de H\u00e9roe, \u00a1y activar as\u00ed nuevas capacidades! Por ejemplo, Galaden puede usar su capacidad Paso Ligero, de tal manera que sufre fatiga para cambiar su posici\u00f3n y moverse r\u00e1pidamente por el campo de batalla. O si da la vuelta a su carta de H\u00e9roe, puede sufrir 3 de fatiga para exponer a un enemigo al que tenga en la l\u00ednea de visi\u00f3n, \u00a1haciendo que la aplicaci\u00f3n inflija un 20% m\u00e1s de da\u00f1o a ese enemigo durante los ataques!<\/p>\n<p>Tu carta de H\u00e9roe no es lo \u00fanico que puedes preparar, ya que todos los h\u00e9roes tambi\u00e9n tienen una carta de Ataque y cartas de Habilidad. Cada h\u00e9roe comienza la partida con dos cartas de Arma, que se meten juntas en una misma funda de carta para funcionar como una sola carta de Ataque (las fundas para crear las cartas de Ataque est\u00e1n incluidas).<\/p>\n","protected":false},"excerpt":{"rendered":"<p>Descent: Leyendas de las Tinieblas es un emocionante juego de mesa que te lleva en un incre\u00edble viaje a trav\u00e9s del reino de fantas\u00eda de Terrinoth, donde podr\u00e1s explorar bosques tenebrosos, ciudades sombr\u00edas, criptas antiguas y pantanos nebulosos. \u00a1Prep\u00e1rate para comenzar tu propia leyenda! Con un asombroso conjunto de 40 miniaturas y 46 piezas de terreno en 3D, te sentir\u00e1s inmerso en el mundo de Terrinoth como nunca antes. \u00a1No te pierdas la oportunidad de vivir esta aventura \u00e9pica!<\/p>\n<table class=\"table-data-sheet\">\n<tbody>\n<tr class=\"odd\">\n<td>N\u00famero de jugadores:<\/td>\n<td>De 1 a 4 jugadores<\/td>\n<\/tr>\n<tr class=\"even\">\n<td>Duraci\u00f3n aproximada del juego:<\/td>\n<td>150 minutos<\/td>\n<\/tr>\n<tr class=\"odd\">\n<td>Edad m\u00ednima recomendada:<\/td>\n<td>14 a\u00f1os<\/td>\n<\/tr>\n<tr class=\"even\">\n<td>Tipo:<\/td>\n<td>Juego de tablero<\/td>\n<\/tr>\n<tr class=\"odd\">\n<td>G\u00e9nero:<\/td>\n<td>Cooperativo<\/td>\n<\/tr>\n<tr class=\"even\">\n<td>Idioma:<\/td>\n<td>Espa\u00f1ol<\/td>\n<\/tr>\n<tr class=\"odd\">\n<td>Marca:<\/td>\n<td>Fantasy Flight Games<\/td>\n<\/tr>\n<\/tbody>\n<\/table>\n","protected":false},"featured_media":4032,"comment_status":"open","ping_status":"closed","template":"","meta":{"_themeisle_gutenberg_block_has_review":false},"product_brand":[],"product_cat":[123,29],"product_tag":[730,680,729,227],"class_list":{"0":"post-4031","1":"product","2":"type-product","3":"status-publish","4":"has-post-thumbnail","6":"product_cat-otros-juegos","7":"product_cat-juegos-de-mesa","8":"product_tag-aventura","9":"product_tag-descent","10":"product_tag-leyendasdelastinieblas","11":"product_tag-rol","13":"first","14":"outofstock","15":"shipping-taxable","16":"purchasable","17":"product-type-simple"},"_links":{"self":[{"href":"https:\/\/magicgamesbolivia.com\/index.php\/wp-json\/wp\/v2\/product\/4031","targetHints":{"allow":["GET"]}}],"collection":[{"href":"https:\/\/magicgamesbolivia.com\/index.php\/wp-json\/wp\/v2\/product"}],"about":[{"href":"https:\/\/magicgamesbolivia.com\/index.php\/wp-json\/wp\/v2\/types\/product"}],"replies":[{"embeddable":true,"href":"https:\/\/magicgamesbolivia.com\/index.php\/wp-json\/wp\/v2\/comments?post=4031"}],"version-history":[{"count":4,"href":"https:\/\/magicgamesbolivia.com\/index.php\/wp-json\/wp\/v2\/product\/4031\/revisions"}],"predecessor-version":[{"id":4112,"href":"https:\/\/magicgamesbolivia.com\/index.php\/wp-json\/wp\/v2\/product\/4031\/revisions\/4112"}],"wp:featuredmedia":[{"embeddable":true,"href":"https:\/\/magicgamesbolivia.com\/index.php\/wp-json\/wp\/v2\/media\/4032"}],"wp:attachment":[{"href":"https:\/\/magicgamesbolivia.com\/index.php\/wp-json\/wp\/v2\/media?parent=4031"}],"wp:term":[{"taxonomy":"product_brand","embeddable":true,"href":"https:\/\/magicgamesbolivia.com\/index.php\/wp-json\/wp\/v2\/product_brand?post=4031"},{"taxonomy":"product_cat","embeddable":true,"href":"https:\/\/magicgamesbolivia.com\/index.php\/wp-json\/wp\/v2\/product_cat?post=4031"},{"taxonomy":"product_tag","embeddable":true,"href":"https:\/\/magicgamesbolivia.com\/index.php\/wp-json\/wp\/v2\/product_tag?post=4031"}],"curies":[{"name":"wp","href":"https:\/\/api.w.org\/{rel}","templated":true}]}}